{"id":207149,"date":"2025-03-20T16:35:30","date_gmt":"2025-03-20T16:35:30","guid":{"rendered":"https:\/\/aromasentia.com\/product\/crystal-elemental-soap-air\/"},"modified":"2025-05-31T03:42:03","modified_gmt":"2025-05-31T03:42:03","slug":"krystall-elemental-sape-luft","status":"publish","type":"product","link":"https:\/\/aromasentia.com\/no\/krystall-elemental-sape-luft\/","title":{"rendered":"Krystall Elemental S\u00e5pe &#8211; Luft"},"content":{"rendered":"<p><span style=\"color: rgb(75, 80, 88);\"><strong>Den steinformede Crystal Elemental Soap &#8211; Air<\/strong>med sine elegante gr\u00e5toner og en lett forfriskende duft gleder b\u00e5de \u00f8ynene og sansene. Legg ut p\u00e5 en reise gjennom luftens element\u00e6re kraft.<\/span><\/p>\n<p><span style=\"color: rgb(75, 80, 88);\">Den sanne tiltrekningen ligger i den ekte edelstenen som er plassert i hver bar, og som forvandler ditt daglige ritual til en spennende skattejakt. Tenk deg spenningen ved \u00e5 oppdage en beroligende *ametyst* (ro, lykke, visdom, ro), rensende *hvit aventurin* (kj\u00e6rlighet, ro, indre styrke) eller forsterke *Clear Quartz* (spiritualitet, visdom, overflod) \u2013 hver edelsten er en liten del av jordens mysterier, noe som gj\u00f8r badetiden til et fascinerende eventyr.<\/span><\/p>\n<p><span style=\"color: rgb(75, 80, 88);\">Hver s\u00e5pestykke er fylt med livlige farger og glitrende bioglitter, designet for \u00e5 fengsle og fortrylle. Denne kolleksjonen kommer i en stilig eske som avsl\u00f8rer betydningen av fargen og edelstensoverraskelsene inni, og er en perfekt gave eller en luksuri\u00f8s godbit for kundene dine.<\/span><\/p>\n<p><span style=\"color: rgb(75, 80, 88);\">Ideell for gavebutikker, krystallentusiaster og milj\u00f8bevisste kunder som setter pris p\u00e5 skj\u00f8nnheten i h\u00e5ndlagde, naturinspirerte produkter.<\/span><\/p>\n<p><span style=\"color: rgb(75, 80, 88);\">Disse s\u00e5pene skjemmer ogs\u00e5 bort huden din med n\u00e6rende ingredienser som renser sk\u00e5nsomt samtidig som de bevarer din naturlige gl\u00f8d, slik at huden din f\u00f8les myk og forynget \u2013 like luksuri\u00f8s som selve s\u00e5pen.<\/span><\/p>\n<p><span style=\"color: rgb(75, 80, 88);\">Den skiller seg ut med sin oppl\u00f8ftende, luftige duftblanding.<\/span><\/p>\n<p><span style=\"color: rgb(75, 80, 88);\"><strong>Toppnoter: <\/strong>Kokos, Bringeb\u00e6r, P\u00e6re<\/span><\/p>\n<p><span style=\"color: rgb(75, 80, 88);\"><strong>Hjertenoter:<\/strong> Rose, Jasmin, Lilje<\/span><\/p>\n<p><span style=\"color: rgb(75, 80, 88);\"><strong>Basenoter:<\/strong>Makaron, Sukker, Rav, Musk, Sandeltre<\/span><\/p>\n<p><span style=\"color: rgb(75, 80, 88);\"><em>* Vekt ca. 113 g * Vegansk * Gaveeske * Laget i Storbritannia *<\/em><\/span><\/p>\n<p><span style=\"color: rgb(75, 80, 88);\"><strong>Merk:<\/strong>Fordi disse s\u00e5pene er h\u00e5ndlaget, kan subtile fargevariasjoner oppst\u00e5, noe som gj\u00f8r hver s\u00e5pestykke unik.<\/span><\/p>\n<p><span style=\"color: rgb(75, 80, 88);\"><strong>Tilby kundene dine et snev av magi i deres daglig rutine med disse element\u00e6re s\u00e5pene.<\/strong><\/span><\/p>\n","protected":false},"excerpt":{"rendered":"<p>Den steinformede Crystal Elemental Soap &#8211; Airmed sine elegante gr\u00e5toner og en lett forfriskende duft gleder b\u00e5de \u00f8ynene og sansene. Legg ut p\u00e5 en reise gjennom luftens element\u00e6re kraft. Den sanne tiltrekningen ligger i den ekte edelstenen som er plassert i hver bar, og som forvandler ditt daglige ritual til en spennende skattejakt. Tenk deg [&hellip;]<\/p>\n","protected":false},"featured_media":280780,"comment_status":"closed","ping_status":"open","template":"","meta":{"_angie_page":false},"product_brand":[],"product_cat":[9413,9439],"product_tag":[],"class_list":{"0":"post-207149","1":"product","2":"type-product","3":"status-publish","4":"has-post-thumbnail","6":"product_cat-bad-spa-og-personlig-pleie","7":"product_cat-okologiske-saper","8":"pa_collection-crystal-element-soaps-no","9":"pa_made-in-storbritannia","11":"first","12":"instock","13":"purchasable","14":"product-type-simple"},"supplier_id":null,"supplier_sku":"CSoap-04","barcode":null,"atum_controlled":true,"out_stock_date":null,"out_stock_threshold":null,"inheritable":false,"inbound_stock":null,"stock_on_hold":0,"sold_today":0,"sales_last_days":0,"reserved_stock":null,"customer_returns":null,"warehouse_damage":null,"lost_in_post":null,"other_logs":null,"out_stock_days":0,"lost_sales":0,"has_location":null,"update_date":"2026-04-27T06:58:33","atum_locations":[],"atum_stock_status":"instock","restock_status":false,"low_stock_amount":"","sales_update_date":"2025-10-09T03:28:37","calc_backorders":null,"_links":{"self":[{"href":"https:\/\/aromasentia.com\/no\/wp-json\/wp\/v2\/product\/207149","targetHints":{"allow":["GET"]}}],"collection":[{"href":"https:\/\/aromasentia.com\/no\/wp-json\/wp\/v2\/product"}],"about":[{"href":"https:\/\/aromasentia.com\/no\/wp-json\/wp\/v2\/types\/product"}],"replies":[{"embeddable":true,"href":"https:\/\/aromasentia.com\/no\/wp-json\/wp\/v2\/comments?post=207149"}],"version-history":[{"count":0,"href":"https:\/\/aromasentia.com\/no\/wp-json\/wp\/v2\/product\/207149\/revisions"}],"wp:featuredmedia":[{"embeddable":true,"href":"https:\/\/aromasentia.com\/no\/wp-json\/wp\/v2\/media\/280780"}],"wp:attachment":[{"href":"https:\/\/aromasentia.com\/no\/wp-json\/wp\/v2\/media?parent=207149"}],"wp:term":[{"taxonomy":"product_brand","embeddable":true,"href":"https:\/\/aromasentia.com\/no\/wp-json\/wp\/v2\/product_brand?post=207149"},{"taxonomy":"product_cat","embeddable":true,"href":"https:\/\/aromasentia.com\/no\/wp-json\/wp\/v2\/product_cat?post=207149"},{"taxonomy":"product_tag","embeddable":true,"href":"https:\/\/aromasentia.com\/no\/wp-json\/wp\/v2\/product_tag?post=207149"}],"curies":[{"name":"wp","href":"https:\/\/api.w.org\/{rel}","templated":true}]}}