{"id":207145,"date":"2025-03-20T16:37:16","date_gmt":"2025-03-20T16:37:16","guid":{"rendered":"https:\/\/aromasentia.com\/product\/rose-rose-petals-soap-loaf\/"},"modified":"2025-05-31T03:41:35","modified_gmt":"2025-05-31T03:41:35","slug":"rose-rose-petals-sapestykke","status":"publish","type":"product","link":"https:\/\/aromasentia.com\/no\/rose-rose-petals-sapestykke\/","title":{"rendered":"Rose &#038; Rose Petals &#8211; S\u00e5pestykke"},"content":{"rendered":"<p>Noen ganger vil du bare unne deg noe spesielt, s\u00e5 hvorfor ikke berolige huden din med en deilig, naturlig h\u00e5ndlaget s\u00e5pe?<\/p>\n<p>Roser er ikke bare et vakkert tilskudd til ditt romantiske bad, men de er ogs\u00e5 herlig duftende. Rose- og roseblads\u00e5pe, laget med de beste naturlige ingrediensene, vil gi den perfekte atmosf\u00e6ren til badet ditt, og vil avslappe kroppen din, lindre stress og gi huden din en gl\u00f8d.<\/p>\n<p>Det finnes ingenting som en velv\u00e6re-naturs\u00e5pe som lukter fantastisk, for \u00e5 bryte monotonien i morgenrutinen din. V\u00e5re fantastiske h\u00e5ndlagde s\u00e5per er laget av naturlige ingredienser av h\u00f8yeste kvalitet ved hjelp av smelte-og-hell-metoden. Ved \u00e5 bruke dem vil du oppdage en rekke stemningsfulle dufter og taktile teksturer. Disse fuktighetsgivende og hudpleiende s\u00e5pene gir et fantastisk langvarig skum, og de etterlater huden din ren, myk og sunn.<\/p>\n","protected":false},"excerpt":{"rendered":"<p>Noen ganger vil du bare unne deg noe spesielt, s\u00e5 hvorfor ikke berolige huden din med en deilig, naturlig h\u00e5ndlaget s\u00e5pe? Roser er ikke bare et vakkert tilskudd til ditt romantiske bad, men de er ogs\u00e5 herlig duftende. Rose- og roseblads\u00e5pe, laget med de beste naturlige ingrediensene, vil gi den perfekte atmosf\u00e6ren til badet ditt, [&hellip;]<\/p>\n","protected":false},"featured_media":281273,"comment_status":"closed","ping_status":"open","template":"","meta":{"_angie_page":false},"product_brand":[],"product_cat":[9413,26834,25843,9439,26366],"product_tag":[],"class_list":{"0":"post-207145","1":"product","2":"type-product","3":"status-publish","4":"has-post-thumbnail","6":"product_cat-bad-spa-og-personlig-pleie","7":"product_cat-blomster","8":"product_cat-dufter-aromaer","9":"product_cat-okologiske-saper","10":"product_cat-rose","11":"pa_collection-handcrafted-wild-soap-loaves-1-3-kg-slices-100-140g-no","12":"pa_made-in-storbritannia","14":"first","15":"instock","16":"purchasable","17":"product-type-simple"},"supplier_id":null,"supplier_sku":"HCS-13L","barcode":null,"atum_controlled":true,"out_stock_date":null,"out_stock_threshold":null,"inheritable":false,"inbound_stock":null,"stock_on_hold":0,"sold_today":0,"sales_last_days":0,"reserved_stock":null,"customer_returns":null,"warehouse_damage":null,"lost_in_post":null,"other_logs":null,"out_stock_days":0,"lost_sales":0,"has_location":null,"update_date":"2026-01-30T01:25:19","atum_locations":[],"atum_stock_status":"instock","restock_status":false,"low_stock_amount":"","sales_update_date":"2026-01-30T01:25:19","calc_backorders":null,"_links":{"self":[{"href":"https:\/\/aromasentia.com\/no\/wp-json\/wp\/v2\/product\/207145","targetHints":{"allow":["GET"]}}],"collection":[{"href":"https:\/\/aromasentia.com\/no\/wp-json\/wp\/v2\/product"}],"about":[{"href":"https:\/\/aromasentia.com\/no\/wp-json\/wp\/v2\/types\/product"}],"replies":[{"embeddable":true,"href":"https:\/\/aromasentia.com\/no\/wp-json\/wp\/v2\/comments?post=207145"}],"version-history":[{"count":0,"href":"https:\/\/aromasentia.com\/no\/wp-json\/wp\/v2\/product\/207145\/revisions"}],"wp:featuredmedia":[{"embeddable":true,"href":"https:\/\/aromasentia.com\/no\/wp-json\/wp\/v2\/media\/281273"}],"wp:attachment":[{"href":"https:\/\/aromasentia.com\/no\/wp-json\/wp\/v2\/media?parent=207145"}],"wp:term":[{"taxonomy":"product_brand","embeddable":true,"href":"https:\/\/aromasentia.com\/no\/wp-json\/wp\/v2\/product_brand?post=207145"},{"taxonomy":"product_cat","embeddable":true,"href":"https:\/\/aromasentia.com\/no\/wp-json\/wp\/v2\/product_cat?post=207145"},{"taxonomy":"product_tag","embeddable":true,"href":"https:\/\/aromasentia.com\/no\/wp-json\/wp\/v2\/product_tag?post=207145"}],"curies":[{"name":"wp","href":"https:\/\/api.w.org\/{rel}","templated":true}]}}