{"id":207138,"date":"2025-03-20T16:37:16","date_gmt":"2025-03-20T16:37:16","guid":{"rendered":"https:\/\/aromasentia.com\/product\/1x-cinnamon-vanilla-bath-donut\/"},"modified":"2025-05-31T03:41:16","modified_gmt":"2025-05-31T03:41:16","slug":"1x-kanel-og-vaniljebad-donut","status":"publish","type":"product","link":"https:\/\/aromasentia.com\/no\/1x-kanel-og-vaniljebad-donut\/","title":{"rendered":"1x Kanel- Og Vaniljebad Donut"},"content":{"rendered":"<p>Nybakt! Gj\u00f8r badetiden litt morsommere med <strong>Aroma Sentia-ping Cinnamon &#038; Vanilla Bath Donuts Fizzers<\/strong>. Den friske, varme duften vil fylle kundebadet ditt med en herlig lukt. <strong>De er flotte til bursdager, jul eller bare en godbit for deg selv<\/strong>. Den friske, varme duften vil fylle kundebadet ditt med en herlig lukt.<\/p>\n<p>En ringformet badebombe fullpakket med farge og duftfrigj\u00f8ring. <strong>Vi vet at de er fristende \u00e5 spise, men v\u00e6r s\u00e5 snill \u00e5 ikke.<\/strong><\/p>\n<p>Ikke spis meg!<\/p>\n<p>Utestet mot dyrefors\u00f8k<\/p>\n<p>Individuelt krympeinnpakket<\/p>\n<p><span style=\"color: rgb(184, 49, 47);\"><strong>H\u00e5ndlaget i Sheffield<\/strong><\/span><\/p>\n<p style=\"text-align: justify;\"><span style=\"color: rgb(243, 121, 52);\"><strong>Merk: Produktet er ikke tilgjengelig i Slovakia<\/strong><\/span><\/p>\n","protected":false},"excerpt":{"rendered":"<p>Nybakt! Gj\u00f8r badetiden litt morsommere med Aroma Sentia-ping Cinnamon &#038; Vanilla Bath Donuts Fizzers. Den friske, varme duften vil fylle kundebadet ditt med en herlig lukt. De er flotte til bursdager, jul eller bare en godbit for deg selv. Den friske, varme duften vil fylle kundebadet ditt med en herlig lukt. En ringformet badebombe fullpakket [&hellip;]<\/p>\n","protected":false},"featured_media":281154,"comment_status":"closed","ping_status":"open","template":"","meta":{"_angie_page":false},"product_brand":[],"product_cat":[9413,25843,26133,26890],"product_tag":[],"class_list":{"0":"post-207138","1":"product","2":"type-product","3":"status-publish","4":"has-post-thumbnail","6":"product_cat-bad-spa-og-personlig-pleie","7":"product_cat-dufter-aromaer","8":"product_cat-kanel","9":"product_cat-krydret","10":"pa_made-in-storbritannia","12":"first","13":"outofstock","14":"purchasable","15":"product-type-simple"},"supplier_id":null,"supplier_sku":"Donut-07","barcode":null,"atum_controlled":true,"out_stock_date":"2026-04-25 15:14:04","out_stock_threshold":null,"inheritable":false,"inbound_stock":null,"stock_on_hold":0,"sold_today":0,"sales_last_days":0,"reserved_stock":null,"customer_returns":null,"warehouse_damage":null,"lost_in_post":null,"other_logs":null,"out_stock_days":0,"lost_sales":0,"has_location":null,"update_date":"2026-04-27T06:59:11","atum_locations":[],"atum_stock_status":"outofstock","restock_status":false,"low_stock_amount":"","sales_update_date":"2026-01-30T01:25:50","calc_backorders":null,"_links":{"self":[{"href":"https:\/\/aromasentia.com\/no\/wp-json\/wp\/v2\/product\/207138","targetHints":{"allow":["GET"]}}],"collection":[{"href":"https:\/\/aromasentia.com\/no\/wp-json\/wp\/v2\/product"}],"about":[{"href":"https:\/\/aromasentia.com\/no\/wp-json\/wp\/v2\/types\/product"}],"replies":[{"embeddable":true,"href":"https:\/\/aromasentia.com\/no\/wp-json\/wp\/v2\/comments?post=207138"}],"version-history":[{"count":0,"href":"https:\/\/aromasentia.com\/no\/wp-json\/wp\/v2\/product\/207138\/revisions"}],"wp:featuredmedia":[{"embeddable":true,"href":"https:\/\/aromasentia.com\/no\/wp-json\/wp\/v2\/media\/281154"}],"wp:attachment":[{"href":"https:\/\/aromasentia.com\/no\/wp-json\/wp\/v2\/media?parent=207138"}],"wp:term":[{"taxonomy":"product_brand","embeddable":true,"href":"https:\/\/aromasentia.com\/no\/wp-json\/wp\/v2\/product_brand?post=207138"},{"taxonomy":"product_cat","embeddable":true,"href":"https:\/\/aromasentia.com\/no\/wp-json\/wp\/v2\/product_cat?post=207138"},{"taxonomy":"product_tag","embeddable":true,"href":"https:\/\/aromasentia.com\/no\/wp-json\/wp\/v2\/product_tag?post=207138"}],"curies":[{"name":"wp","href":"https:\/\/api.w.org\/{rel}","templated":true}]}}