{"id":207133,"date":"2025-03-20T16:37:16","date_gmt":"2025-03-20T16:37:16","guid":{"rendered":"https:\/\/aromasentia.com\/product\/double-butter-luxury-soap-slice-earthy-oils\/"},"modified":"2025-05-31T03:41:01","modified_gmt":"2025-05-31T03:41:01","slug":"double-butter-luxury-sape-jordnaere-oljer","status":"publish","type":"product","link":"https:\/\/aromasentia.com\/no\/double-butter-luxury-sape-jordnaere-oljer\/","title":{"rendered":"Double Butter Luxury S\u00e5pe &#8211; Jordn\u00e6re Oljer"},"content":{"rendered":"<p>Gi huden din n\u00e6ring med de jordn\u00e6re duftene fra v\u00e5r Double Butter Luxury Soap Slice &#8211; Earthy Oils. Denne dekadente s\u00e5peskiven er beriket med en dobbel dose fuktighetsgivende sm\u00f8r, som shea og kakao, for et eksepsjonelt kremet skum. Den er tilsatt en blanding av rike, jordn\u00e6re eteriske oljer som patchouli, vetiver og sandeltre, og renser sk\u00e5nsomt samtidig som den gir en beroligende, sentrerende og dypt forbindende duftopplevelse som etterlater huden myk og subtilt parfymert med naturens dybde.<\/p>\n","protected":false},"excerpt":{"rendered":"<p>Gi huden din n\u00e6ring med de jordn\u00e6re duftene fra v\u00e5r Double Butter Luxury Soap Slice &#8211; Earthy Oils. Denne dekadente s\u00e5peskiven er beriket med en dobbel dose fuktighetsgivende sm\u00f8r, som shea og kakao, for et eksepsjonelt kremet skum. Den er tilsatt en blanding av rike, jordn\u00e6re eteriske oljer som patchouli, vetiver og sandeltre, og renser [&hellip;]<\/p>\n","protected":false},"featured_media":281029,"comment_status":"closed","ping_status":"open","template":"","meta":[],"product_brand":[],"product_cat":[9413,9439],"product_tag":[],"class_list":{"0":"post-207133","1":"product","2":"type-product","3":"status-publish","4":"has-post-thumbnail","6":"product_cat-bad-spa-og-personlig-pleie","7":"product_cat-okologiske-saper","8":"pa_made-in-storbritannia","10":"first","11":"outofstock","12":"purchasable","13":"product-type-simple"},"supplier_id":null,"supplier_sku":"DSDBSoap-01","barcode":null,"atum_controlled":true,"out_stock_date":"2025-10-09 13:31:21","out_stock_threshold":null,"inheritable":false,"inbound_stock":null,"stock_on_hold":0,"sold_today":0,"sales_last_days":0,"reserved_stock":null,"customer_returns":null,"warehouse_damage":null,"lost_in_post":null,"other_logs":null,"out_stock_days":112,"lost_sales":0,"has_location":null,"update_date":"2026-01-30T01:25:15","atum_locations":[],"atum_stock_status":"outofstock","restock_status":false,"low_stock_amount":"","sales_update_date":"2026-01-30T01:25:15","calc_backorders":null,"_links":{"self":[{"href":"https:\/\/aromasentia.com\/no\/wp-json\/wp\/v2\/product\/207133","targetHints":{"allow":["GET"]}}],"collection":[{"href":"https:\/\/aromasentia.com\/no\/wp-json\/wp\/v2\/product"}],"about":[{"href":"https:\/\/aromasentia.com\/no\/wp-json\/wp\/v2\/types\/product"}],"replies":[{"embeddable":true,"href":"https:\/\/aromasentia.com\/no\/wp-json\/wp\/v2\/comments?post=207133"}],"version-history":[{"count":0,"href":"https:\/\/aromasentia.com\/no\/wp-json\/wp\/v2\/product\/207133\/revisions"}],"wp:featuredmedia":[{"embeddable":true,"href":"https:\/\/aromasentia.com\/no\/wp-json\/wp\/v2\/media\/281029"}],"wp:attachment":[{"href":"https:\/\/aromasentia.com\/no\/wp-json\/wp\/v2\/media?parent=207133"}],"wp:term":[{"taxonomy":"product_brand","embeddable":true,"href":"https:\/\/aromasentia.com\/no\/wp-json\/wp\/v2\/product_brand?post=207133"},{"taxonomy":"product_cat","embeddable":true,"href":"https:\/\/aromasentia.com\/no\/wp-json\/wp\/v2\/product_cat?post=207133"},{"taxonomy":"product_tag","embeddable":true,"href":"https:\/\/aromasentia.com\/no\/wp-json\/wp\/v2\/product_tag?post=207133"}],"curies":[{"name":"wp","href":"https:\/\/api.w.org\/{rel}","templated":true}]}}