{"id":207126,"date":"2025-03-20T16:37:16","date_gmt":"2025-03-20T16:37:16","guid":{"rendered":"https:\/\/aromasentia.com\/product\/crystal-elemental-soap-earth\/"},"modified":"2025-05-31T03:40:27","modified_gmt":"2025-05-31T03:40:27","slug":"krystall-elemental-sape-jord","status":"publish","type":"product","link":"https:\/\/aromasentia.com\/no\/krystall-elemental-sape-jord\/","title":{"rendered":"Krystall Elemental S\u00e5pe &#8211; Jord"},"content":{"rendered":"<p><span style=\"color: rgb(75, 80, 88);\">Tr\u00e5 inn i en verden der renhet flettes sammen med mystikk \u2013 og introduserer <strong>Crystal Elemental Soaps \u2013 Earth<\/strong>. De er mer enn bare rensende essenser; de er en reise gjennom naturens element\u00e6re krefter. Disse s\u00e5pene, formet som en stein og gjennomsyret av rike gr\u00f8nne toner, kanaliserer jordens essens, og er et visuelt vidunder.<\/span><\/p>\n<p><span style=\"color: rgb(75, 80, 88);\">Den sanne fortryllelsen ligger i den ekte edelstenen som er gjemt i hver s\u00e5pestykke, og forvandler din hverdag til en spennende skattejakt. Tenk deg spenningen ved \u00e5 oppdage en inspirerende *blodstein* (mot, motivasjon, kreativitet), en velst\u00e5ende *gr\u00f8nn aventurin* (velstand, rikdom, helbredelse) eller en jordn\u00e6r *treagat* (fred, balanse, harmoni, ro) \u2013 hver edelsten er et fragment av jordens hemmeligheter \u2013 som gj\u00f8r badetiden til et bemerkelsesverdig eventyr.<\/span><\/p>\n<p><span style=\"color: rgb(75, 80, 88);\">Hver s\u00e5pe er et levende fargeutbrudd og glitrende bioglitter, designet for \u00e5 fengsle og glede sansene. Presentert i en elegant eske som avsl\u00f8rer betydningen bak fargetonene og edelstensoverraskelsene inni, er denne kolleksjonen den perfekte gaven eller en luksuri\u00f8s godbit til deg selv.<\/span><\/p>\n<p><span style=\"color: rgb(75, 80, 88);\">Ideell for gavebutikker, krystallentusiaster og milj\u00f8bevisste forbrukere som setter pris p\u00e5 h\u00e5ndlagde, naturvennlige produkter.<\/span><\/p>\n<p><span style=\"color: rgb(75, 80, 88);\">Disse s\u00e5pene skjemmer ikke bare bort huden din med sine milde, n\u00e6rende ingredienser, men opprettholder ogs\u00e5 hudens naturlige gl\u00f8d, slik at den f\u00f8les myk og forynget &#8211; akkurat som den overd\u00e5dige opplevelsen av selve s\u00e5pen.<\/span><\/p>\n<p><span style=\"color: rgb(75, 80, 88);\"><strong>Toppnoter: <\/strong>Bringeb\u00e6r, Nellik<\/span><\/p>\n<p><span style=\"color: rgb(75, 80, 88);\"><strong>Hjertenoter: <\/strong>Rose, Geranium, Jasmin, Pralin\u00e9<\/span><\/p>\n<p><span style=\"color: rgb(75, 80, 88);\"><strong>Basenoter: <\/strong>Oud, Amber, Musk, Vanilje<\/span><\/p>\n<p><span style=\"color: rgb(75, 80, 88);\">* Vekt ca. 113 g * Vegansk * Gaveeske * Laget i Storbritannia *<\/span><\/p>\n<p><span style=\"color: rgb(75, 80, 88);\">Merk: Fordi disse s\u00e5pene er h\u00e5ndlaget, kan subtile fargevariasjoner oppst\u00e5, noe som gj\u00f8r hver s\u00e5pestykke unikt.<\/span><\/p>\n<p><span style=\"color: rgb(75, 80, 88);\"><strong>Gi kundenes liv et snev av magi og undring gjennom disse Elemental-s\u00e5pene.<\/strong><\/span><\/p>\n","protected":false},"excerpt":{"rendered":"<p>Tr\u00e5 inn i en verden der renhet flettes sammen med mystikk \u2013 og introduserer Crystal Elemental Soaps \u2013 Earth. De er mer enn bare rensende essenser; de er en reise gjennom naturens element\u00e6re krefter. Disse s\u00e5pene, formet som en stein og gjennomsyret av rike gr\u00f8nne toner, kanaliserer jordens essens, og er et visuelt vidunder. Den [&hellip;]<\/p>\n","protected":false},"featured_media":280838,"comment_status":"closed","ping_status":"open","template":"","meta":{"_angie_page":false},"product_brand":[],"product_cat":[9413,9439],"product_tag":[],"class_list":{"0":"post-207126","1":"product","2":"type-product","3":"status-publish","4":"has-post-thumbnail","6":"product_cat-bad-spa-og-personlig-pleie","7":"product_cat-okologiske-saper","8":"pa_collection-crystal-element-soaps-no","9":"pa_made-in-storbritannia","11":"first","12":"instock","13":"purchasable","14":"product-type-simple"},"supplier_id":null,"supplier_sku":"CSoap-02","barcode":null,"atum_controlled":true,"out_stock_date":null,"out_stock_threshold":null,"inheritable":false,"inbound_stock":null,"stock_on_hold":0,"sold_today":0,"sales_last_days":0,"reserved_stock":null,"customer_returns":null,"warehouse_damage":null,"lost_in_post":null,"other_logs":null,"out_stock_days":0,"lost_sales":0,"has_location":null,"update_date":"2026-04-27T06:58:33","atum_locations":[],"atum_stock_status":"instock","restock_status":false,"low_stock_amount":"","sales_update_date":"2026-02-06T00:02:54","calc_backorders":null,"_links":{"self":[{"href":"https:\/\/aromasentia.com\/no\/wp-json\/wp\/v2\/product\/207126","targetHints":{"allow":["GET"]}}],"collection":[{"href":"https:\/\/aromasentia.com\/no\/wp-json\/wp\/v2\/product"}],"about":[{"href":"https:\/\/aromasentia.com\/no\/wp-json\/wp\/v2\/types\/product"}],"replies":[{"embeddable":true,"href":"https:\/\/aromasentia.com\/no\/wp-json\/wp\/v2\/comments?post=207126"}],"version-history":[{"count":0,"href":"https:\/\/aromasentia.com\/no\/wp-json\/wp\/v2\/product\/207126\/revisions"}],"wp:featuredmedia":[{"embeddable":true,"href":"https:\/\/aromasentia.com\/no\/wp-json\/wp\/v2\/media\/280838"}],"wp:attachment":[{"href":"https:\/\/aromasentia.com\/no\/wp-json\/wp\/v2\/media?parent=207126"}],"wp:term":[{"taxonomy":"product_brand","embeddable":true,"href":"https:\/\/aromasentia.com\/no\/wp-json\/wp\/v2\/product_brand?post=207126"},{"taxonomy":"product_cat","embeddable":true,"href":"https:\/\/aromasentia.com\/no\/wp-json\/wp\/v2\/product_cat?post=207126"},{"taxonomy":"product_tag","embeddable":true,"href":"https:\/\/aromasentia.com\/no\/wp-json\/wp\/v2\/product_tag?post=207126"}],"curies":[{"name":"wp","href":"https:\/\/api.w.org\/{rel}","templated":true}]}}