{"id":207114,"date":"2025-03-20T16:38:28","date_gmt":"2025-03-20T16:38:28","guid":{"rendered":"https:\/\/aromasentia.com\/product\/cleopatra-soap-bar-100g\/"},"modified":"2025-05-31T03:39:49","modified_gmt":"2025-05-31T03:39:49","slug":"kleopatra-sapestykke-100-g","status":"publish","type":"product","link":"https:\/\/aromasentia.com\/no\/kleopatra-sapestykke-100-g\/","title":{"rendered":"Kleopatra S\u00e5pestykke &#8211; 100 G"},"content":{"rendered":"<p><span style=\"color: rgb(75, 80, 88);\">Aroma Sentia <strong>&nbsp;<\/strong><strong>Cleopatra s\u00e5pestykke &#8211; 100 g<\/strong> er laget med essensielle oljer av lavendel, ylang ylang og patchouli, toppet med et lag med t\u00f8rkede lavendelblomster. Denne blandingen av oljer gir en rik, dyp og blomsteraktig duft til denne s\u00e5pen.<\/span><\/p>\n<p><span style=\"color: rgb(75, 80, 88);\">Selges innpakket i vokset papir med ingrediensetikett og veier omtrent 100 g per stykke.<\/span><\/p>\n<p><span style=\"color: rgb(75, 80, 88);\"><strong>MERK:<\/strong> s\u00e5pene er h\u00e5ndlaget, fargen eller designet kan avvike noe fra bildene.<\/span><\/p>\n<p><\/p>\n<p><\/p>\n","protected":false},"excerpt":{"rendered":"<p>Aroma Sentia &nbsp;Cleopatra s\u00e5pestykke &#8211; 100 g er laget med essensielle oljer av lavendel, ylang ylang og patchouli, toppet med et lag med t\u00f8rkede lavendelblomster. Denne blandingen av oljer gir en rik, dyp og blomsteraktig duft til denne s\u00e5pen. Selges innpakket i vokset papir med ingrediensetikett og veier omtrent 100 g per stykke. MERK: s\u00e5pene [&hellip;]<\/p>\n","protected":false},"featured_media":281354,"comment_status":"closed","ping_status":"open","template":"","meta":{"_angie_page":false},"product_brand":[],"product_cat":[9413,9439],"product_tag":[],"class_list":{"0":"post-207114","1":"product","2":"type-product","3":"status-publish","4":"has-post-thumbnail","6":"product_cat-bad-spa-og-personlig-pleie","7":"product_cat-okologiske-saper","8":"pa_collection-handcrafted-wild-soap-loaves-1-3-kg-slices-100-140g-no","9":"pa_made-in-storbritannia","10":"pa_size-100g","12":"first","13":"instock","14":"purchasable","15":"product-type-simple"},"supplier_id":null,"supplier_sku":"DSHCS-10","barcode":null,"atum_controlled":true,"out_stock_date":null,"out_stock_threshold":null,"inheritable":false,"inbound_stock":null,"stock_on_hold":0,"sold_today":0,"sales_last_days":0,"reserved_stock":null,"customer_returns":null,"warehouse_damage":null,"lost_in_post":null,"other_logs":null,"out_stock_days":0,"lost_sales":0,"has_location":null,"update_date":"2026-04-30T13:09:04","atum_locations":[],"atum_stock_status":"instock","restock_status":false,"low_stock_amount":"","sales_update_date":"2026-02-06T00:01:55","calc_backorders":null,"_links":{"self":[{"href":"https:\/\/aromasentia.com\/no\/wp-json\/wp\/v2\/product\/207114","targetHints":{"allow":["GET"]}}],"collection":[{"href":"https:\/\/aromasentia.com\/no\/wp-json\/wp\/v2\/product"}],"about":[{"href":"https:\/\/aromasentia.com\/no\/wp-json\/wp\/v2\/types\/product"}],"replies":[{"embeddable":true,"href":"https:\/\/aromasentia.com\/no\/wp-json\/wp\/v2\/comments?post=207114"}],"version-history":[{"count":0,"href":"https:\/\/aromasentia.com\/no\/wp-json\/wp\/v2\/product\/207114\/revisions"}],"wp:featuredmedia":[{"embeddable":true,"href":"https:\/\/aromasentia.com\/no\/wp-json\/wp\/v2\/media\/281354"}],"wp:attachment":[{"href":"https:\/\/aromasentia.com\/no\/wp-json\/wp\/v2\/media?parent=207114"}],"wp:term":[{"taxonomy":"product_brand","embeddable":true,"href":"https:\/\/aromasentia.com\/no\/wp-json\/wp\/v2\/product_brand?post=207114"},{"taxonomy":"product_cat","embeddable":true,"href":"https:\/\/aromasentia.com\/no\/wp-json\/wp\/v2\/product_cat?post=207114"},{"taxonomy":"product_tag","embeddable":true,"href":"https:\/\/aromasentia.com\/no\/wp-json\/wp\/v2\/product_tag?post=207114"}],"curies":[{"name":"wp","href":"https:\/\/api.w.org\/{rel}","templated":true}]}}