{"id":207092,"date":"2025-03-20T16:39:07","date_gmt":"2025-03-20T16:39:07","guid":{"rendered":"https:\/\/aromasentia.com\/product\/enchanted-rose-soap-bar-140g\/"},"modified":"2025-10-24T15:37:20","modified_gmt":"2025-10-24T15:37:20","slug":"enchanted-rose-sapestykke-140-g","status":"publish","type":"product","link":"https:\/\/aromasentia.com\/no\/enchanted-rose-sapestykke-140-g\/","title":{"rendered":"Enchanted Rose S\u00e5pestykke &#8211; 100g"},"content":{"rendered":"<p><span style=\"color: rgb(75, 80, 88);\">Oppdag kul Wild &#038; Natural H\u00e5ndlaget <strong>Rose &#038; Vanilla S\u00e5pestykke &#8211; 140g.<\/strong><\/span><\/p>\n<p><span style=\"color: rgb(75, 80, 88);\">Nyt den romantiske og luksuri\u00f8se duften av Rose &#038; Vanilla S\u00e5pebr\u00f8d. Denne s\u00e5pen kombinerer den tidl\u00f8se duften av roser med de varme, s\u00f8te notene av vanilje. Det er en sensorisk nytelse som gir deg en f\u00f8lelse av \u00e5 bli bortskjemt og omsluttet av romantikk.<\/span><\/p>\n<p><span style=\"color: rgb(75, 80, 88);\"><strong>MERK:<\/strong> S\u00e5pene v\u00e5re er laget for h\u00e5nd, s\u00e5 det kan v\u00e6re sm\u00e5 variasjoner i farge eller design sammenlignet med bildene som vises.<\/span><\/p>\n","protected":false},"excerpt":{"rendered":"<p>Oppdag kul Wild &#038; Natural H\u00e5ndlaget Rose &#038; Vanilla S\u00e5pestykke &#8211; 140g. Nyt den romantiske og luksuri\u00f8se duften av Rose &#038; Vanilla S\u00e5pebr\u00f8d. Denne s\u00e5pen kombinerer den tidl\u00f8se duften av roser med de varme, s\u00f8te notene av vanilje. Det er en sensorisk nytelse som gir deg en f\u00f8lelse av \u00e5 bli bortskjemt og omsluttet av [&hellip;]<\/p>\n","protected":false},"featured_media":281540,"comment_status":"closed","ping_status":"open","template":"","meta":{"_angie_page":false},"product_brand":[],"product_cat":[9413,26834,25843,9439,26366],"product_tag":[],"class_list":{"0":"post-207092","1":"product","2":"type-product","3":"status-publish","4":"has-post-thumbnail","6":"product_cat-bad-spa-og-personlig-pleie","7":"product_cat-blomster","8":"product_cat-dufter-aromaer","9":"product_cat-okologiske-saper","10":"product_cat-rose","11":"pa_collection-handcrafted-wild-soap-loaves-1-3-kg-slices-100-140g-no","12":"pa_made-in-storbritannia","13":"pa_size-140g","15":"first","16":"instock","17":"purchasable","18":"product-type-simple"},"supplier_id":null,"supplier_sku":"DSHCS-51","barcode":null,"atum_controlled":true,"out_stock_date":null,"out_stock_threshold":null,"inheritable":false,"inbound_stock":0,"stock_on_hold":0,"sold_today":0,"sales_last_days":0,"reserved_stock":0,"customer_returns":0,"warehouse_damage":0,"lost_in_post":0,"other_logs":0,"out_stock_days":0,"lost_sales":0,"has_location":false,"update_date":"2026-04-27T07:27:47","atum_locations":[],"atum_stock_status":"instock","restock_status":false,"low_stock_amount":"","sales_update_date":"2026-01-30T01:25:39","calc_backorders":null,"_links":{"self":[{"href":"https:\/\/aromasentia.com\/no\/wp-json\/wp\/v2\/product\/207092","targetHints":{"allow":["GET"]}}],"collection":[{"href":"https:\/\/aromasentia.com\/no\/wp-json\/wp\/v2\/product"}],"about":[{"href":"https:\/\/aromasentia.com\/no\/wp-json\/wp\/v2\/types\/product"}],"replies":[{"embeddable":true,"href":"https:\/\/aromasentia.com\/no\/wp-json\/wp\/v2\/comments?post=207092"}],"version-history":[{"count":0,"href":"https:\/\/aromasentia.com\/no\/wp-json\/wp\/v2\/product\/207092\/revisions"}],"wp:featuredmedia":[{"embeddable":true,"href":"https:\/\/aromasentia.com\/no\/wp-json\/wp\/v2\/media\/281540"}],"wp:attachment":[{"href":"https:\/\/aromasentia.com\/no\/wp-json\/wp\/v2\/media?parent=207092"}],"wp:term":[{"taxonomy":"product_brand","embeddable":true,"href":"https:\/\/aromasentia.com\/no\/wp-json\/wp\/v2\/product_brand?post=207092"},{"taxonomy":"product_cat","embeddable":true,"href":"https:\/\/aromasentia.com\/no\/wp-json\/wp\/v2\/product_cat?post=207092"},{"taxonomy":"product_tag","embeddable":true,"href":"https:\/\/aromasentia.com\/no\/wp-json\/wp\/v2\/product_tag?post=207092"}],"curies":[{"name":"wp","href":"https:\/\/api.w.org\/{rel}","templated":true}]}}