{"id":207091,"date":"2025-03-20T16:39:07","date_gmt":"2025-03-20T16:39:07","guid":{"rendered":"https:\/\/aromasentia.com\/product\/verdant-zen-soap-bar-140g\/"},"modified":"2025-10-24T15:37:24","modified_gmt":"2025-10-24T15:37:24","slug":"verdant-zen-sapestykke-140-g","status":"publish","type":"product","link":"https:\/\/aromasentia.com\/no\/verdant-zen-sapestykke-140-g\/","title":{"rendered":"Verdant Zen S\u00e5pestykke &#8211; 100g"},"content":{"rendered":"<p><span style=\"color: rgb(75, 80, 88);\">Oppdag kule h\u00e5ndlagde gr\u00f8nn te- og olivens\u00e5pestykker i engros \u2013 140 g. Omfavn de beroligende og foryngende egenskapene til gr\u00f8nn te- og olivens\u00e5pe. Denne s\u00e5pen gir dusjen din den beroligende essensen av gr\u00f8nn te og de n\u00e6rende fordelene med olivenolje. Det er en revitaliserende opplevelse som gj\u00f8r huden myk, smidig og balansert.<\/span><\/p>\n<p><span style=\"color: rgb(75, 80, 88);\"><strong>MERK:<\/strong> S\u00e5pene v\u00e5re er h\u00e5ndlaget, s\u00e5 det kan v\u00e6re sm\u00e5 variasjoner i farge eller design sammenlignet med bildene som vises.<\/span><\/p>\n","protected":false},"excerpt":{"rendered":"<p>Oppdag kule h\u00e5ndlagde gr\u00f8nn te- og olivens\u00e5pestykker i engros \u2013 140 g. Omfavn de beroligende og foryngende egenskapene til gr\u00f8nn te- og olivens\u00e5pe. Denne s\u00e5pen gir dusjen din den beroligende essensen av gr\u00f8nn te og de n\u00e6rende fordelene med olivenolje. Det er en revitaliserende opplevelse som gj\u00f8r huden myk, smidig og balansert. MERK: S\u00e5pene v\u00e5re [&hellip;]<\/p>\n","protected":false},"featured_media":281523,"comment_status":"closed","ping_status":"open","template":"","meta":{"_angie_page":false},"product_brand":[],"product_cat":[9413,9439],"product_tag":[],"class_list":{"0":"post-207091","1":"product","2":"type-product","3":"status-publish","4":"has-post-thumbnail","6":"product_cat-bad-spa-og-personlig-pleie","7":"product_cat-okologiske-saper","8":"pa_collection-handcrafted-wild-soap-loaves-1-3-kg-slices-100-140g-no","9":"pa_made-in-storbritannia","10":"pa_size-140g","12":"first","13":"outofstock","14":"purchasable","15":"product-type-simple"},"supplier_id":null,"supplier_sku":"DSHCS-50","barcode":null,"atum_controlled":true,"out_stock_date":"2025-09-04 22:30:37","out_stock_threshold":null,"inheritable":false,"inbound_stock":null,"stock_on_hold":0,"sold_today":0,"sales_last_days":0,"reserved_stock":null,"customer_returns":null,"warehouse_damage":null,"lost_in_post":null,"other_logs":null,"out_stock_days":34,"lost_sales":0,"has_location":null,"update_date":"2026-04-27T07:27:47","atum_locations":[],"atum_stock_status":"outofstock","restock_status":false,"low_stock_amount":"","sales_update_date":"2025-10-09T03:22:08","calc_backorders":null,"_links":{"self":[{"href":"https:\/\/aromasentia.com\/no\/wp-json\/wp\/v2\/product\/207091","targetHints":{"allow":["GET"]}}],"collection":[{"href":"https:\/\/aromasentia.com\/no\/wp-json\/wp\/v2\/product"}],"about":[{"href":"https:\/\/aromasentia.com\/no\/wp-json\/wp\/v2\/types\/product"}],"replies":[{"embeddable":true,"href":"https:\/\/aromasentia.com\/no\/wp-json\/wp\/v2\/comments?post=207091"}],"version-history":[{"count":0,"href":"https:\/\/aromasentia.com\/no\/wp-json\/wp\/v2\/product\/207091\/revisions"}],"wp:featuredmedia":[{"embeddable":true,"href":"https:\/\/aromasentia.com\/no\/wp-json\/wp\/v2\/media\/281523"}],"wp:attachment":[{"href":"https:\/\/aromasentia.com\/no\/wp-json\/wp\/v2\/media?parent=207091"}],"wp:term":[{"taxonomy":"product_brand","embeddable":true,"href":"https:\/\/aromasentia.com\/no\/wp-json\/wp\/v2\/product_brand?post=207091"},{"taxonomy":"product_cat","embeddable":true,"href":"https:\/\/aromasentia.com\/no\/wp-json\/wp\/v2\/product_cat?post=207091"},{"taxonomy":"product_tag","embeddable":true,"href":"https:\/\/aromasentia.com\/no\/wp-json\/wp\/v2\/product_tag?post=207091"}],"curies":[{"name":"wp","href":"https:\/\/api.w.org\/{rel}","templated":true}]}}