{"id":207090,"date":"2025-03-20T16:39:07","date_gmt":"2025-03-20T16:39:07","guid":{"rendered":"https:\/\/aromasentia.com\/product\/raspberry-bliss-soap-bar-140g\/"},"modified":"2025-10-24T15:37:27","modified_gmt":"2025-10-24T15:37:27","slug":"raspberry-bliss-sape-bar-140-g","status":"publish","type":"product","link":"https:\/\/aromasentia.com\/no\/raspberry-bliss-sape-bar-140-g\/","title":{"rendered":"Raspberry Bliss S\u00e5pe Bar &#8211; 100g"},"content":{"rendered":"<p><span style=\"color: rgb(75, 80, 88);\">Oppdag kul &nbsp;vill &amp; naturlig h\u00e5ndlaget <strong>bringeb\u00e6r &amp; vaniljes\u00e5pestykke &#8211; 140g<\/strong>. Opplev den s\u00f8te og syrlige lokken til bringeb\u00e6r &amp; vaniljes\u00e5pestykke. Denne s\u00e5pen kombinerer den livlige aromaen av modne bringeb\u00e6r med de beroligende notene av vanilje. Det er en herlig godbit for huden din som gir deg en f\u00f8lelse av forfriskning og lett velduftende f\u00f8lelse.<\/span><\/p>\n<p><span style=\"color: rgb(75, 80, 88);\"><strong>MERK:<\/strong> S\u00e5pene v\u00e5re er laget for h\u00e5nd, s\u00e5 det kan v\u00e6re sm\u00e5 variasjoner i farge eller design sammenlignet med bildene som vises.<\/span><\/p>\n","protected":false},"excerpt":{"rendered":"<p>Oppdag kul &nbsp;vill &amp; naturlig h\u00e5ndlaget bringeb\u00e6r &amp; vaniljes\u00e5pestykke &#8211; 140g. Opplev den s\u00f8te og syrlige lokken til bringeb\u00e6r &amp; vaniljes\u00e5pestykke. Denne s\u00e5pen kombinerer den livlige aromaen av modne bringeb\u00e6r med de beroligende notene av vanilje. Det er en herlig godbit for huden din som gir deg en f\u00f8lelse av forfriskning og lett velduftende f\u00f8lelse. [&hellip;]<\/p>\n","protected":false},"featured_media":281514,"comment_status":"closed","ping_status":"open","template":"","meta":{"_angie_page":false},"product_brand":[],"product_cat":[9413,9439],"product_tag":[],"class_list":{"0":"post-207090","1":"product","2":"type-product","3":"status-publish","4":"has-post-thumbnail","6":"product_cat-bad-spa-og-personlig-pleie","7":"product_cat-okologiske-saper","8":"pa_collection-handcrafted-wild-soap-loaves-1-3-kg-slices-100-140g-no","9":"pa_made-in-storbritannia","10":"pa_size-140g","12":"first","13":"instock","14":"purchasable","15":"product-type-simple"},"supplier_id":null,"supplier_sku":"DSHCS-49","barcode":null,"atum_controlled":true,"out_stock_date":null,"out_stock_threshold":null,"inheritable":false,"inbound_stock":null,"stock_on_hold":0,"sold_today":0,"sales_last_days":0,"reserved_stock":null,"customer_returns":null,"warehouse_damage":null,"lost_in_post":null,"other_logs":null,"out_stock_days":0,"lost_sales":0,"has_location":null,"update_date":"2026-05-04T00:02:51","atum_locations":[],"atum_stock_status":"instock","restock_status":false,"low_stock_amount":"","sales_update_date":"2026-01-30T01:24:28","calc_backorders":null,"_links":{"self":[{"href":"https:\/\/aromasentia.com\/no\/wp-json\/wp\/v2\/product\/207090","targetHints":{"allow":["GET"]}}],"collection":[{"href":"https:\/\/aromasentia.com\/no\/wp-json\/wp\/v2\/product"}],"about":[{"href":"https:\/\/aromasentia.com\/no\/wp-json\/wp\/v2\/types\/product"}],"replies":[{"embeddable":true,"href":"https:\/\/aromasentia.com\/no\/wp-json\/wp\/v2\/comments?post=207090"}],"version-history":[{"count":0,"href":"https:\/\/aromasentia.com\/no\/wp-json\/wp\/v2\/product\/207090\/revisions"}],"wp:featuredmedia":[{"embeddable":true,"href":"https:\/\/aromasentia.com\/no\/wp-json\/wp\/v2\/media\/281514"}],"wp:attachment":[{"href":"https:\/\/aromasentia.com\/no\/wp-json\/wp\/v2\/media?parent=207090"}],"wp:term":[{"taxonomy":"product_brand","embeddable":true,"href":"https:\/\/aromasentia.com\/no\/wp-json\/wp\/v2\/product_brand?post=207090"},{"taxonomy":"product_cat","embeddable":true,"href":"https:\/\/aromasentia.com\/no\/wp-json\/wp\/v2\/product_cat?post=207090"},{"taxonomy":"product_tag","embeddable":true,"href":"https:\/\/aromasentia.com\/no\/wp-json\/wp\/v2\/product_tag?post=207090"}],"curies":[{"name":"wp","href":"https:\/\/api.w.org\/{rel}","templated":true}]}}