{"id":207079,"date":"2025-03-20T16:41:57","date_gmt":"2025-03-20T16:41:57","guid":{"rendered":"https:\/\/aromasentia.com\/product\/chocolate-orange-bath-bomb-180g\/"},"modified":"2025-05-31T03:37:49","modified_gmt":"2025-05-31T03:37:49","slug":"badebombe-med-sjokolade-og-appelsin-180g","status":"publish","type":"product","link":"https:\/\/aromasentia.com\/no\/badebombe-med-sjokolade-og-appelsin-180g\/","title":{"rendered":"Badebombe med Sjokolade Og Appelsin &#8211; 180g"},"content":{"rendered":"<p><span style=\"color: rgb(75, 80, 88);\">S\u00f8t! Nyt de avslappede bevegelsene med den friske appelsinduften. Nyt denne duften laget av sjokolade, f\u00f8l roen som omslutter sinnet ditt.<\/span><\/p>\n<p><span style=\"color: rgb(75, 80, 88);\">Hvis du er ute etter en avslappende godbit, trenger du ikke lete lenger. V\u00e5re <strong>EU<\/strong> badebomber er akkurat noe for alle som leter etter et badetilskudd av h\u00f8y kvalitet som ser godt ut og lukter godt.<\/span><\/p>\n<p><span style=\"color: rgb(75, 80, 88);\">De er ogs\u00e5 veldig gode for pengene. Hver bombe veier hele <strong>180 gram<\/strong> og inneholder sheasm\u00f8r for \u00e5 gj\u00f8re dem glattere mot huden din.<\/span><\/p>\n<p><span style=\"color: rgb(75, 80, 88);\">Vi har et utvalg av fantastiske dufter \u00e5 velge mellom, hver i sin egen s\u00e6regne farge. Kj\u00f8p flere forskjellige ytterplagg for \u00e5 lage et i\u00f8ynefallende display i butikken og p\u00e5 nettsiden din som kundene dine ikke vil kunne motst\u00e5.<\/span><\/p>\n","protected":false},"excerpt":{"rendered":"<p>S\u00f8t! Nyt de avslappede bevegelsene med den friske appelsinduften. Nyt denne duften laget av sjokolade, f\u00f8l roen som omslutter sinnet ditt. Hvis du er ute etter en avslappende godbit, trenger du ikke lete lenger. V\u00e5re EU badebomber er akkurat noe for alle som leter etter et badetilskudd av h\u00f8y kvalitet som ser godt ut og [&hellip;]<\/p>\n","protected":false},"featured_media":282285,"comment_status":"closed","ping_status":"open","template":"","meta":{"_angie_page":false},"product_brand":[],"product_cat":[26306,9413,9418,25843,26820],"product_tag":[],"class_list":{"0":"post-207079","1":"product","2":"type-product","3":"status-publish","4":"has-post-thumbnail","6":"product_cat-appelsin","7":"product_cat-bad-spa-og-personlig-pleie","8":"product_cat-badebomber","9":"product_cat-dufter-aromaer","10":"product_cat-sitrus","11":"pa_collection-jumbo-bath-bombs-180g-no","12":"pa_made-in-storbritannia","13":"pa_size-180g","15":"first","16":"outofstock","17":"purchasable","18":"product-type-simple"},"supplier_id":null,"supplier_sku":"DSJBB-21","barcode":null,"atum_controlled":true,"out_stock_date":"2026-04-25 15:14:47","out_stock_threshold":null,"inheritable":false,"inbound_stock":null,"stock_on_hold":0,"sold_today":0,"sales_last_days":0,"reserved_stock":null,"customer_returns":null,"warehouse_damage":null,"lost_in_post":null,"other_logs":null,"out_stock_days":0,"lost_sales":0,"has_location":null,"update_date":"2026-04-30T13:08:37","atum_locations":[],"atum_stock_status":"outofstock","restock_status":false,"low_stock_amount":"","sales_update_date":"2025-10-09T03:29:10","calc_backorders":null,"_links":{"self":[{"href":"https:\/\/aromasentia.com\/no\/wp-json\/wp\/v2\/product\/207079","targetHints":{"allow":["GET"]}}],"collection":[{"href":"https:\/\/aromasentia.com\/no\/wp-json\/wp\/v2\/product"}],"about":[{"href":"https:\/\/aromasentia.com\/no\/wp-json\/wp\/v2\/types\/product"}],"replies":[{"embeddable":true,"href":"https:\/\/aromasentia.com\/no\/wp-json\/wp\/v2\/comments?post=207079"}],"version-history":[{"count":0,"href":"https:\/\/aromasentia.com\/no\/wp-json\/wp\/v2\/product\/207079\/revisions"}],"wp:featuredmedia":[{"embeddable":true,"href":"https:\/\/aromasentia.com\/no\/wp-json\/wp\/v2\/media\/282285"}],"wp:attachment":[{"href":"https:\/\/aromasentia.com\/no\/wp-json\/wp\/v2\/media?parent=207079"}],"wp:term":[{"taxonomy":"product_brand","embeddable":true,"href":"https:\/\/aromasentia.com\/no\/wp-json\/wp\/v2\/product_brand?post=207079"},{"taxonomy":"product_cat","embeddable":true,"href":"https:\/\/aromasentia.com\/no\/wp-json\/wp\/v2\/product_cat?post=207079"},{"taxonomy":"product_tag","embeddable":true,"href":"https:\/\/aromasentia.com\/no\/wp-json\/wp\/v2\/product_tag?post=207079"}],"curies":[{"name":"wp","href":"https:\/\/api.w.org\/{rel}","templated":true}]}}