{"id":207077,"date":"2025-03-20T16:41:57","date_gmt":"2025-03-20T16:41:57","guid":{"rendered":"https:\/\/aromasentia.com\/product\/lemon-eucalyptus-bath-bomb-180g\/"},"modified":"2025-05-31T03:37:39","modified_gmt":"2025-05-31T03:37:39","slug":"badebombe-med-sitron-og-eukalyptus-180g","status":"publish","type":"product","link":"https:\/\/aromasentia.com\/no\/badebombe-med-sitron-og-eukalyptus-180g\/","title":{"rendered":"Badebombe med Sitron Og Eukalyptus &#8211; 180g"},"content":{"rendered":"<p><span style=\"color: rgb(75, 80, 88);\">Hvis du er ute etter en avslappende godbit, trenger du ikke lete lenger. V\u00e5re <strong>EU<\/strong> badebomber er akkurat det du trenger for alle som \u00f8nsker et badetilskudd av h\u00f8y kvalitet som b\u00e5de ser godt ut og lukter godt.<\/span><\/p>\n<p><span style=\"color: rgb(75, 80, 88);\">De er ogs\u00e5 veldig gode for pengene. Hver bombe veier hele <strong>180 gram<\/strong> og inneholder sheasm\u00f8r som gj\u00f8r dem mykere mot huden.<\/span><\/p>\n<p><span style=\"color: rgb(75, 80, 88);\">Vi har et utvalg av fantastiske dufter \u00e5 velge mellom, hver i sin egen s\u00e6regne farge. Kj\u00f8p flere forskjellige ytterdufter for \u00e5 lage en i\u00f8ynefallende utstilling i butikken og p\u00e5 nettsiden din som kundene dine ikke vil kunne motst\u00e5.<\/span><\/p>\n","protected":false},"excerpt":{"rendered":"<p>Hvis du er ute etter en avslappende godbit, trenger du ikke lete lenger. V\u00e5re EU badebomber er akkurat det du trenger for alle som \u00f8nsker et badetilskudd av h\u00f8y kvalitet som b\u00e5de ser godt ut og lukter godt. De er ogs\u00e5 veldig gode for pengene. Hver bombe veier hele 180 gram og inneholder sheasm\u00f8r som [&hellip;]<\/p>\n","protected":false},"featured_media":282243,"comment_status":"closed","ping_status":"open","template":"","meta":[],"product_brand":[],"product_cat":[9413,9418,25843,26179,26869,26239,26820],"product_tag":[],"class_list":{"0":"post-207077","1":"product","2":"type-product","3":"status-publish","4":"has-post-thumbnail","6":"product_cat-bad-spa-og-personlig-pleie","7":"product_cat-badebomber","8":"product_cat-dufter-aromaer","9":"product_cat-eukalyptus","10":"product_cat-medisinsk-kamferaktig","11":"product_cat-sitron","12":"product_cat-sitrus","13":"pa_collection-jumbo-bath-bombs-180g-no","14":"pa_made-in-storbritannia","15":"pa_size-180g","17":"first","18":"instock","19":"purchasable","20":"product-type-simple"},"supplier_id":null,"supplier_sku":"DSJBB-19","barcode":null,"atum_controlled":true,"out_stock_date":null,"out_stock_threshold":null,"inheritable":false,"inbound_stock":null,"stock_on_hold":0,"sold_today":0,"sales_last_days":0,"reserved_stock":null,"customer_returns":null,"warehouse_damage":null,"lost_in_post":null,"other_logs":null,"out_stock_days":0,"lost_sales":0,"has_location":null,"update_date":"2026-02-11T03:20:49","atum_locations":[],"atum_stock_status":"instock","restock_status":false,"low_stock_amount":"","sales_update_date":"2025-10-09T03:22:11","calc_backorders":null,"_links":{"self":[{"href":"https:\/\/aromasentia.com\/no\/wp-json\/wp\/v2\/product\/207077","targetHints":{"allow":["GET"]}}],"collection":[{"href":"https:\/\/aromasentia.com\/no\/wp-json\/wp\/v2\/product"}],"about":[{"href":"https:\/\/aromasentia.com\/no\/wp-json\/wp\/v2\/types\/product"}],"replies":[{"embeddable":true,"href":"https:\/\/aromasentia.com\/no\/wp-json\/wp\/v2\/comments?post=207077"}],"version-history":[{"count":0,"href":"https:\/\/aromasentia.com\/no\/wp-json\/wp\/v2\/product\/207077\/revisions"}],"wp:featuredmedia":[{"embeddable":true,"href":"https:\/\/aromasentia.com\/no\/wp-json\/wp\/v2\/media\/282243"}],"wp:attachment":[{"href":"https:\/\/aromasentia.com\/no\/wp-json\/wp\/v2\/media?parent=207077"}],"wp:term":[{"taxonomy":"product_brand","embeddable":true,"href":"https:\/\/aromasentia.com\/no\/wp-json\/wp\/v2\/product_brand?post=207077"},{"taxonomy":"product_cat","embeddable":true,"href":"https:\/\/aromasentia.com\/no\/wp-json\/wp\/v2\/product_cat?post=207077"},{"taxonomy":"product_tag","embeddable":true,"href":"https:\/\/aromasentia.com\/no\/wp-json\/wp\/v2\/product_tag?post=207077"}],"curies":[{"name":"wp","href":"https:\/\/api.w.org\/{rel}","templated":true}]}}