{"id":207064,"date":"2025-03-20T16:42:55","date_gmt":"2025-03-20T16:42:55","guid":{"rendered":"https:\/\/aromasentia.com\/product\/coconut-and-lime-solid-shampoo-loaf\/"},"modified":"2025-05-31T03:36:40","modified_gmt":"2025-05-31T03:36:40","slug":"kokosnott-og-lime-solid-sjampobar-loaf","status":"publish","type":"product","link":"https:\/\/aromasentia.com\/no\/kokosnott-og-lime-solid-sjampobar-loaf\/","title":{"rendered":"Kokosn\u00f8tt Og Lime &#8211; Solid Sjampobar Loaf"},"content":{"rendered":"<p>Kokos- og lime-sjampo gjenfukter matt eller t\u00f8rt h\u00e5r og gir helse og glans. Ideell for hyppig bruk og har en eksotisk, fruktig duft. Den bidrar til \u00e5 gi n\u00e6ring og gjenopprette glans for et skinnende rent resultat.<\/p>\n<p>Sjampobarer er en helt naturlig pleiende sjampo i fast form. V\u00e5r solide sjampo er laget av vegetabilske oljer av h\u00f8y kvalitet p\u00e5 arganbasis. Skaper et herlig tett, kremet skum som er naturlig pleiende for h\u00e5ret. Disse solide sjampoene er parfymert med rene essensielle oljer for en fantastisk naturlig duft.<\/p>\n<p>Flere og flere av oss blir stadig mer bekymret for ting som plastforbruk i skj\u00f8nnhetsindustrien og rotet det etterlater seg. Solide sjampoer er milj\u00f8vennlige siden du ikke kaster bort flasker og emballasje. De er ogs\u00e5 bra for budsjettet ditt, solid sjampo varer 2\u20135 ganger lenger enn flytende produkter.<\/p>\n","protected":false},"excerpt":{"rendered":"<p>Kokos- og lime-sjampo gjenfukter matt eller t\u00f8rt h\u00e5r og gir helse og glans. Ideell for hyppig bruk og har en eksotisk, fruktig duft. Den bidrar til \u00e5 gi n\u00e6ring og gjenopprette glans for et skinnende rent resultat. Sjampobarer er en helt naturlig pleiende sjampo i fast form. V\u00e5r solide sjampo er laget av vegetabilske oljer [&hellip;]<\/p>\n","protected":false},"featured_media":282768,"comment_status":"closed","ping_status":"open","template":"","meta":{"_angie_page":false},"product_brand":[],"product_cat":[9413,25843,9429,26257,26820],"product_tag":[],"class_list":{"0":"post-207064","1":"product","2":"type-product","3":"status-publish","4":"has-post-thumbnail","6":"product_cat-bad-spa-og-personlig-pleie","7":"product_cat-dufter-aromaer","8":"product_cat-harpleie","9":"product_cat-lime","10":"product_cat-sitrus","11":"pa_collection-solid-shampoo-with-argan-base-no","12":"pa_made-in-storbritannia","14":"first","15":"outofstock","16":"purchasable","17":"product-type-simple"},"supplier_id":null,"supplier_sku":"Solid-06","barcode":null,"atum_controlled":true,"out_stock_date":"2025-10-09 01:41:17","out_stock_threshold":null,"inheritable":false,"inbound_stock":null,"stock_on_hold":0,"sold_today":0,"sales_last_days":0,"reserved_stock":null,"customer_returns":null,"warehouse_damage":null,"lost_in_post":null,"other_logs":null,"out_stock_days":119,"lost_sales":0,"has_location":null,"update_date":"2026-04-27T07:21:52","atum_locations":[],"atum_stock_status":"outofstock","restock_status":false,"low_stock_amount":"","sales_update_date":"2026-02-06T00:01:13","calc_backorders":null,"_links":{"self":[{"href":"https:\/\/aromasentia.com\/no\/wp-json\/wp\/v2\/product\/207064","targetHints":{"allow":["GET"]}}],"collection":[{"href":"https:\/\/aromasentia.com\/no\/wp-json\/wp\/v2\/product"}],"about":[{"href":"https:\/\/aromasentia.com\/no\/wp-json\/wp\/v2\/types\/product"}],"replies":[{"embeddable":true,"href":"https:\/\/aromasentia.com\/no\/wp-json\/wp\/v2\/comments?post=207064"}],"version-history":[{"count":0,"href":"https:\/\/aromasentia.com\/no\/wp-json\/wp\/v2\/product\/207064\/revisions"}],"wp:featuredmedia":[{"embeddable":true,"href":"https:\/\/aromasentia.com\/no\/wp-json\/wp\/v2\/media\/282768"}],"wp:attachment":[{"href":"https:\/\/aromasentia.com\/no\/wp-json\/wp\/v2\/media?parent=207064"}],"wp:term":[{"taxonomy":"product_brand","embeddable":true,"href":"https:\/\/aromasentia.com\/no\/wp-json\/wp\/v2\/product_brand?post=207064"},{"taxonomy":"product_cat","embeddable":true,"href":"https:\/\/aromasentia.com\/no\/wp-json\/wp\/v2\/product_cat?post=207064"},{"taxonomy":"product_tag","embeddable":true,"href":"https:\/\/aromasentia.com\/no\/wp-json\/wp\/v2\/product_tag?post=207064"}],"curies":[{"name":"wp","href":"https:\/\/api.w.org\/{rel}","templated":true}]}}