{"id":207055,"date":"2025-03-20T16:42:55","date_gmt":"2025-03-20T16:42:55","guid":{"rendered":"https:\/\/aromasentia.com\/product\/strawberry-pavlova-red-white-bath-bomb-180g\/"},"modified":"2025-05-31T03:36:18","modified_gmt":"2025-05-31T03:36:18","slug":"strawberry-pavlova-rod-og-hvit-badebombe-180g","status":"publish","type":"product","link":"https:\/\/aromasentia.com\/no\/strawberry-pavlova-rod-og-hvit-badebombe-180g\/","title":{"rendered":"Strawberry Pavlova &#8211; R\u00f8d Og Hvit Badebombe &#8211; 180g"},"content":{"rendered":"<p>Disse Aroma Sentia-ping Just Desserts-badebombene \u2013 180 g \u2013 er akkurat noe for alle som leter etter en badebombe av h\u00f8y kvalitet som b\u00e5de ser godt ut og lukter godt. Hver med en deilig duft er disse badebombene nesten gode nok til \u00e5 spises (men v\u00e6r s\u00e5 snill \u00e5 ikke gj\u00f8r det).<\/p>\n<p>Hver bombe veier hele 180 gram.<\/p>\n<p>Vi har et utvalg av fantastiske dufter \u00e5 velge mellom, hver i sin egen s\u00e6regne farge.<\/p>\n","protected":false},"excerpt":{"rendered":"<p>Disse Aroma Sentia-ping Just Desserts-badebombene \u2013 180 g \u2013 er akkurat noe for alle som leter etter en badebombe av h\u00f8y kvalitet som b\u00e5de ser godt ut og lukter godt. Hver med en deilig duft er disse badebombene nesten gode nok til \u00e5 spises (men v\u00e6r s\u00e5 snill \u00e5 ikke gj\u00f8r det). Hver bombe veier [&hellip;]<\/p>\n","protected":false},"featured_media":282479,"comment_status":"closed","ping_status":"open","template":"","meta":{"_angie_page":false},"product_brand":[],"product_cat":[9413,9418,25843,26848,26539],"product_tag":[],"class_list":{"0":"post-207055","1":"product","2":"type-product","3":"status-publish","4":"has-post-thumbnail","6":"product_cat-bad-spa-og-personlig-pleie","7":"product_cat-badebomber","8":"product_cat-dufter-aromaer","9":"product_cat-fruktig","10":"product_cat-jordbaer","11":"pa_collection-just-desserts-bath-bombs-180-g-no","12":"pa_made-in-storbritannia","13":"pa_size-180g","15":"first","16":"outofstock","17":"purchasable","18":"product-type-simple"},"supplier_id":null,"supplier_sku":"DSJDBB-02","barcode":null,"atum_controlled":true,"out_stock_date":"2026-04-25 15:14:56","out_stock_threshold":null,"inheritable":false,"inbound_stock":null,"stock_on_hold":0,"sold_today":0,"sales_last_days":0,"reserved_stock":null,"customer_returns":null,"warehouse_damage":null,"lost_in_post":null,"other_logs":null,"out_stock_days":0,"lost_sales":0,"has_location":null,"update_date":"2026-04-27T06:59:31","atum_locations":[],"atum_stock_status":"outofstock","restock_status":false,"low_stock_amount":"","sales_update_date":"2026-01-30T01:25:25","calc_backorders":null,"_links":{"self":[{"href":"https:\/\/aromasentia.com\/no\/wp-json\/wp\/v2\/product\/207055","targetHints":{"allow":["GET"]}}],"collection":[{"href":"https:\/\/aromasentia.com\/no\/wp-json\/wp\/v2\/product"}],"about":[{"href":"https:\/\/aromasentia.com\/no\/wp-json\/wp\/v2\/types\/product"}],"replies":[{"embeddable":true,"href":"https:\/\/aromasentia.com\/no\/wp-json\/wp\/v2\/comments?post=207055"}],"version-history":[{"count":0,"href":"https:\/\/aromasentia.com\/no\/wp-json\/wp\/v2\/product\/207055\/revisions"}],"wp:featuredmedia":[{"embeddable":true,"href":"https:\/\/aromasentia.com\/no\/wp-json\/wp\/v2\/media\/282479"}],"wp:attachment":[{"href":"https:\/\/aromasentia.com\/no\/wp-json\/wp\/v2\/media?parent=207055"}],"wp:term":[{"taxonomy":"product_brand","embeddable":true,"href":"https:\/\/aromasentia.com\/no\/wp-json\/wp\/v2\/product_brand?post=207055"},{"taxonomy":"product_cat","embeddable":true,"href":"https:\/\/aromasentia.com\/no\/wp-json\/wp\/v2\/product_cat?post=207055"},{"taxonomy":"product_tag","embeddable":true,"href":"https:\/\/aromasentia.com\/no\/wp-json\/wp\/v2\/product_tag?post=207055"}],"curies":[{"name":"wp","href":"https:\/\/api.w.org\/{rel}","templated":true}]}}