{"id":207052,"date":"2025-03-20T16:42:55","date_gmt":"2025-03-20T16:42:55","guid":{"rendered":"https:\/\/aromasentia.com\/product\/cinnamon-and-orange-bath-bombs\/"},"modified":"2025-05-31T03:36:10","modified_gmt":"2025-05-31T03:36:10","slug":"badebomber-med-kanel-og-appelsin","status":"publish","type":"product","link":"https:\/\/aromasentia.com\/no\/badebomber-med-kanel-og-appelsin\/","title":{"rendered":"Badebomber med Kanel Og Appelsin"},"content":{"rendered":"<p>Hvis du liker \u00e5 kj\u00f8pe varmende dufter p\u00e5 kalde kvelder, har du kommet til den rette badebomben.<\/p>\n<p>Disse badebombene er ogs\u00e5 veldig gunstige. Hver ball veier hele 180+ gram og inneholder sheasm\u00f8r som gj\u00f8r dem mykere mot huden.<\/p>\n<p>Vi har et utvalg av fantastiske dufter \u00e5 velge mellom, hver i sin egen distinkte farge.<\/p>\n<p>De leveres individuelt, trygt pakket inn i folie.<\/p>\n<p>Legg dem til i nettbutikken din, og kundene dine vil ikke kunne motst\u00e5 dem.<\/p>\n","protected":false},"excerpt":{"rendered":"<p>Hvis du liker \u00e5 kj\u00f8pe varmende dufter p\u00e5 kalde kvelder, har du kommet til den rette badebomben. Disse badebombene er ogs\u00e5 veldig gunstige. Hver ball veier hele 180+ gram og inneholder sheasm\u00f8r som gj\u00f8r dem mykere mot huden. Vi har et utvalg av fantastiske dufter \u00e5 velge mellom, hver i sin egen distinkte farge. De [&hellip;]<\/p>\n","protected":false},"featured_media":282420,"comment_status":"closed","ping_status":"open","template":"","meta":{"_angie_page":false},"product_brand":[],"product_cat":[26306,9413,9418,25843,26133,26890,26820],"product_tag":[],"class_list":{"0":"post-207052","1":"product","2":"type-product","3":"status-publish","4":"has-post-thumbnail","6":"product_cat-appelsin","7":"product_cat-bad-spa-og-personlig-pleie","8":"product_cat-badebomber","9":"product_cat-dufter-aromaer","10":"product_cat-kanel","11":"product_cat-krydret","12":"product_cat-sitrus","13":"pa_collection-jumbo-bath-bombs-180g-no","14":"pa_made-in-storbritannia","16":"first","17":"outofstock","18":"purchasable","19":"product-type-simple"},"supplier_id":null,"supplier_sku":"DSJBB-CC1","barcode":null,"atum_controlled":true,"out_stock_date":"2026-04-25 15:14:56","out_stock_threshold":null,"inheritable":false,"inbound_stock":0,"stock_on_hold":0,"sold_today":0,"sales_last_days":0,"reserved_stock":0,"customer_returns":0,"warehouse_damage":0,"lost_in_post":0,"other_logs":0,"out_stock_days":0,"lost_sales":0,"has_location":false,"update_date":"2026-04-27T06:59:31","atum_locations":[],"atum_stock_status":"outofstock","restock_status":false,"low_stock_amount":"","sales_update_date":"2026-01-30T01:24:23","calc_backorders":null,"_links":{"self":[{"href":"https:\/\/aromasentia.com\/no\/wp-json\/wp\/v2\/product\/207052","targetHints":{"allow":["GET"]}}],"collection":[{"href":"https:\/\/aromasentia.com\/no\/wp-json\/wp\/v2\/product"}],"about":[{"href":"https:\/\/aromasentia.com\/no\/wp-json\/wp\/v2\/types\/product"}],"replies":[{"embeddable":true,"href":"https:\/\/aromasentia.com\/no\/wp-json\/wp\/v2\/comments?post=207052"}],"version-history":[{"count":0,"href":"https:\/\/aromasentia.com\/no\/wp-json\/wp\/v2\/product\/207052\/revisions"}],"wp:featuredmedia":[{"embeddable":true,"href":"https:\/\/aromasentia.com\/no\/wp-json\/wp\/v2\/media\/282420"}],"wp:attachment":[{"href":"https:\/\/aromasentia.com\/no\/wp-json\/wp\/v2\/media?parent=207052"}],"wp:term":[{"taxonomy":"product_brand","embeddable":true,"href":"https:\/\/aromasentia.com\/no\/wp-json\/wp\/v2\/product_brand?post=207052"},{"taxonomy":"product_cat","embeddable":true,"href":"https:\/\/aromasentia.com\/no\/wp-json\/wp\/v2\/product_cat?post=207052"},{"taxonomy":"product_tag","embeddable":true,"href":"https:\/\/aromasentia.com\/no\/wp-json\/wp\/v2\/product_tag?post=207052"}],"curies":[{"name":"wp","href":"https:\/\/api.w.org\/{rel}","templated":true}]}}