{"id":207039,"date":"2025-03-20T16:43:54","date_gmt":"2025-03-20T16:43:54","guid":{"rendered":"https:\/\/aromasentia.com\/product\/1x-lavender-marjoram\/"},"modified":"2025-05-31T03:35:11","modified_gmt":"2025-05-31T03:35:11","slug":"badebombe-lavendel-og-merian-1stk","status":"publish","type":"product","link":"https:\/\/aromasentia.com\/no\/badebombe-lavendel-og-merian-1stk\/","title":{"rendered":"Badebombe Lavendel Og Merian 1Stk"},"content":{"rendered":"<p><span style=\"color: rgb(75, 80, 88);\">Hvis du er ute etter en mulighet til \u00e5 videreselge brusende badebomber, ta en titt p\u00e5 v\u00e5rt utvalg av <strong>Aroma Sentia<\/strong> <strong>essensielle oljebadebomber.<\/strong>&nbsp;<\/span><\/p>\n<p><span style=\"color: rgb(75, 80, 88);\">Disse er mindre enn v\u00e5re jumbobadebomber, men akkurat nok til \u00e5 gj\u00f8re badet ditt perfekt avslappende. Vi har et interessant utvalg \u00e5 velge mellom, hver i sin egen distinkte farge, duft og effekt.<\/span><\/p>\n<p><span style=\"color: rgb(75, 80, 88);\">De er ogs\u00e5 veldig gode for pengene. Hver bombe veier 120\u2013140 gram og inneholder blandinger av essensielle oljer for \u00e5 oppleve et avslappende aromaterapibad.<\/span><\/p>\n<p><span style=\"color: rgb(141, 186, 216);\"><strong>For hver tre badebomber i samme st\u00f8rrelse som kj\u00f8pes fra et hvilket som helst utvalg, kommer bestillingen i en gratis gaveeske i naturlig pappstil.<\/strong><\/span><\/p>\n<p><span style=\"color: rgb(141, 186, 216);\"><strong>Ingrediensliste i full farge inkludert.<\/strong><\/span><\/p>\n","protected":false},"excerpt":{"rendered":"<p>Hvis du er ute etter en mulighet til \u00e5 videreselge brusende badebomber, ta en titt p\u00e5 v\u00e5rt utvalg av Aroma Sentia essensielle oljebadebomber.&nbsp; Disse er mindre enn v\u00e5re jumbobadebomber, men akkurat nok til \u00e5 gj\u00f8re badet ditt perfekt avslappende. Vi har et interessant utvalg \u00e5 velge mellom, hver i sin egen distinkte farge, duft og [&hellip;]<\/p>\n","protected":false},"featured_media":283055,"comment_status":"closed","ping_status":"open","template":"","meta":[],"product_brand":[],"product_cat":[9413,26834,25843,26232,26266,26862],"product_tag":[],"class_list":{"0":"post-207039","1":"product","2":"type-product","3":"status-publish","4":"has-post-thumbnail","6":"product_cat-bad-spa-og-personlig-pleie","7":"product_cat-blomster","8":"product_cat-dufter-aromaer","9":"product_cat-lavendel","10":"product_cat-spansk-merian","11":"product_cat-urte-aromatisk","12":"pa_made-in-storbritannia","14":"first","15":"outofstock","16":"purchasable","17":"product-type-simple"},"supplier_id":null,"supplier_sku":"EBB-01","barcode":null,"atum_controlled":true,"out_stock_date":"2025-10-09 13:11:47","out_stock_threshold":null,"inheritable":false,"inbound_stock":null,"stock_on_hold":0,"sold_today":0,"sales_last_days":0,"reserved_stock":null,"customer_returns":null,"warehouse_damage":null,"lost_in_post":null,"other_logs":null,"out_stock_days":112,"lost_sales":0,"has_location":null,"update_date":"2026-01-30T01:25:21","atum_locations":[],"atum_stock_status":"outofstock","restock_status":false,"low_stock_amount":"","sales_update_date":"2026-01-30T01:25:21","calc_backorders":null,"_links":{"self":[{"href":"https:\/\/aromasentia.com\/no\/wp-json\/wp\/v2\/product\/207039","targetHints":{"allow":["GET"]}}],"collection":[{"href":"https:\/\/aromasentia.com\/no\/wp-json\/wp\/v2\/product"}],"about":[{"href":"https:\/\/aromasentia.com\/no\/wp-json\/wp\/v2\/types\/product"}],"replies":[{"embeddable":true,"href":"https:\/\/aromasentia.com\/no\/wp-json\/wp\/v2\/comments?post=207039"}],"version-history":[{"count":0,"href":"https:\/\/aromasentia.com\/no\/wp-json\/wp\/v2\/product\/207039\/revisions"}],"wp:featuredmedia":[{"embeddable":true,"href":"https:\/\/aromasentia.com\/no\/wp-json\/wp\/v2\/media\/283055"}],"wp:attachment":[{"href":"https:\/\/aromasentia.com\/no\/wp-json\/wp\/v2\/media?parent=207039"}],"wp:term":[{"taxonomy":"product_brand","embeddable":true,"href":"https:\/\/aromasentia.com\/no\/wp-json\/wp\/v2\/product_brand?post=207039"},{"taxonomy":"product_cat","embeddable":true,"href":"https:\/\/aromasentia.com\/no\/wp-json\/wp\/v2\/product_cat?post=207039"},{"taxonomy":"product_tag","embeddable":true,"href":"https:\/\/aromasentia.com\/no\/wp-json\/wp\/v2\/product_tag?post=207039"}],"curies":[{"name":"wp","href":"https:\/\/api.w.org\/{rel}","templated":true}]}}