{"id":207034,"date":"2025-03-20T16:43:54","date_gmt":"2025-03-20T16:43:54","guid":{"rendered":"https:\/\/aromasentia.com\/product\/coconut-and-lime-solid-shampoo-120g\/"},"modified":"2025-05-31T03:34:57","modified_gmt":"2025-05-31T03:34:57","slug":"kokosnott-og-lime-solid-sjampobar-120-g","status":"publish","type":"product","link":"https:\/\/aromasentia.com\/no\/kokosnott-og-lime-solid-sjampobar-120-g\/","title":{"rendered":"Kokosn\u00f8tt Og Lime Solid Sjampobar &#8211; 120 G"},"content":{"rendered":"<p><strong>Kokos- og lime-sjampo \u2013 90 g<\/strong> \u2013 <span style=\"color: rgb(75, 80, 88);\">Denne sjampoen er tilsatt essensen av limeolje og kokosn\u00f8ttduft, og tilbyr en eksotisk, fruktig aroma som pirrer sansene. Den er formulert for potensielt \u00e5 rehydrere matt eller t\u00f8rt h\u00e5r, samtidig som den gir n\u00e6ring og gjenoppretter dets naturlige glans, slik at du f\u00e5r en skinnende ren finish.<\/span><\/p>\n<p><span style=\"color: rgb(75, 80, 88);\">V\u00e5r oppdaterte formel har en arganoljebase og er fri for SLS, noe som sikrer en mer berikende renseopplevelse.<\/span><\/p>\n<p><span style=\"color: rgb(75, 80, 88);\">H\u00e5ndlaget med essensielle oljer og livlige farger, disse s\u00e5pene er perfekte for reiser, og tilbyr s\u00f8lfri bekvemmelighet.<\/span><\/p>\n<p><span style=\"color: rgb(75, 80, 88);\">Hver skive er omhyggelig pakket inn i vokset papir, komplett med en ingrediensetikett, og veier omtrent 90g &#8211; 100g.<\/span><\/p>\n<p><span style=\"color: rgb(75, 80, 88);\"><strong>Vennligst merk: P\u00e5 grunn av den h\u00e5ndlagde naturen til v\u00e5r Sjampobarer, fargen kan avvike noe fra bildene som vises.<\/strong><\/span><\/p>\n","protected":false},"excerpt":{"rendered":"<p>Kokos- og lime-sjampo \u2013 90 g \u2013 Denne sjampoen er tilsatt essensen av limeolje og kokosn\u00f8ttduft, og tilbyr en eksotisk, fruktig aroma som pirrer sansene. Den er formulert for potensielt \u00e5 rehydrere matt eller t\u00f8rt h\u00e5r, samtidig som den gir n\u00e6ring og gjenoppretter dets naturlige glans, slik at du f\u00e5r en skinnende ren finish. V\u00e5r [&hellip;]<\/p>\n","protected":false},"featured_media":283010,"comment_status":"closed","ping_status":"open","template":"","meta":{"_angie_page":false},"product_brand":[],"product_cat":[9413,25843,9429,26257,26820],"product_tag":[],"class_list":{"0":"post-207034","1":"product","2":"type-product","3":"status-publish","4":"has-post-thumbnail","6":"product_cat-bad-spa-og-personlig-pleie","7":"product_cat-dufter-aromaer","8":"product_cat-harpleie","9":"product_cat-lime","10":"product_cat-sitrus","11":"pa_collection-solid-shampoo-with-argan-base-no","12":"pa_made-in-storbritannia","13":"pa_size-100g","15":"first","16":"outofstock","17":"purchasable","18":"product-type-simple"},"supplier_id":null,"supplier_sku":"DSSolid-06","barcode":null,"atum_controlled":true,"out_stock_date":"2026-04-25 15:15:15","out_stock_threshold":null,"inheritable":false,"inbound_stock":null,"stock_on_hold":0,"sold_today":0,"sales_last_days":0,"reserved_stock":null,"customer_returns":null,"warehouse_damage":null,"lost_in_post":null,"other_logs":null,"out_stock_days":0,"lost_sales":0,"has_location":null,"update_date":"2026-04-27T06:59:51","atum_locations":[],"atum_stock_status":"outofstock","restock_status":false,"low_stock_amount":"","sales_update_date":"2025-10-09T03:29:20","calc_backorders":null,"_links":{"self":[{"href":"https:\/\/aromasentia.com\/no\/wp-json\/wp\/v2\/product\/207034","targetHints":{"allow":["GET"]}}],"collection":[{"href":"https:\/\/aromasentia.com\/no\/wp-json\/wp\/v2\/product"}],"about":[{"href":"https:\/\/aromasentia.com\/no\/wp-json\/wp\/v2\/types\/product"}],"replies":[{"embeddable":true,"href":"https:\/\/aromasentia.com\/no\/wp-json\/wp\/v2\/comments?post=207034"}],"version-history":[{"count":0,"href":"https:\/\/aromasentia.com\/no\/wp-json\/wp\/v2\/product\/207034\/revisions"}],"wp:featuredmedia":[{"embeddable":true,"href":"https:\/\/aromasentia.com\/no\/wp-json\/wp\/v2\/media\/283010"}],"wp:attachment":[{"href":"https:\/\/aromasentia.com\/no\/wp-json\/wp\/v2\/media?parent=207034"}],"wp:term":[{"taxonomy":"product_brand","embeddable":true,"href":"https:\/\/aromasentia.com\/no\/wp-json\/wp\/v2\/product_brand?post=207034"},{"taxonomy":"product_cat","embeddable":true,"href":"https:\/\/aromasentia.com\/no\/wp-json\/wp\/v2\/product_cat?post=207034"},{"taxonomy":"product_tag","embeddable":true,"href":"https:\/\/aromasentia.com\/no\/wp-json\/wp\/v2\/product_tag?post=207034"}],"curies":[{"name":"wp","href":"https:\/\/api.w.org\/{rel}","templated":true}]}}