{"id":207032,"date":"2025-03-20T16:43:54","date_gmt":"2025-03-20T16:43:54","guid":{"rendered":"https:\/\/aromasentia.com\/product\/chamomile-lemon-solid-shampoo-120g\/"},"modified":"2025-05-31T03:34:52","modified_gmt":"2025-05-31T03:34:52","slug":"kamille-og-sitron-solid-sjampobar-120-g","status":"publish","type":"product","link":"https:\/\/aromasentia.com\/no\/kamille-og-sitron-solid-sjampobar-120-g\/","title":{"rendered":"Kamille Og Sitron Solid Sjampobar &#8211; 120 G"},"content":{"rendered":"<p style=\"text-align: left;\"><strong><span style=\"color: rgb(75, 80, 88);\">Kamille- og sitronsjampo \u2013 90 g<\/span><\/strong><span style=\"color: rgb(75, 80, 88);\"> \u2013 Denne sjampoen er laget med essensen av kamille og sitronolje, og har en forfriskende duft spesielt utviklet for blondt og stripete h\u00e5r. Den har som m\u00e5l \u00e5 potensielt forbedre fargen og glansen p\u00e5 lokkene dine, slik at de blir livlige og str\u00e5lende.<\/span><\/p>\n<p style=\"text-align: left;\"><span style=\"color: rgb(75, 80, 88);\">V\u00e5r oppdaterte formel har en arganoljebase og er fri for SLS, noe som sikrer en mer berikende renseopplevelse.<\/span><\/p>\n<p style=\"text-align: left;\"><span style=\"color: rgb(75, 80, 88);\">H\u00e5ndlaget med essensielle oljer og livlige farger, disse s\u00e5pene er perfekte for reiser, og tilbyr s\u00f8lfri bekvemmelighet.<\/span><\/p>\n<p style=\"text-align: left;\"><span style=\"color: rgb(75, 80, 88);\">Hver skive er omhyggelig pakket inn i vokset papir, komplett med en ingrediensetikett, og veier omtrent 115 g.<\/span><\/p>\n<p style=\"text-align: left;\"><span style=\"color: rgb(75, 80, 88);\"><strong>Merk: Siden sjampobarene v\u00e5re er h\u00e5ndlagde, kan fargen avvike noe fra bildene som vises.<\/strong><\/span><strong><span style=\"color: rgb(75, 80, 88);\">&nbsp;<\/span><\/strong><\/p>\n","protected":false},"excerpt":{"rendered":"<p>Kamille- og sitronsjampo \u2013 90 g \u2013 Denne sjampoen er laget med essensen av kamille og sitronolje, og har en forfriskende duft spesielt utviklet for blondt og stripete h\u00e5r. Den har som m\u00e5l \u00e5 potensielt forbedre fargen og glansen p\u00e5 lokkene dine, slik at de blir livlige og str\u00e5lende. V\u00e5r oppdaterte formel har en arganoljebase [&hellip;]<\/p>\n","protected":false},"featured_media":282992,"comment_status":"closed","ping_status":"open","template":"","meta":{"_angie_page":false},"product_brand":[],"product_cat":[9413,26834,25843,9429,26127,26239,26820],"product_tag":[],"class_list":{"0":"post-207032","1":"product","2":"type-product","3":"status-publish","4":"has-post-thumbnail","6":"product_cat-bad-spa-og-personlig-pleie","7":"product_cat-blomster","8":"product_cat-dufter-aromaer","9":"product_cat-harpleie","10":"product_cat-romersk-kamille","11":"product_cat-sitron","12":"product_cat-sitrus","13":"pa_collection-solid-shampoo-with-argan-base-no","14":"pa_made-in-storbritannia","15":"pa_size-100g","17":"first","18":"outofstock","19":"purchasable","20":"product-type-simple"},"supplier_id":null,"supplier_sku":"DSSolid-04","barcode":null,"atum_controlled":true,"out_stock_date":"2026-04-25 15:15:12","out_stock_threshold":null,"inheritable":false,"inbound_stock":null,"stock_on_hold":0,"sold_today":0,"sales_last_days":0,"reserved_stock":null,"customer_returns":null,"warehouse_damage":null,"lost_in_post":null,"other_logs":null,"out_stock_days":0,"lost_sales":0,"has_location":null,"update_date":"2026-04-29T06:54:08","atum_locations":[],"atum_stock_status":"outofstock","restock_status":false,"low_stock_amount":"","sales_update_date":"2025-10-09T03:29:20","calc_backorders":null,"_links":{"self":[{"href":"https:\/\/aromasentia.com\/no\/wp-json\/wp\/v2\/product\/207032","targetHints":{"allow":["GET"]}}],"collection":[{"href":"https:\/\/aromasentia.com\/no\/wp-json\/wp\/v2\/product"}],"about":[{"href":"https:\/\/aromasentia.com\/no\/wp-json\/wp\/v2\/types\/product"}],"replies":[{"embeddable":true,"href":"https:\/\/aromasentia.com\/no\/wp-json\/wp\/v2\/comments?post=207032"}],"version-history":[{"count":0,"href":"https:\/\/aromasentia.com\/no\/wp-json\/wp\/v2\/product\/207032\/revisions"}],"wp:featuredmedia":[{"embeddable":true,"href":"https:\/\/aromasentia.com\/no\/wp-json\/wp\/v2\/media\/282992"}],"wp:attachment":[{"href":"https:\/\/aromasentia.com\/no\/wp-json\/wp\/v2\/media?parent=207032"}],"wp:term":[{"taxonomy":"product_brand","embeddable":true,"href":"https:\/\/aromasentia.com\/no\/wp-json\/wp\/v2\/product_brand?post=207032"},{"taxonomy":"product_cat","embeddable":true,"href":"https:\/\/aromasentia.com\/no\/wp-json\/wp\/v2\/product_cat?post=207032"},{"taxonomy":"product_tag","embeddable":true,"href":"https:\/\/aromasentia.com\/no\/wp-json\/wp\/v2\/product_tag?post=207032"}],"curies":[{"name":"wp","href":"https:\/\/api.w.org\/{rel}","templated":true}]}}