{"id":207016,"date":"2025-03-20T16:45:23","date_gmt":"2025-03-20T16:45:23","guid":{"rendered":"https:\/\/aromasentia.com\/product\/enchanting-heart-heaven\/"},"modified":"2025-05-31T03:33:51","modified_gmt":"2025-05-31T03:33:51","slug":"fortryllende-hjertehimmel-badebombe","status":"publish","type":"product","link":"https:\/\/aromasentia.com\/no\/fortryllende-hjertehimmel-badebombe\/","title":{"rendered":"Fortryllende Hjertehimmel Badebombe"},"content":{"rendered":"<p><span style=\"color: rgb(75, 80, 88);\">Vi introduserer aromaterapisettet \u00abEnchanting Heart Heaven\u00bb \u2013 et absolutt must for bad og egenpleie!<\/strong><\/span><\/p>\n<p><span style=\"color: rgb(75, 80, 88);\">Unn kundene dine en guddommelig opplevelse med \u00abMuskatellsalvie og\u00bb Eineb\u00e6rbadebombe, Himalaya-badesalt og Lavendelblader.<\/span><\/p>\n<p><span style=\"color: rgb(75, 80, 88);\">H\u00e5ndlaget i Storbritannia, er hvert sett et bevis p\u00e5 kvalitet, luksus og engasjement for milj\u00f8forvaltning.<\/span><\/p>\n<p><span style=\"color: rgb(75, 80, 88);\">Tilby kundene dine en reise gjennom rolige dufter og beroligende bad, hvor hvert element er et skritt mot ro.<\/span><\/p>\n<p><span style=\"color: rgb(75, 80, 88);\">Badebombens vekt: ca. 0,140 kg<\/span><\/p>\n<p><span style=\"color: rgb(75, 80, 88);\">Vekt av Himalaya-salt: ca. 0,050 kg<\/span><\/p>\n<p><span style=\"color: rgb(75, 80, 88);\">Vekt p\u00e5 blomsterblader: ca. 0,005 kg<\/span><\/p>\n","protected":false},"excerpt":{"rendered":"<p>Vi introduserer aromaterapisettet \u00abEnchanting Heart Heaven\u00bb \u2013 et absolutt must for bad og egenpleie! Unn kundene dine en guddommelig opplevelse med \u00abMuskatellsalvie og\u00bb Eineb\u00e6rbadebombe, Himalaya-badesalt og Lavendelblader. H\u00e5ndlaget i Storbritannia, er hvert sett et bevis p\u00e5 kvalitet, luksus og engasjement for milj\u00f8forvaltning. Tilby kundene dine en reise gjennom rolige dufter og beroligende bad, hvor hvert [&hellip;]<\/p>\n","protected":false},"featured_media":283263,"comment_status":"closed","ping_status":"open","template":"","meta":[],"product_brand":[],"product_cat":[9413],"product_tag":[],"class_list":{"0":"post-207016","1":"product","2":"type-product","3":"status-publish","4":"has-post-thumbnail","6":"product_cat-bad-spa-og-personlig-pleie","7":"pa_collection-aromatherapy-set-bath-bomb-himalayan-baths-salt-and-flowers-no","8":"pa_made-in-storbritannia","10":"first","11":"outofstock","12":"purchasable","13":"product-type-simple"},"supplier_id":null,"supplier_sku":"EBBS-03","barcode":null,"atum_controlled":true,"out_stock_date":"2026-01-26 01:09:54","out_stock_threshold":null,"inheritable":false,"inbound_stock":null,"stock_on_hold":0,"sold_today":0,"sales_last_days":0,"reserved_stock":null,"customer_returns":null,"warehouse_damage":null,"lost_in_post":null,"other_logs":null,"out_stock_days":10,"lost_sales":0,"has_location":null,"update_date":"2026-02-06T00:02:17","atum_locations":[],"atum_stock_status":"outofstock","restock_status":false,"low_stock_amount":"","sales_update_date":"2026-02-06T00:02:17","calc_backorders":null,"_links":{"self":[{"href":"https:\/\/aromasentia.com\/no\/wp-json\/wp\/v2\/product\/207016","targetHints":{"allow":["GET"]}}],"collection":[{"href":"https:\/\/aromasentia.com\/no\/wp-json\/wp\/v2\/product"}],"about":[{"href":"https:\/\/aromasentia.com\/no\/wp-json\/wp\/v2\/types\/product"}],"replies":[{"embeddable":true,"href":"https:\/\/aromasentia.com\/no\/wp-json\/wp\/v2\/comments?post=207016"}],"version-history":[{"count":0,"href":"https:\/\/aromasentia.com\/no\/wp-json\/wp\/v2\/product\/207016\/revisions"}],"wp:featuredmedia":[{"embeddable":true,"href":"https:\/\/aromasentia.com\/no\/wp-json\/wp\/v2\/media\/283263"}],"wp:attachment":[{"href":"https:\/\/aromasentia.com\/no\/wp-json\/wp\/v2\/media?parent=207016"}],"wp:term":[{"taxonomy":"product_brand","embeddable":true,"href":"https:\/\/aromasentia.com\/no\/wp-json\/wp\/v2\/product_brand?post=207016"},{"taxonomy":"product_cat","embeddable":true,"href":"https:\/\/aromasentia.com\/no\/wp-json\/wp\/v2\/product_cat?post=207016"},{"taxonomy":"product_tag","embeddable":true,"href":"https:\/\/aromasentia.com\/no\/wp-json\/wp\/v2\/product_tag?post=207016"}],"curies":[{"name":"wp","href":"https:\/\/api.w.org\/{rel}","templated":true}]}}