{"id":207002,"date":"2025-03-20T16:46:43","date_gmt":"2025-03-20T16:46:43","guid":{"rendered":"https:\/\/aromasentia.com\/product\/flower-guest-soaps-geranium\/"},"modified":"2025-05-31T03:33:02","modified_gmt":"2025-05-31T03:33:02","slug":"blomster-gjestesaper-geranium","status":"publish","type":"product","link":"https:\/\/aromasentia.com\/no\/blomster-gjestesaper-geranium\/","title":{"rendered":"Blomster Gjestes\u00e5per &#8211; Geranium"},"content":{"rendered":"<p>Geraniumblomstformede s\u00e5per har den perfekte st\u00f8rrelsen for gjester. De har en flott blomsterduft og fantastiske skummende egenskaper.<\/p>\n<p>Gi gjestene dine en god start p\u00e5 morgenen med noe spesielt for \u00e5 minnes tiden de har v\u00e6rt sammen med deg. Det vil gi dem en ren, fuktet f\u00f8lelse og en vakker duft.<\/p>\n<p>Blomsterformede gjestes\u00e5per veier ca. 25 gram hver og m\u00e5ler ca. 4 cm, de er SLS- og parabenfrie.<\/p>\n","protected":false},"excerpt":{"rendered":"<p>Geraniumblomstformede s\u00e5per har den perfekte st\u00f8rrelsen for gjester. De har en flott blomsterduft og fantastiske skummende egenskaper. Gi gjestene dine en god start p\u00e5 morgenen med noe spesielt for \u00e5 minnes tiden de har v\u00e6rt sammen med deg. Det vil gi dem en ren, fuktet f\u00f8lelse og en vakker duft. Blomsterformede gjestes\u00e5per veier ca. 25 [&hellip;]<\/p>\n","protected":false},"featured_media":283794,"comment_status":"closed","ping_status":"open","template":"","meta":{"_angie_page":false},"product_brand":[],"product_cat":[9413,26834,25843,26187,9439],"product_tag":[],"class_list":{"0":"post-207002","1":"product","2":"type-product","3":"status-publish","4":"has-post-thumbnail","6":"product_cat-bad-spa-og-personlig-pleie","7":"product_cat-blomster","8":"product_cat-dufter-aromaer","9":"product_cat-geranium","10":"product_cat-okologiske-saper","11":"pa_collection-flower-shaped-guest-soaps-no","12":"pa_made-in-storbritannia","14":"first","15":"instock","16":"purchasable","17":"product-type-simple"},"supplier_id":null,"supplier_sku":"FGSoap-04","barcode":null,"atum_controlled":true,"out_stock_date":null,"out_stock_threshold":null,"inheritable":false,"inbound_stock":null,"stock_on_hold":0,"sold_today":0,"sales_last_days":0,"reserved_stock":null,"customer_returns":null,"warehouse_damage":null,"lost_in_post":null,"other_logs":null,"out_stock_days":0,"lost_sales":0,"has_location":null,"update_date":"2026-04-30T19:05:32","atum_locations":[],"atum_stock_status":"instock","restock_status":false,"low_stock_amount":"","sales_update_date":"2025-09-05T00:19:06","calc_backorders":null,"_links":{"self":[{"href":"https:\/\/aromasentia.com\/no\/wp-json\/wp\/v2\/product\/207002","targetHints":{"allow":["GET"]}}],"collection":[{"href":"https:\/\/aromasentia.com\/no\/wp-json\/wp\/v2\/product"}],"about":[{"href":"https:\/\/aromasentia.com\/no\/wp-json\/wp\/v2\/types\/product"}],"replies":[{"embeddable":true,"href":"https:\/\/aromasentia.com\/no\/wp-json\/wp\/v2\/comments?post=207002"}],"version-history":[{"count":0,"href":"https:\/\/aromasentia.com\/no\/wp-json\/wp\/v2\/product\/207002\/revisions"}],"wp:featuredmedia":[{"embeddable":true,"href":"https:\/\/aromasentia.com\/no\/wp-json\/wp\/v2\/media\/283794"}],"wp:attachment":[{"href":"https:\/\/aromasentia.com\/no\/wp-json\/wp\/v2\/media?parent=207002"}],"wp:term":[{"taxonomy":"product_brand","embeddable":true,"href":"https:\/\/aromasentia.com\/no\/wp-json\/wp\/v2\/product_brand?post=207002"},{"taxonomy":"product_cat","embeddable":true,"href":"https:\/\/aromasentia.com\/no\/wp-json\/wp\/v2\/product_cat?post=207002"},{"taxonomy":"product_tag","embeddable":true,"href":"https:\/\/aromasentia.com\/no\/wp-json\/wp\/v2\/product_tag?post=207002"}],"curies":[{"name":"wp","href":"https:\/\/api.w.org\/{rel}","templated":true}]}}