{"id":207000,"date":"2025-03-20T16:46:43","date_gmt":"2025-03-20T16:46:43","guid":{"rendered":"https:\/\/aromasentia.com\/product\/alloy-fine-fragrance-perfume-oil-10ml\/"},"modified":"2025-05-31T03:32:57","modified_gmt":"2025-05-31T03:32:57","slug":"alloy-fine-parfymeolje-10ml","status":"publish","type":"product","link":"https:\/\/aromasentia.com\/no\/alloy-fine-parfymeolje-10ml\/","title":{"rendered":"Alloy Fine Parfymeolje 10ml"},"content":{"rendered":"<p><span style=\"color: rgb(75, 80, 88);\">Unn deg all forlokkelsen til Alloy Fine Fragrance Perfume Oil, tilgjengelig i praktiske 10 ml flasker. Disse uts\u00f8kte duftene er laget med presisjon og omdefinerer luksus. L\u00f8ft butikkens tilbud og fordyp kundene dine i en verden av overd\u00e5dighet.<\/span><\/p>\n<p><span style=\"color: rgb(75, 80, 88);\">Avdekk duftens kunst med v\u00e5r fengslende kolleksjon. Hver 10 ml roll-on er et mesterverk, som blander rike aromaer som fremkaller raffinement og sensualitet. Disse duftene er mer enn bare dufter; de er uttrykk for individualitet og smak.<\/span><\/p>\n<p><span style=\"color: rgb(75, 80, 88);\">Berik butikkens atmosf\u00e6re med essensen av luksus. L\u00f8ft butikken din til nye h\u00f8yder med Alloy Fine Fragrance Perfume Oil, hvor raffinement m\u00f8ter duft.<\/span><\/p>\n<p><span style=\"color: rgb(75, 80, 88);\"><strong>Duftprofil:<\/strong><\/span><\/p>\n<p><span style=\"color: rgb(75, 80, 88);\"><strong>Toppnoter: Frisk sitrus, fruktig, krydret og gr\u00f8nn.<\/strong><\/span><\/p>\n<p><span style=\"color: rgb(75, 80, 88);\"><strong>Hjertenoter: Blomsteraktig og krydret.<\/strong><\/span><\/p>\n<p><strong><span style=\"color: rgb(75, 80, 88);\">Basenoter: Varm, treaktig, tonka, vetiver, labdanum og musk.<\/span><\/strong><\/p>\n","protected":false},"excerpt":{"rendered":"<p>Unn deg all forlokkelsen til Alloy Fine Fragrance Perfume Oil, tilgjengelig i praktiske 10 ml flasker. Disse uts\u00f8kte duftene er laget med presisjon og omdefinerer luksus. L\u00f8ft butikkens tilbud og fordyp kundene dine i en verden av overd\u00e5dighet. Avdekk duftens kunst med v\u00e5r fengslende kolleksjon. Hver 10 ml roll-on er et mesterverk, som blander rike [&hellip;]<\/p>\n","protected":false},"featured_media":283720,"comment_status":"closed","ping_status":"open","template":"","meta":{"_angie_page":false},"product_brand":[],"product_cat":[9413],"product_tag":[],"class_list":{"0":"post-207000","1":"product","2":"type-product","3":"status-publish","4":"has-post-thumbnail","6":"product_cat-bad-spa-og-personlig-pleie","7":"pa_collection-fine-fragrance-perfume-oil-roll-ons-no","8":"pa_made-in-storbritannia","9":"pa_size-10ml","11":"first","12":"instock","13":"purchasable","14":"product-type-simple"},"supplier_id":null,"supplier_sku":"FFPO-01","barcode":null,"atum_controlled":true,"out_stock_date":null,"out_stock_threshold":null,"inheritable":false,"inbound_stock":null,"stock_on_hold":0,"sold_today":0,"sales_last_days":0,"reserved_stock":null,"customer_returns":null,"warehouse_damage":null,"lost_in_post":null,"other_logs":null,"out_stock_days":0,"lost_sales":0,"has_location":null,"update_date":"2026-04-30T13:09:04","atum_locations":[],"atum_stock_status":"instock","restock_status":false,"low_stock_amount":"","sales_update_date":"2025-09-05T00:19:06","calc_backorders":null,"_links":{"self":[{"href":"https:\/\/aromasentia.com\/no\/wp-json\/wp\/v2\/product\/207000","targetHints":{"allow":["GET"]}}],"collection":[{"href":"https:\/\/aromasentia.com\/no\/wp-json\/wp\/v2\/product"}],"about":[{"href":"https:\/\/aromasentia.com\/no\/wp-json\/wp\/v2\/types\/product"}],"replies":[{"embeddable":true,"href":"https:\/\/aromasentia.com\/no\/wp-json\/wp\/v2\/comments?post=207000"}],"version-history":[{"count":0,"href":"https:\/\/aromasentia.com\/no\/wp-json\/wp\/v2\/product\/207000\/revisions"}],"wp:featuredmedia":[{"embeddable":true,"href":"https:\/\/aromasentia.com\/no\/wp-json\/wp\/v2\/media\/283720"}],"wp:attachment":[{"href":"https:\/\/aromasentia.com\/no\/wp-json\/wp\/v2\/media?parent=207000"}],"wp:term":[{"taxonomy":"product_brand","embeddable":true,"href":"https:\/\/aromasentia.com\/no\/wp-json\/wp\/v2\/product_brand?post=207000"},{"taxonomy":"product_cat","embeddable":true,"href":"https:\/\/aromasentia.com\/no\/wp-json\/wp\/v2\/product_cat?post=207000"},{"taxonomy":"product_tag","embeddable":true,"href":"https:\/\/aromasentia.com\/no\/wp-json\/wp\/v2\/product_tag?post=207000"}],"curies":[{"name":"wp","href":"https:\/\/api.w.org\/{rel}","templated":true}]}}