{"id":206983,"date":"2025-03-20T16:47:59","date_gmt":"2025-03-20T16:47:59","guid":{"rendered":"https:\/\/aromasentia.com\/product\/ginger-orange-hand-body-wash-300ml\/"},"modified":"2025-05-31T03:32:02","modified_gmt":"2025-05-31T03:32:02","slug":"ginger-orange-hand-og-kroppsvas-300ml","status":"publish","type":"product","link":"https:\/\/aromasentia.com\/no\/ginger-orange-hand-og-kroppsvas-300ml\/","title":{"rendered":"Ginger &#038; Orange H\u00e5nd- Og Kroppsvas 300ml"},"content":{"rendered":"<p><strong>Ginger &amp; Orange Hand &amp; Body Wash<\/strong> er et forfriskende og oppkvikkende produkt, designet for \u00e5 rense og gi n\u00e6ring til huden samtidig som det gir en energigivende og oppl\u00f8ftende opplevelse.<\/p>\n<p>Ingef\u00e6ren gir en varm og krydret duft som er b\u00e5de energigivende og oppkvikkende. Den brukes ofte i aromaterapi for \u00e5 redusere stress og fremme f\u00f8lelsen av avslapping. Appelsinen har en lys og sitrusaktig duft som er b\u00e5de forfriskende og oppl\u00f8ftende.<\/p>\n<p>Denne h\u00e5nd- og kroppsvasken skummer lett opp og skylles ren, slik at huden f\u00f8les myk og glatt. Den er perfekt for bruk i dusjen eller badekaret, og kan brukes daglig for \u00e5 holde huden ren, fuktig og oppfrisket.<\/p>\n<p>\n","protected":false},"excerpt":{"rendered":"<p>Ginger &amp; Orange Hand &amp; Body Wash er et forfriskende og oppkvikkende produkt, designet for \u00e5 rense og gi n\u00e6ring til huden samtidig som det gir en energigivende og oppl\u00f8ftende opplevelse. Ingef\u00e6ren gir en varm og krydret duft som er b\u00e5de energigivende og oppkvikkende. Den brukes ofte i aromaterapi for \u00e5 redusere stress og fremme [&hellip;]<\/p>\n","protected":false},"featured_media":284223,"comment_status":"closed","ping_status":"open","template":"","meta":{"_angie_page":false},"product_brand":[27073],"product_cat":[26306,9413,25843,26193,9550,26890,26820],"product_tag":[],"class_list":{"0":"post-206983","1":"product","2":"type-product","3":"status-publish","4":"has-post-thumbnail","6":"product_brand-aw-cosmetics","7":"product_cat-appelsin","8":"product_cat-bad-spa-og-personlig-pleie","9":"product_cat-dufter-aromaer","10":"product_cat-ingefaer","11":"product_cat-kroppspleie","12":"product_cat-krydret","13":"product_cat-sitrus","14":"pa_collection-fragranced-hand-body-wash-no","15":"pa_made-in-storbritannia","16":"pa_size-300ml","18":"first","19":"instock","20":"purchasable","21":"product-type-simple"},"supplier_id":null,"supplier_sku":"FHBW-01","barcode":null,"atum_controlled":true,"out_stock_date":null,"out_stock_threshold":null,"inheritable":false,"inbound_stock":null,"stock_on_hold":0,"sold_today":0,"sales_last_days":0,"reserved_stock":null,"customer_returns":null,"warehouse_damage":null,"lost_in_post":null,"other_logs":null,"out_stock_days":0,"lost_sales":0,"has_location":null,"update_date":"2026-04-27T07:03:21","atum_locations":[],"atum_stock_status":"instock","restock_status":false,"low_stock_amount":"","sales_update_date":"2025-09-05T00:19:10","calc_backorders":null,"_links":{"self":[{"href":"https:\/\/aromasentia.com\/no\/wp-json\/wp\/v2\/product\/206983","targetHints":{"allow":["GET"]}}],"collection":[{"href":"https:\/\/aromasentia.com\/no\/wp-json\/wp\/v2\/product"}],"about":[{"href":"https:\/\/aromasentia.com\/no\/wp-json\/wp\/v2\/types\/product"}],"replies":[{"embeddable":true,"href":"https:\/\/aromasentia.com\/no\/wp-json\/wp\/v2\/comments?post=206983"}],"version-history":[{"count":0,"href":"https:\/\/aromasentia.com\/no\/wp-json\/wp\/v2\/product\/206983\/revisions"}],"wp:featuredmedia":[{"embeddable":true,"href":"https:\/\/aromasentia.com\/no\/wp-json\/wp\/v2\/media\/284223"}],"wp:attachment":[{"href":"https:\/\/aromasentia.com\/no\/wp-json\/wp\/v2\/media?parent=206983"}],"wp:term":[{"taxonomy":"product_brand","embeddable":true,"href":"https:\/\/aromasentia.com\/no\/wp-json\/wp\/v2\/product_brand?post=206983"},{"taxonomy":"product_cat","embeddable":true,"href":"https:\/\/aromasentia.com\/no\/wp-json\/wp\/v2\/product_cat?post=206983"},{"taxonomy":"product_tag","embeddable":true,"href":"https:\/\/aromasentia.com\/no\/wp-json\/wp\/v2\/product_tag?post=206983"}],"curies":[{"name":"wp","href":"https:\/\/api.w.org\/{rel}","templated":true}]}}