{"id":206982,"date":"2025-03-20T16:47:59","date_gmt":"2025-03-20T16:47:59","guid":{"rendered":"https:\/\/aromasentia.com\/product\/blackberry-almond-hand-body-wash-300ml\/"},"modified":"2025-05-31T03:31:59","modified_gmt":"2025-05-31T03:31:59","slug":"blackberry-almond-hand-og-kroppsvas-300ml","status":"publish","type":"product","link":"https:\/\/aromasentia.com\/no\/blackberry-almond-hand-og-kroppsvas-300ml\/","title":{"rendered":"Blackberry &#038; Almond H\u00e5nd- Og Kroppsvas 300ml"},"content":{"rendered":"<h2>Vitaliser og oppfrisk med 4x Blackberry &amp; Almond Hand &amp; Body Wash 300ml<\/h2>\n<p><strong>Blackberry &amp; Almond Hand &amp; Body Wash<\/strong> er et luksuri\u00f8st og n\u00e6rende produkt som er designet for \u00e5 rense og fukte huden samtidig som det gir en herlig og s\u00f8t duft.<\/p>\n<p>Bj\u00f8rneb\u00e6rene gir en s\u00f8t og fruktig duft som er b\u00e5de forfriskende og herlig. Mandel, derimot, har en varm og n\u00f8tteaktig duft som er b\u00e5de tr\u00f8stende og overb\u00e6rende.<\/p>\n<p>Denne h\u00e5nd- og kroppsvasken skummer lett opp og skylles ren, slik at huden f\u00f8les myk og glatt. Den er perfekt for bruk i dusjen eller badekaret, og kan brukes daglig for \u00e5 holde <a href=\"https:\/\/aromasentia.com\/wsp\" rel=\"noopener noreferrer\" target=\"_blank\">huden ren<\/a>, fuktig og oppfrisket.<\/p>\n<p><strong>Pr\u00f8v den i dag og l\u00f8ft baderutinen din til et nytt niv\u00e5 av velv\u00e6re!<\/strong> <\/p>\n","protected":false},"excerpt":{"rendered":"<p>Vitaliser og oppfrisk med 4x Blackberry &amp; Almond Hand &amp; Body Wash 300ml Blackberry &amp; Almond Hand &amp; Body Wash er et luksuri\u00f8st og n\u00e6rende produkt som er designet for \u00e5 rense og fukte huden samtidig som det gir en herlig og s\u00f8t duft. Bj\u00f8rneb\u00e6rene gir en s\u00f8t og fruktig duft som er b\u00e5de forfriskende [&hellip;]<\/p>\n","protected":false},"featured_media":284214,"comment_status":"closed","ping_status":"open","template":"","meta":{"_angie_page":false},"product_brand":[27073],"product_cat":[9413,26537,25843,26848,26852,9550,26565],"product_tag":[],"class_list":{"0":"post-206982","1":"product","2":"type-product","3":"status-publish","4":"has-post-thumbnail","6":"product_brand-aw-cosmetics","7":"product_cat-bad-spa-og-personlig-pleie","8":"product_cat-bjornebaer","9":"product_cat-dufter-aromaer","10":"product_cat-fruktig","11":"product_cat-gourmand","12":"product_cat-kroppspleie","13":"product_cat-mandel","14":"pa_collection-fragranced-hand-body-wash-no","15":"pa_made-in-storbritannia","16":"pa_size-300ml","18":"first","19":"instock","20":"purchasable","21":"product-type-simple"},"supplier_id":null,"supplier_sku":"FHBW-02","barcode":null,"atum_controlled":true,"out_stock_date":null,"out_stock_threshold":null,"inheritable":false,"inbound_stock":null,"stock_on_hold":0,"sold_today":0,"sales_last_days":0,"reserved_stock":null,"customer_returns":null,"warehouse_damage":null,"lost_in_post":null,"other_logs":null,"out_stock_days":0,"lost_sales":0,"has_location":null,"update_date":"2026-05-04T00:03:55","atum_locations":[],"atum_stock_status":"instock","restock_status":false,"low_stock_amount":"","sales_update_date":"2026-01-30T01:24:37","calc_backorders":null,"_links":{"self":[{"href":"https:\/\/aromasentia.com\/no\/wp-json\/wp\/v2\/product\/206982","targetHints":{"allow":["GET"]}}],"collection":[{"href":"https:\/\/aromasentia.com\/no\/wp-json\/wp\/v2\/product"}],"about":[{"href":"https:\/\/aromasentia.com\/no\/wp-json\/wp\/v2\/types\/product"}],"replies":[{"embeddable":true,"href":"https:\/\/aromasentia.com\/no\/wp-json\/wp\/v2\/comments?post=206982"}],"version-history":[{"count":0,"href":"https:\/\/aromasentia.com\/no\/wp-json\/wp\/v2\/product\/206982\/revisions"}],"wp:featuredmedia":[{"embeddable":true,"href":"https:\/\/aromasentia.com\/no\/wp-json\/wp\/v2\/media\/284214"}],"wp:attachment":[{"href":"https:\/\/aromasentia.com\/no\/wp-json\/wp\/v2\/media?parent=206982"}],"wp:term":[{"taxonomy":"product_brand","embeddable":true,"href":"https:\/\/aromasentia.com\/no\/wp-json\/wp\/v2\/product_brand?post=206982"},{"taxonomy":"product_cat","embeddable":true,"href":"https:\/\/aromasentia.com\/no\/wp-json\/wp\/v2\/product_cat?post=206982"},{"taxonomy":"product_tag","embeddable":true,"href":"https:\/\/aromasentia.com\/no\/wp-json\/wp\/v2\/product_tag?post=206982"}],"curies":[{"name":"wp","href":"https:\/\/api.w.org\/{rel}","templated":true}]}}