{"id":206981,"date":"2025-03-20T16:47:59","date_gmt":"2025-03-20T16:47:59","guid":{"rendered":"https:\/\/aromasentia.com\/product\/mango-lime-hand-body-wash-300ml\/"},"modified":"2025-05-31T03:31:56","modified_gmt":"2025-05-31T03:31:56","slug":"mango-lime-hand-og-kroppsvask-300ml","status":"publish","type":"product","link":"https:\/\/aromasentia.com\/no\/mango-lime-hand-og-kroppsvask-300ml\/","title":{"rendered":"Mango &#038; Lime H\u00e5nd- Og Kroppsvask 300ml"},"content":{"rendered":"<p><strong>Mango &amp; Lime Hand &amp; Body Wash<\/strong> er et forfriskende og oppkvikkende produkt, utviklet for \u00e5 rense og gi n\u00e6ring til huden samtidig som det gir en herlig og tropisk duft.<\/p>\n<p>S\u00f8t og fruktig mango er b\u00e5de forfriskende og tropisk. Lime har en lys og sitrusaktig duft som er b\u00e5de energigivende og forfriskende.<\/p>\n<p>Denne h\u00e5nd- og kroppsvasken skummer lett opp og skylles ren, og etterlater huden myk og glatt. Den er perfekt for bruk i dusjen eller badekaret, og kan brukes daglig for \u00e5 holde huden ren, fuktig og oppfrisket.<\/p>\n<p>\n","protected":false},"excerpt":{"rendered":"<p>Mango &amp; Lime Hand &amp; Body Wash er et forfriskende og oppkvikkende produkt, utviklet for \u00e5 rense og gi n\u00e6ring til huden samtidig som det gir en herlig og tropisk duft. S\u00f8t og fruktig mango er b\u00e5de forfriskende og tropisk. Lime har en lys og sitrusaktig duft som er b\u00e5de energigivende og forfriskende. Denne h\u00e5nd- [&hellip;]<\/p>\n","protected":false},"featured_media":284205,"comment_status":"closed","ping_status":"open","template":"","meta":{"_angie_page":false},"product_brand":[27073],"product_cat":[9413,25843,9550,26257,26820],"product_tag":[],"class_list":{"0":"post-206981","1":"product","2":"type-product","3":"status-publish","4":"has-post-thumbnail","6":"product_brand-aw-cosmetics","7":"product_cat-bad-spa-og-personlig-pleie","8":"product_cat-dufter-aromaer","9":"product_cat-kroppspleie","10":"product_cat-lime","11":"product_cat-sitrus","12":"pa_collection-fragranced-hand-body-wash-no","13":"pa_made-in-storbritannia","14":"pa_size-300ml","16":"first","17":"instock","18":"purchasable","19":"product-type-simple"},"supplier_id":null,"supplier_sku":"FHBW-03","barcode":null,"atum_controlled":true,"out_stock_date":null,"out_stock_threshold":null,"inheritable":false,"inbound_stock":null,"stock_on_hold":0,"sold_today":0,"sales_last_days":0,"reserved_stock":null,"customer_returns":null,"warehouse_damage":null,"lost_in_post":null,"other_logs":null,"out_stock_days":0,"lost_sales":0,"has_location":null,"update_date":"2026-04-27T07:03:21","atum_locations":[],"atum_stock_status":"instock","restock_status":false,"low_stock_amount":"","sales_update_date":"2026-01-30T01:24:44","calc_backorders":null,"_links":{"self":[{"href":"https:\/\/aromasentia.com\/no\/wp-json\/wp\/v2\/product\/206981","targetHints":{"allow":["GET"]}}],"collection":[{"href":"https:\/\/aromasentia.com\/no\/wp-json\/wp\/v2\/product"}],"about":[{"href":"https:\/\/aromasentia.com\/no\/wp-json\/wp\/v2\/types\/product"}],"replies":[{"embeddable":true,"href":"https:\/\/aromasentia.com\/no\/wp-json\/wp\/v2\/comments?post=206981"}],"version-history":[{"count":0,"href":"https:\/\/aromasentia.com\/no\/wp-json\/wp\/v2\/product\/206981\/revisions"}],"wp:featuredmedia":[{"embeddable":true,"href":"https:\/\/aromasentia.com\/no\/wp-json\/wp\/v2\/media\/284205"}],"wp:attachment":[{"href":"https:\/\/aromasentia.com\/no\/wp-json\/wp\/v2\/media?parent=206981"}],"wp:term":[{"taxonomy":"product_brand","embeddable":true,"href":"https:\/\/aromasentia.com\/no\/wp-json\/wp\/v2\/product_brand?post=206981"},{"taxonomy":"product_cat","embeddable":true,"href":"https:\/\/aromasentia.com\/no\/wp-json\/wp\/v2\/product_cat?post=206981"},{"taxonomy":"product_tag","embeddable":true,"href":"https:\/\/aromasentia.com\/no\/wp-json\/wp\/v2\/product_tag?post=206981"}],"curies":[{"name":"wp","href":"https:\/\/api.w.org\/{rel}","templated":true}]}}