{"id":206980,"date":"2025-03-20T16:47:59","date_gmt":"2025-03-20T16:47:59","guid":{"rendered":"https:\/\/aromasentia.com\/product\/raspberry-pomegranate-hand-body-wash-300ml\/"},"modified":"2025-05-31T03:31:52","modified_gmt":"2025-05-31T03:31:52","slug":"raspberry-pomegranate-hand-og-kroppsvas-300ml","status":"publish","type":"product","link":"https:\/\/aromasentia.com\/no\/raspberry-pomegranate-hand-og-kroppsvas-300ml\/","title":{"rendered":"Raspberry &#038; Pomegranate H\u00e5nd- Og Kroppsvas 300ml"},"content":{"rendered":"<p><strong>Raspberry &amp; Pomegranate Hand &amp; Body Wash<\/strong> er et luksuri\u00f8st og n\u00e6rende produkt som er utviklet for \u00e5 rense og fukte huden samtidig som det gir en s\u00f8t og fruktig duft.<\/p>\n<p>Bringeb\u00e6ret har en s\u00f8t og fruktig duft som er b\u00e5de forfriskende og herlig. Granateplet er en rik og syrlig duft som er b\u00e5de oppkvikkende og overb\u00e6rende.<\/p>\n<p>Denne h\u00e5nd- og kroppsvasken skummer lett opp og skylles ren, og etterlater huden myk og glatt. Den er perfekt for bruk i dusjen eller badekaret, og kan brukes daglig for \u00e5 holde huden ren, fuktig og oppfrisket.<\/p>\n<p>\n","protected":false},"excerpt":{"rendered":"<p>Raspberry &amp; Pomegranate Hand &amp; Body Wash er et luksuri\u00f8st og n\u00e6rende produkt som er utviklet for \u00e5 rense og fukte huden samtidig som det gir en s\u00f8t og fruktig duft. Bringeb\u00e6ret har en s\u00f8t og fruktig duft som er b\u00e5de forfriskende og herlig. Granateplet er en rik og syrlig duft som er b\u00e5de oppkvikkende [&hellip;]<\/p>\n","protected":false},"featured_media":284196,"comment_status":"closed","ping_status":"open","template":"","meta":{"_angie_page":false},"product_brand":[27073],"product_cat":[9413,25843,26848,26490,9550],"product_tag":[],"class_list":{"0":"post-206980","1":"product","2":"type-product","3":"status-publish","4":"has-post-thumbnail","6":"product_brand-aw-cosmetics","7":"product_cat-bad-spa-og-personlig-pleie","8":"product_cat-dufter-aromaer","9":"product_cat-fruktig","10":"product_cat-granateple","11":"product_cat-kroppspleie","12":"pa_collection-fragranced-hand-body-wash-no","13":"pa_made-in-storbritannia","14":"pa_size-300ml","16":"first","17":"instock","18":"purchasable","19":"product-type-simple"},"supplier_id":null,"supplier_sku":"FHBW-04","barcode":null,"atum_controlled":true,"out_stock_date":null,"out_stock_threshold":null,"inheritable":false,"inbound_stock":0,"stock_on_hold":0,"sold_today":0,"sales_last_days":0,"reserved_stock":0,"customer_returns":0,"warehouse_damage":0,"lost_in_post":0,"other_logs":0,"out_stock_days":0,"lost_sales":0,"has_location":false,"update_date":"2026-04-27T07:03:21","atum_locations":[],"atum_stock_status":"instock","restock_status":false,"low_stock_amount":"","sales_update_date":"2026-01-30T01:24:49","calc_backorders":null,"_links":{"self":[{"href":"https:\/\/aromasentia.com\/no\/wp-json\/wp\/v2\/product\/206980","targetHints":{"allow":["GET"]}}],"collection":[{"href":"https:\/\/aromasentia.com\/no\/wp-json\/wp\/v2\/product"}],"about":[{"href":"https:\/\/aromasentia.com\/no\/wp-json\/wp\/v2\/types\/product"}],"replies":[{"embeddable":true,"href":"https:\/\/aromasentia.com\/no\/wp-json\/wp\/v2\/comments?post=206980"}],"version-history":[{"count":0,"href":"https:\/\/aromasentia.com\/no\/wp-json\/wp\/v2\/product\/206980\/revisions"}],"wp:featuredmedia":[{"embeddable":true,"href":"https:\/\/aromasentia.com\/no\/wp-json\/wp\/v2\/media\/284196"}],"wp:attachment":[{"href":"https:\/\/aromasentia.com\/no\/wp-json\/wp\/v2\/media?parent=206980"}],"wp:term":[{"taxonomy":"product_brand","embeddable":true,"href":"https:\/\/aromasentia.com\/no\/wp-json\/wp\/v2\/product_brand?post=206980"},{"taxonomy":"product_cat","embeddable":true,"href":"https:\/\/aromasentia.com\/no\/wp-json\/wp\/v2\/product_cat?post=206980"},{"taxonomy":"product_tag","embeddable":true,"href":"https:\/\/aromasentia.com\/no\/wp-json\/wp\/v2\/product_tag?post=206980"}],"curies":[{"name":"wp","href":"https:\/\/api.w.org\/{rel}","templated":true}]}}