{"id":206978,"date":"2025-03-20T16:47:59","date_gmt":"2025-03-20T16:47:59","guid":{"rendered":"https:\/\/aromasentia.com\/product\/sandalwood-silk-hand-body-wash-300ml\/"},"modified":"2025-05-31T03:31:46","modified_gmt":"2025-05-31T03:31:46","slug":"sandalwood-silk-hand-og-kroppsvas-300ml","status":"publish","type":"product","link":"https:\/\/aromasentia.com\/no\/sandalwood-silk-hand-og-kroppsvas-300ml\/","title":{"rendered":"Sandalwood Silk H\u00e5nd- Og Kroppsvas 300ml"},"content":{"rendered":"<p><strong>Sandalwood Silk Hand &amp; Body Wash<\/strong> er et luksuri\u00f8st og velgj\u00f8rende produkt, designet for \u00e5 rense og fukte huden samtidig som det gir en varm og treaktig duft.<\/p>\n<p>Duften av sandeltre er b\u00e5de beroligende og jordn\u00e6r. Denne vasken gir en myk og silkeaktig tekstur som er b\u00e5de luksuri\u00f8s og n\u00e6rende.<\/p>\n<p>Denne h\u00e5nd- og kroppsvasken skummer lett opp og skyller rent, og etterlater huden myk og glatt. Den er perfekt for bruk i dusjen eller badekaret, og kan brukes daglig for \u00e5 holde huden ren, fuktig og oppfrisket.<\/p>\n<p>\n","protected":false},"excerpt":{"rendered":"<p>Sandalwood Silk Hand &amp; Body Wash er et luksuri\u00f8st og velgj\u00f8rende produkt, designet for \u00e5 rense og fukte huden samtidig som det gir en varm og treaktig duft. Duften av sandeltre er b\u00e5de beroligende og jordn\u00e6r. Denne vasken gir en myk og silkeaktig tekstur som er b\u00e5de luksuri\u00f8s og n\u00e6rende. Denne h\u00e5nd- og kroppsvasken skummer [&hellip;]<\/p>\n","protected":false},"featured_media":284178,"comment_status":"closed","ping_status":"open","template":"","meta":{"_angie_page":false},"product_brand":[27073],"product_cat":[9413,25843,9550,26386,26897],"product_tag":[],"class_list":{"0":"post-206978","1":"product","2":"type-product","3":"status-publish","4":"has-post-thumbnail","6":"product_brand-aw-cosmetics","7":"product_cat-bad-spa-og-personlig-pleie","8":"product_cat-dufter-aromaer","9":"product_cat-kroppspleie","10":"product_cat-sandelte","11":"product_cat-treaktig","12":"pa_collection-fragranced-hand-body-wash-no","13":"pa_made-in-storbritannia","14":"pa_size-300ml","16":"first","17":"instock","18":"purchasable","19":"product-type-simple"},"supplier_id":null,"supplier_sku":"FHBW-06","barcode":null,"atum_controlled":true,"out_stock_date":null,"out_stock_threshold":null,"inheritable":false,"inbound_stock":null,"stock_on_hold":0,"sold_today":0,"sales_last_days":0,"reserved_stock":null,"customer_returns":null,"warehouse_damage":null,"lost_in_post":null,"other_logs":null,"out_stock_days":0,"lost_sales":0,"has_location":null,"update_date":"2026-05-04T00:03:55","atum_locations":[],"atum_stock_status":"instock","restock_status":false,"low_stock_amount":"","sales_update_date":"2025-09-05T00:19:10","calc_backorders":null,"_links":{"self":[{"href":"https:\/\/aromasentia.com\/no\/wp-json\/wp\/v2\/product\/206978","targetHints":{"allow":["GET"]}}],"collection":[{"href":"https:\/\/aromasentia.com\/no\/wp-json\/wp\/v2\/product"}],"about":[{"href":"https:\/\/aromasentia.com\/no\/wp-json\/wp\/v2\/types\/product"}],"replies":[{"embeddable":true,"href":"https:\/\/aromasentia.com\/no\/wp-json\/wp\/v2\/comments?post=206978"}],"version-history":[{"count":0,"href":"https:\/\/aromasentia.com\/no\/wp-json\/wp\/v2\/product\/206978\/revisions"}],"wp:featuredmedia":[{"embeddable":true,"href":"https:\/\/aromasentia.com\/no\/wp-json\/wp\/v2\/media\/284178"}],"wp:attachment":[{"href":"https:\/\/aromasentia.com\/no\/wp-json\/wp\/v2\/media?parent=206978"}],"wp:term":[{"taxonomy":"product_brand","embeddable":true,"href":"https:\/\/aromasentia.com\/no\/wp-json\/wp\/v2\/product_brand?post=206978"},{"taxonomy":"product_cat","embeddable":true,"href":"https:\/\/aromasentia.com\/no\/wp-json\/wp\/v2\/product_cat?post=206978"},{"taxonomy":"product_tag","embeddable":true,"href":"https:\/\/aromasentia.com\/no\/wp-json\/wp\/v2\/product_tag?post=206978"}],"curies":[{"name":"wp","href":"https:\/\/api.w.org\/{rel}","templated":true}]}}