{"id":206977,"date":"2025-03-20T16:47:59","date_gmt":"2025-03-20T16:47:59","guid":{"rendered":"https:\/\/aromasentia.com\/product\/ginger-orange-lotion-300ml-white-label\/"},"modified":"2025-05-31T03:31:43","modified_gmt":"2025-05-31T03:31:43","slug":"ingefaer-og-appelsinlotion-300ml-white-label","status":"publish","type":"product","link":"https:\/\/aromasentia.com\/no\/ingefaer-og-appelsinlotion-300ml-white-label\/","title":{"rendered":"Ingef\u00e6r- Og Appelsinlotion 300ml &#8211; White Label"},"content":{"rendered":"<p>Gi huden energi og varme med v\u00e5r Ginger &#038; Orange Lotion. Denne 300 ml lotionen med hvit etikett byr p\u00e5 en livlig blanding av krydret, varmende ingef\u00e6r og s\u00f8t, oppl\u00f8ftende appelsin. Den n\u00e6rende formelen absorberes lett, gir varig fuktighet og etterlater huden myk, glatt og revitalisert. Den pikante og beroligende duften vekker sansene, noe som gj\u00f8r den til en perfekt daglig fuktighetskrem som forfrisker huden og gj\u00f8r deg i bedre hum\u00f8r med sin muntre, aromatiske sjarm.<\/p>\n","protected":false},"excerpt":{"rendered":"<p>Gi huden energi og varme med v\u00e5r Ginger &#038; Orange Lotion. Denne 300 ml lotionen med hvit etikett byr p\u00e5 en livlig blanding av krydret, varmende ingef\u00e6r og s\u00f8t, oppl\u00f8ftende appelsin. Den n\u00e6rende formelen absorberes lett, gir varig fuktighet og etterlater huden myk, glatt og revitalisert. Den pikante og beroligende duften vekker sansene, noe som [&hellip;]<\/p>\n","protected":false},"featured_media":284169,"comment_status":"closed","ping_status":"open","template":"","meta":[],"product_brand":[],"product_cat":[26306,9413,25843,26193,9550,26890,26820],"product_tag":[],"class_list":{"0":"post-206977","1":"product","2":"type-product","3":"status-publish","4":"has-post-thumbnail","6":"product_cat-appelsin","7":"product_cat-bad-spa-og-personlig-pleie","8":"product_cat-dufter-aromaer","9":"product_cat-ingefaer","10":"product_cat-kroppspleie","11":"product_cat-krydret","12":"product_cat-sitrus","13":"pa_collection-unlabelled-fragranced-hand-body-lotions-no","14":"pa_made-in-storbritannia","15":"pa_size-300ml","17":"first","18":"instock","19":"purchasable","20":"product-type-simple"},"supplier_id":null,"supplier_sku":"FHBLUL-01DS","barcode":null,"atum_controlled":true,"out_stock_date":null,"out_stock_threshold":null,"inheritable":false,"inbound_stock":null,"stock_on_hold":0,"sold_today":0,"sales_last_days":0,"reserved_stock":null,"customer_returns":null,"warehouse_damage":null,"lost_in_post":null,"other_logs":null,"out_stock_days":0,"lost_sales":0,"has_location":null,"update_date":"2026-02-05T22:37:01","atum_locations":[],"atum_stock_status":"instock","restock_status":false,"low_stock_amount":"","sales_update_date":"2026-01-30T01:24:30","calc_backorders":null,"_links":{"self":[{"href":"https:\/\/aromasentia.com\/no\/wp-json\/wp\/v2\/product\/206977","targetHints":{"allow":["GET"]}}],"collection":[{"href":"https:\/\/aromasentia.com\/no\/wp-json\/wp\/v2\/product"}],"about":[{"href":"https:\/\/aromasentia.com\/no\/wp-json\/wp\/v2\/types\/product"}],"replies":[{"embeddable":true,"href":"https:\/\/aromasentia.com\/no\/wp-json\/wp\/v2\/comments?post=206977"}],"version-history":[{"count":0,"href":"https:\/\/aromasentia.com\/no\/wp-json\/wp\/v2\/product\/206977\/revisions"}],"wp:featuredmedia":[{"embeddable":true,"href":"https:\/\/aromasentia.com\/no\/wp-json\/wp\/v2\/media\/284169"}],"wp:attachment":[{"href":"https:\/\/aromasentia.com\/no\/wp-json\/wp\/v2\/media?parent=206977"}],"wp:term":[{"taxonomy":"product_brand","embeddable":true,"href":"https:\/\/aromasentia.com\/no\/wp-json\/wp\/v2\/product_brand?post=206977"},{"taxonomy":"product_cat","embeddable":true,"href":"https:\/\/aromasentia.com\/no\/wp-json\/wp\/v2\/product_cat?post=206977"},{"taxonomy":"product_tag","embeddable":true,"href":"https:\/\/aromasentia.com\/no\/wp-json\/wp\/v2\/product_tag?post=206977"}],"curies":[{"name":"wp","href":"https:\/\/api.w.org\/{rel}","templated":true}]}}