{"id":206975,"date":"2025-03-20T16:47:59","date_gmt":"2025-03-20T16:47:59","guid":{"rendered":"https:\/\/aromasentia.com\/product\/mango-lime-lotion-300ml-white-label\/"},"modified":"2025-05-31T03:31:38","modified_gmt":"2025-05-31T03:31:38","slug":"mango-lime-lotion-300ml-white-label","status":"publish","type":"product","link":"https:\/\/aromasentia.com\/no\/mango-lime-lotion-300ml-white-label\/","title":{"rendered":"Mango &#038; Lime Lotion 300ml &#8211; White Label"},"content":{"rendered":"<p>Flykt til tropene med v\u00e5r Mango &#038; Lime Lotion. Denne 300 ml lotionen med hvit etikett har en herlig blanding av s\u00f8t, saftig mango og syrlig, forfriskende lime. Den fuktighetsgivende formelen smelter inn i huden og gir varig mykhet og en sunn gl\u00f8d. Den livlige, eksotiske aromaen l\u00f8fter hum\u00f8ret og styrker sansene dine, og gj\u00f8r den daglige fuktighetsrutinen til en liten ferie. Perfekt for \u00e5 gi huden en glatt, n\u00e6rende og velduftende f\u00f8lelse.<\/p>\n","protected":false},"excerpt":{"rendered":"<p>Flykt til tropene med v\u00e5r Mango &#038; Lime Lotion. Denne 300 ml lotionen med hvit etikett har en herlig blanding av s\u00f8t, saftig mango og syrlig, forfriskende lime. Den fuktighetsgivende formelen smelter inn i huden og gir varig mykhet og en sunn gl\u00f8d. Den livlige, eksotiske aromaen l\u00f8fter hum\u00f8ret og styrker sansene dine, og gj\u00f8r [&hellip;]<\/p>\n","protected":false},"featured_media":284151,"comment_status":"closed","ping_status":"open","template":"","meta":{"_angie_page":false},"product_brand":[],"product_cat":[9413,25843,9550,26257,26820],"product_tag":[],"class_list":{"0":"post-206975","1":"product","2":"type-product","3":"status-publish","4":"has-post-thumbnail","6":"product_cat-bad-spa-og-personlig-pleie","7":"product_cat-dufter-aromaer","8":"product_cat-kroppspleie","9":"product_cat-lime","10":"product_cat-sitrus","11":"pa_collection-unlabelled-fragranced-hand-body-lotions-no","12":"pa_made-in-storbritannia","13":"pa_size-300ml","15":"first","16":"instock","17":"purchasable","18":"product-type-simple"},"supplier_id":null,"supplier_sku":"FHBLUL-03DS","barcode":null,"atum_controlled":true,"out_stock_date":null,"out_stock_threshold":null,"inheritable":false,"inbound_stock":null,"stock_on_hold":0,"sold_today":0,"sales_last_days":0,"reserved_stock":null,"customer_returns":null,"warehouse_damage":null,"lost_in_post":null,"other_logs":null,"out_stock_days":0,"lost_sales":0,"has_location":null,"update_date":"2026-04-27T07:03:21","atum_locations":[],"atum_stock_status":"instock","restock_status":false,"low_stock_amount":"","sales_update_date":"2025-09-05T00:19:09","calc_backorders":null,"_links":{"self":[{"href":"https:\/\/aromasentia.com\/no\/wp-json\/wp\/v2\/product\/206975","targetHints":{"allow":["GET"]}}],"collection":[{"href":"https:\/\/aromasentia.com\/no\/wp-json\/wp\/v2\/product"}],"about":[{"href":"https:\/\/aromasentia.com\/no\/wp-json\/wp\/v2\/types\/product"}],"replies":[{"embeddable":true,"href":"https:\/\/aromasentia.com\/no\/wp-json\/wp\/v2\/comments?post=206975"}],"version-history":[{"count":0,"href":"https:\/\/aromasentia.com\/no\/wp-json\/wp\/v2\/product\/206975\/revisions"}],"wp:featuredmedia":[{"embeddable":true,"href":"https:\/\/aromasentia.com\/no\/wp-json\/wp\/v2\/media\/284151"}],"wp:attachment":[{"href":"https:\/\/aromasentia.com\/no\/wp-json\/wp\/v2\/media?parent=206975"}],"wp:term":[{"taxonomy":"product_brand","embeddable":true,"href":"https:\/\/aromasentia.com\/no\/wp-json\/wp\/v2\/product_brand?post=206975"},{"taxonomy":"product_cat","embeddable":true,"href":"https:\/\/aromasentia.com\/no\/wp-json\/wp\/v2\/product_cat?post=206975"},{"taxonomy":"product_tag","embeddable":true,"href":"https:\/\/aromasentia.com\/no\/wp-json\/wp\/v2\/product_tag?post=206975"}],"curies":[{"name":"wp","href":"https:\/\/api.w.org\/{rel}","templated":true}]}}