{"id":206972,"date":"2025-03-20T16:47:59","date_gmt":"2025-03-20T16:47:59","guid":{"rendered":"https:\/\/aromasentia.com\/product\/sandalwood-silk-lotion-300ml-white-label\/"},"modified":"2025-05-31T03:31:30","modified_gmt":"2025-05-31T03:31:30","slug":"sandalwood-silk-lotion-300ml-white-label","status":"publish","type":"product","link":"https:\/\/aromasentia.com\/no\/sandalwood-silk-lotion-300ml-white-label\/","title":{"rendered":"Sandalwood Silk Lotion 300ml &#8211; White Label"},"content":{"rendered":"<p>Skjem bort huden din med den luksuri\u00f8se Sandalwood Silk Lotion. Denne 300 ml white label-lotionen gir dyp fuktighet med en sofistikert, jordn\u00e6r aroma av rik sandeltre. Den silkeaktige formelen absorberes p\u00e5 en vidunderlig m\u00e5te og etterlater huden eksepsjonelt myk, glatt og velpleiet uten \u00e5 etterlate seg fettete rester. Den er perfekt for daglig fuktighet, gir langvarig komfort og en subtil, elegant duft som beroliger sansene og tilf\u00f8rer et snev av tidl\u00f8s luksus til hudpleierutinen din.<\/p>\n","protected":false},"excerpt":{"rendered":"<p>Skjem bort huden din med den luksuri\u00f8se Sandalwood Silk Lotion. Denne 300 ml white label-lotionen gir dyp fuktighet med en sofistikert, jordn\u00e6r aroma av rik sandeltre. Den silkeaktige formelen absorberes p\u00e5 en vidunderlig m\u00e5te og etterlater huden eksepsjonelt myk, glatt og velpleiet uten \u00e5 etterlate seg fettete rester. Den er perfekt for daglig fuktighet, gir [&hellip;]<\/p>\n","protected":false},"featured_media":284124,"comment_status":"closed","ping_status":"open","template":"","meta":{"_angie_page":false},"product_brand":[],"product_cat":[9413,25843,9550,26386,26897],"product_tag":[],"class_list":{"0":"post-206972","1":"product","2":"type-product","3":"status-publish","4":"has-post-thumbnail","6":"product_cat-bad-spa-og-personlig-pleie","7":"product_cat-dufter-aromaer","8":"product_cat-kroppspleie","9":"product_cat-sandelte","10":"product_cat-treaktig","11":"pa_collection-unlabelled-fragranced-hand-body-lotions-no","12":"pa_made-in-storbritannia","13":"pa_size-300ml","15":"first","16":"instock","17":"purchasable","18":"product-type-simple"},"supplier_id":null,"supplier_sku":"FHBLUL-06DS","barcode":null,"atum_controlled":true,"out_stock_date":null,"out_stock_threshold":null,"inheritable":false,"inbound_stock":null,"stock_on_hold":0,"sold_today":0,"sales_last_days":0,"reserved_stock":null,"customer_returns":null,"warehouse_damage":null,"lost_in_post":null,"other_logs":null,"out_stock_days":0,"lost_sales":0,"has_location":null,"update_date":"2026-05-04T00:03:55","atum_locations":[],"atum_stock_status":"instock","restock_status":false,"low_stock_amount":"","sales_update_date":"2025-09-05T00:19:08","calc_backorders":null,"_links":{"self":[{"href":"https:\/\/aromasentia.com\/no\/wp-json\/wp\/v2\/product\/206972","targetHints":{"allow":["GET"]}}],"collection":[{"href":"https:\/\/aromasentia.com\/no\/wp-json\/wp\/v2\/product"}],"about":[{"href":"https:\/\/aromasentia.com\/no\/wp-json\/wp\/v2\/types\/product"}],"replies":[{"embeddable":true,"href":"https:\/\/aromasentia.com\/no\/wp-json\/wp\/v2\/comments?post=206972"}],"version-history":[{"count":0,"href":"https:\/\/aromasentia.com\/no\/wp-json\/wp\/v2\/product\/206972\/revisions"}],"wp:featuredmedia":[{"embeddable":true,"href":"https:\/\/aromasentia.com\/no\/wp-json\/wp\/v2\/media\/284124"}],"wp:attachment":[{"href":"https:\/\/aromasentia.com\/no\/wp-json\/wp\/v2\/media?parent=206972"}],"wp:term":[{"taxonomy":"product_brand","embeddable":true,"href":"https:\/\/aromasentia.com\/no\/wp-json\/wp\/v2\/product_brand?post=206972"},{"taxonomy":"product_cat","embeddable":true,"href":"https:\/\/aromasentia.com\/no\/wp-json\/wp\/v2\/product_cat?post=206972"},{"taxonomy":"product_tag","embeddable":true,"href":"https:\/\/aromasentia.com\/no\/wp-json\/wp\/v2\/product_tag?post=206972"}],"curies":[{"name":"wp","href":"https:\/\/api.w.org\/{rel}","templated":true}]}}