{"id":206968,"date":"2025-03-20T16:47:59","date_gmt":"2025-03-20T16:47:59","guid":{"rendered":"https:\/\/aromasentia.com\/product\/mango-lime-lotion-300ml\/"},"modified":"2025-05-31T03:31:16","modified_gmt":"2025-05-31T03:31:16","slug":"mango-lime-lotion-300ml","status":"publish","type":"product","link":"https:\/\/aromasentia.com\/no\/mango-lime-lotion-300ml\/","title":{"rendered":"Mango &#038; Lime Lotion 300ml"},"content":{"rendered":"<p>Aroma Sentia <strong>&nbsp;Parfymerte h\u00e5nd- og kroppslotioner &#8211; Mango &#038; Lime Lotion 300ml<\/strong> er perfekte for daglig bruk. Hvis kundene dine liker oppl\u00f8ftende dufter og rimelige priser, b\u00f8r du absolutt vurdere \u00e5 bestille disse.<\/p>\n<p>De er designet for \u00e5 holde huden naturlig glatt, og vil gi hender og kropp en perfekt n\u00e6ring, beskyttelse og myk duft. Velg mellom seks fantastiske dufter, og kunden din vil sette pris p\u00e5 at alle er fri for parabener, sulfater og andre kjemikalier.<\/p>\n<p>Du liker kanskje ogs\u00e5 v\u00e5re <a href=\"https:\/\/aromasentia.com\/wsp\"><span style=\"color: rgb(141, 186, 216);\"><strong>ansiktsvannssprayer<\/strong><\/span><\/a>. Gi dem disse lotionene sammen med dem for \u00e5 lage et ideelt valgfritt gavesett.<\/p>\n<p><em>* Laget i Storbritannia * Vegansk * B\u00e6rekraftige materialer * Ingen dyrefors\u00f8k *<\/em><\/p>\n<p><span style=\"color: rgb(141, 186, 216);\"><strong>Overrask kundene dine i dag og berik utvalget av hudpleieprodukter.<\/strong><\/span><\/p>\n","protected":false},"excerpt":{"rendered":"<p>Aroma Sentia &nbsp;Parfymerte h\u00e5nd- og kroppslotioner &#8211; Mango &#038; Lime Lotion 300ml er perfekte for daglig bruk. Hvis kundene dine liker oppl\u00f8ftende dufter og rimelige priser, b\u00f8r du absolutt vurdere \u00e5 bestille disse. De er designet for \u00e5 holde huden naturlig glatt, og vil gi hender og kropp en perfekt n\u00e6ring, beskyttelse og myk duft. [&hellip;]<\/p>\n","protected":false},"featured_media":284056,"comment_status":"closed","ping_status":"open","template":"","meta":{"_angie_page":false},"product_brand":[27073],"product_cat":[9413,25843,9550,26257,26820],"product_tag":[],"class_list":{"0":"post-206968","1":"product","2":"type-product","3":"status-publish","4":"has-post-thumbnail","6":"product_brand-aw-cosmetics","7":"product_cat-bad-spa-og-personlig-pleie","8":"product_cat-dufter-aromaer","9":"product_cat-kroppspleie","10":"product_cat-lime","11":"product_cat-sitrus","12":"pa_collection-fragranced-hand-body-lotions-no","13":"pa_made-in-storbritannia","14":"pa_size-300ml","16":"first","17":"instock","18":"purchasable","19":"product-type-simple"},"supplier_id":null,"supplier_sku":"FHBL-03DS","barcode":null,"atum_controlled":true,"out_stock_date":null,"out_stock_threshold":null,"inheritable":false,"inbound_stock":null,"stock_on_hold":0,"sold_today":0,"sales_last_days":0,"reserved_stock":null,"customer_returns":null,"warehouse_damage":null,"lost_in_post":null,"other_logs":null,"out_stock_days":0,"lost_sales":0,"has_location":null,"update_date":"2026-04-27T07:03:12","atum_locations":[],"atum_stock_status":"instock","restock_status":false,"low_stock_amount":"","sales_update_date":"2026-01-30T01:24:43","calc_backorders":null,"_links":{"self":[{"href":"https:\/\/aromasentia.com\/no\/wp-json\/wp\/v2\/product\/206968","targetHints":{"allow":["GET"]}}],"collection":[{"href":"https:\/\/aromasentia.com\/no\/wp-json\/wp\/v2\/product"}],"about":[{"href":"https:\/\/aromasentia.com\/no\/wp-json\/wp\/v2\/types\/product"}],"replies":[{"embeddable":true,"href":"https:\/\/aromasentia.com\/no\/wp-json\/wp\/v2\/comments?post=206968"}],"version-history":[{"count":0,"href":"https:\/\/aromasentia.com\/no\/wp-json\/wp\/v2\/product\/206968\/revisions"}],"wp:featuredmedia":[{"embeddable":true,"href":"https:\/\/aromasentia.com\/no\/wp-json\/wp\/v2\/media\/284056"}],"wp:attachment":[{"href":"https:\/\/aromasentia.com\/no\/wp-json\/wp\/v2\/media?parent=206968"}],"wp:term":[{"taxonomy":"product_brand","embeddable":true,"href":"https:\/\/aromasentia.com\/no\/wp-json\/wp\/v2\/product_brand?post=206968"},{"taxonomy":"product_cat","embeddable":true,"href":"https:\/\/aromasentia.com\/no\/wp-json\/wp\/v2\/product_cat?post=206968"},{"taxonomy":"product_tag","embeddable":true,"href":"https:\/\/aromasentia.com\/no\/wp-json\/wp\/v2\/product_tag?post=206968"}],"curies":[{"name":"wp","href":"https:\/\/api.w.org\/{rel}","templated":true}]}}