{"id":206958,"date":"2025-03-20T16:48:36","date_gmt":"2025-03-20T16:48:36","guid":{"rendered":"https:\/\/aromasentia.com\/product\/fruity-scrub-soap-on-a-rope-mango\/"},"modified":"2025-05-31T03:30:36","modified_gmt":"2025-05-31T03:30:36","slug":"fruktig-skrubbesape-med-tau-mango","status":"publish","type":"product","link":"https:\/\/aromasentia.com\/no\/fruktig-skrubbesape-med-tau-mango\/","title":{"rendered":"Fruktig Skrubbes\u00e5pe med Tau &#8211; Mango"},"content":{"rendered":"<p>Skrubbe deg med disse <strong>Fruity Scrub Soap on a Rope<\/strong>. Eksfoliering er noe av det beste du kan gj\u00f8re for huden din. Produksjonen v\u00e5r har jobbet d\u00f8gnet rundt for \u00e5 gi kundene dine denne nye serien av Fruity Scrub Soap on a Rope, laget av duftoljer av h\u00f8yeste kvalitet og naturlig luksuri\u00f8s egyptisk loofah. Disse s\u00e5pene kommer p\u00e5 en bomullssnor som gj\u00f8r den enkel \u00e5 holde og henge fra dusjen eller en kran.<\/p>\n<p>Fruity Scrub Soap on a Rope gir utmerket peeling. De er perfekte for bruk i dusjen og badekaret, og p\u00e5 grunn av de unike fibrene er loofahen perfekt til \u00e5 skrubbe kroppen med, og etterlater huden din nydelig glatt og velduftende. De tropiske duftene i disse s\u00e5pene vil gi kundene dine en ren, n\u00e6rende og fuktighetsgivende f\u00f8lelse p\u00e5 b\u00e5de hender, kropp og sjel. Slik bruker du den som kroppsskrubb: &nbsp;V\u00e5t s\u00e5peskrubbe Loofah og skrubb forsiktig over hele kroppen. Du kan ogs\u00e5 v\u00e6re interessert i v\u00e5r <a href=\"https:\/\/aromasentia.com\/elloofah\"><strong>Egyptian Luxury Loofah<\/strong><\/a><strong>&nbsp;<\/strong>og<a href=\"https:\/\/aromasentia.com\/hss\"><strong>&nbsp;Happy Scrub Soap.<\/strong><\/a><\/p>\n<p><strong>Vegan Friendly &#8211; Made in UK &ndash; Vakre dufter &#8211; Gaveeske &#8211; H\u00e5ndlaget med<\/strong> kj\u00e6rlighetS\u00e5pe Skrubbedimensjon: D: 10cm H: 2cm vekt: 150g<\/p>\n<p><strong>Bestill i dag og gi kundene dine den Happy Scrub-f\u00f8lelsen<\/strong><\/p>\n","protected":false},"excerpt":{"rendered":"<p>Skrubbe deg med disse Fruity Scrub Soap on a Rope. Eksfoliering er noe av det beste du kan gj\u00f8re for huden din. Produksjonen v\u00e5r har jobbet d\u00f8gnet rundt for \u00e5 gi kundene dine denne nye serien av Fruity Scrub Soap on a Rope, laget av duftoljer av h\u00f8yeste kvalitet og naturlig luksuri\u00f8s egyptisk loofah. Disse [&hellip;]<\/p>\n","protected":false},"featured_media":284646,"comment_status":"closed","ping_status":"open","template":"","meta":[],"product_brand":[],"product_cat":[9413,9439],"product_tag":[],"class_list":{"0":"post-206958","1":"product","2":"type-product","3":"status-publish","4":"has-post-thumbnail","6":"product_cat-bad-spa-og-personlig-pleie","7":"product_cat-okologiske-saper","8":"pa_made-in-storbritannia","10":"first","11":"outofstock","12":"purchasable","13":"product-type-simple"},"supplier_id":null,"supplier_sku":"FSS-05","barcode":null,"atum_controlled":true,"out_stock_date":"2025-10-09 13:09:52","out_stock_threshold":null,"inheritable":false,"inbound_stock":null,"stock_on_hold":0,"sold_today":0,"sales_last_days":0,"reserved_stock":null,"customer_returns":null,"warehouse_damage":null,"lost_in_post":null,"other_logs":null,"out_stock_days":112,"lost_sales":0,"has_location":null,"update_date":"2026-01-30T01:25:14","atum_locations":[],"atum_stock_status":"outofstock","restock_status":false,"low_stock_amount":"","sales_update_date":"2026-01-30T01:25:14","calc_backorders":null,"_links":{"self":[{"href":"https:\/\/aromasentia.com\/no\/wp-json\/wp\/v2\/product\/206958","targetHints":{"allow":["GET"]}}],"collection":[{"href":"https:\/\/aromasentia.com\/no\/wp-json\/wp\/v2\/product"}],"about":[{"href":"https:\/\/aromasentia.com\/no\/wp-json\/wp\/v2\/types\/product"}],"replies":[{"embeddable":true,"href":"https:\/\/aromasentia.com\/no\/wp-json\/wp\/v2\/comments?post=206958"}],"version-history":[{"count":0,"href":"https:\/\/aromasentia.com\/no\/wp-json\/wp\/v2\/product\/206958\/revisions"}],"wp:featuredmedia":[{"embeddable":true,"href":"https:\/\/aromasentia.com\/no\/wp-json\/wp\/v2\/media\/284646"}],"wp:attachment":[{"href":"https:\/\/aromasentia.com\/no\/wp-json\/wp\/v2\/media?parent=206958"}],"wp:term":[{"taxonomy":"product_brand","embeddable":true,"href":"https:\/\/aromasentia.com\/no\/wp-json\/wp\/v2\/product_brand?post=206958"},{"taxonomy":"product_cat","embeddable":true,"href":"https:\/\/aromasentia.com\/no\/wp-json\/wp\/v2\/product_cat?post=206958"},{"taxonomy":"product_tag","embeddable":true,"href":"https:\/\/aromasentia.com\/no\/wp-json\/wp\/v2\/product_tag?post=206958"}],"curies":[{"name":"wp","href":"https:\/\/api.w.org\/{rel}","templated":true}]}}