{"id":206951,"date":"2025-03-20T16:48:36","date_gmt":"2025-03-20T16:48:36","guid":{"rendered":"https:\/\/aromasentia.com\/product\/funky-soap-loaf-raspberry-compote\/"},"modified":"2025-05-31T03:30:13","modified_gmt":"2025-05-31T03:30:13","slug":"funky-sapestykke-bringebaerkompott","status":"publish","type":"product","link":"https:\/\/aromasentia.com\/no\/funky-sapestykke-bringebaerkompott\/","title":{"rendered":"Funky S\u00e5pestykke &#8211; Bringeb\u00e6rkompott"},"content":{"rendered":"<p><span style=\"color: rgb(75, 80, 88);\"><strong>Funky s\u00e5pebr\u00f8d &#8211; bringeb\u00e6rkompott ser fantastisk ut og lukter fantastisk! Denne fargerike s\u00e5pen i nettbutikken din vil tiltrekke seg kundenes oppmerksomhet umiddelbart.<\/span><\/p>\n<p><span style=\"color: rgb(75, 80, 88);\">Hver Funky s\u00e5pebr\u00f8d veier omtrent <strong>1,45 kg<\/strong>. Den kan kuttes i minst <strong>12 skiver<\/strong>. <br \/><\/span><\/p>\n<p><span style=\"color: rgb(75, 80, 88);\"><strong>Merk:<\/strong> Fargen eller designet kan variere noe.<\/span><\/p>\n<p><span style=\"color: rgb(141, 186, 216);\"><strong>Dette er en virkelig fantastisk s\u00e5pe for alle som \u00f8nsker \u00e5 lage bad<br style=\"color: rgb(114, 114, 114); font-family: Raleway, sans-serif; font-size: 15px; font-style: normal; font-variant-ligatures: normal; font-variant-caps: normal; font-weight: 400; letter-spacing: normal; orphans: 2; text-align: start; text-indent: 0px; text-transform: none; white-space: normal; widows: 2; word-spacing: 0px; -webkit-text-stroke-width: 0px; background-color: rgb(255, 255, 255); text-decoration-thickness: initial; text-decoration-style: initial; text-decoration-color: initial;\">Gj\u00f8r tiden litt mer spesiell og morsom. Kunden din vil elske det vanvittige designet.<\/strong><\/span><\/p>\n","protected":false},"excerpt":{"rendered":"<p>Funky s\u00e5pebr\u00f8d &#8211; bringeb\u00e6rkompott ser fantastisk ut og lukter fantastisk! Denne fargerike s\u00e5pen i nettbutikken din vil tiltrekke seg kundenes oppmerksomhet umiddelbart. Hver Funky s\u00e5pebr\u00f8d veier omtrent 1,45 kg. Den kan kuttes i minst 12 skiver. Merk: Fargen eller designet kan variere noe. Dette er en virkelig fantastisk s\u00e5pe for alle som \u00f8nsker \u00e5 lage [&hellip;]<\/p>\n","protected":false},"featured_media":284415,"comment_status":"closed","ping_status":"open","template":"","meta":[],"product_brand":[],"product_cat":[9413,9439],"product_tag":[],"class_list":{"0":"post-206951","1":"product","2":"type-product","3":"status-publish","4":"has-post-thumbnail","6":"product_cat-bad-spa-og-personlig-pleie","7":"product_cat-okologiske-saper","8":"pa_made-in-storbritannia","10":"first","11":"outofstock","12":"purchasable","13":"product-type-simple"},"supplier_id":null,"supplier_sku":"FSL-02","barcode":null,"atum_controlled":true,"out_stock_date":"2025-09-04 23:39:59","out_stock_threshold":null,"inheritable":false,"inbound_stock":null,"stock_on_hold":0,"sold_today":0,"sales_last_days":0,"reserved_stock":null,"customer_returns":null,"warehouse_damage":null,"lost_in_post":null,"other_logs":null,"out_stock_days":0,"lost_sales":0,"has_location":null,"update_date":"2026-02-11T09:34:47","atum_locations":[],"atum_stock_status":"outofstock","restock_status":false,"low_stock_amount":"","sales_update_date":"2025-09-02T00:09:48","calc_backorders":null,"_links":{"self":[{"href":"https:\/\/aromasentia.com\/no\/wp-json\/wp\/v2\/product\/206951","targetHints":{"allow":["GET"]}}],"collection":[{"href":"https:\/\/aromasentia.com\/no\/wp-json\/wp\/v2\/product"}],"about":[{"href":"https:\/\/aromasentia.com\/no\/wp-json\/wp\/v2\/types\/product"}],"replies":[{"embeddable":true,"href":"https:\/\/aromasentia.com\/no\/wp-json\/wp\/v2\/comments?post=206951"}],"version-history":[{"count":0,"href":"https:\/\/aromasentia.com\/no\/wp-json\/wp\/v2\/product\/206951\/revisions"}],"wp:featuredmedia":[{"embeddable":true,"href":"https:\/\/aromasentia.com\/no\/wp-json\/wp\/v2\/media\/284415"}],"wp:attachment":[{"href":"https:\/\/aromasentia.com\/no\/wp-json\/wp\/v2\/media?parent=206951"}],"wp:term":[{"taxonomy":"product_brand","embeddable":true,"href":"https:\/\/aromasentia.com\/no\/wp-json\/wp\/v2\/product_brand?post=206951"},{"taxonomy":"product_cat","embeddable":true,"href":"https:\/\/aromasentia.com\/no\/wp-json\/wp\/v2\/product_cat?post=206951"},{"taxonomy":"product_tag","embeddable":true,"href":"https:\/\/aromasentia.com\/no\/wp-json\/wp\/v2\/product_tag?post=206951"}],"curies":[{"name":"wp","href":"https:\/\/api.w.org\/{rel}","templated":true}]}}