{"id":206949,"date":"2025-03-20T16:48:36","date_gmt":"2025-03-20T16:48:36","guid":{"rendered":"https:\/\/aromasentia.com\/product\/fragranced-sugar-body-scrub-watermelon-daquiri-300g\/"},"modified":"2025-05-31T03:30:08","modified_gmt":"2025-05-31T03:30:08","slug":"parfymert-sukkerskrubb-watermelon-daquiri-300-g","status":"publish","type":"product","link":"https:\/\/aromasentia.com\/no\/parfymert-sukkerskrubb-watermelon-daquiri-300-g\/","title":{"rendered":"Parfymert Sukkerskrubb &#8211; Watermelon Daquiri 300 G"},"content":{"rendered":"<p><span style=\"color: rgb(75, 80, 88);\">Det er utrolig, men sant &#8230; n\u00e5 kan kundene dine f\u00e5 en luksuri\u00f8s sukkerpeeling som vil minne dem om favorittcocktailen deres &#8211; <strong>Watermelon Daiquiri.<\/strong><\/span><\/p>\n<p><span style=\"color: rgb(75, 80, 88);\">Cocktail Sugar Body Scrub er et av de beste naturlige skj\u00f8nnhetsproduktene for \u00e5 eksfoliere huden. Med fantastiske dufter og tilsetning av sheasm\u00f8r l\u00f8fter de sansene og beroliger huden. Kundene dine kan bruke dem hele \u00e5ret for en myk og str\u00e5lende hud.<\/span><\/p>\n<p><span style=\"color: rgb(75, 80, 88);\"><strong>Cocktail Sugar Body Scrubs<\/strong> med sin kremete tekstur eksfolierer sk\u00e5nsomt, hjelper sirkulasjonen og fjerner d\u00f8de hudceller ved \u00e5 skrubbe dem bort. De vil bidra til \u00e5 fjerne alle urenheter og gi huden en fornyet og frisk f\u00f8lelse. AW sukkerkroppsskrubb er den perfekte m\u00e5ten \u00e5 unne seg litt egenpleie p\u00e5.<\/span><\/p>\n<p><span style=\"color: rgb(75, 80, 88);\"><br \/><\/span><\/p>\n<p><span style=\"color: rgb(75, 80, 88);\"><strong>Bruksanvisning:<\/strong> Fordel en gener\u00f8s mengde p\u00e5 huden, v\u00e5t eller t\u00f8rr! Masser hudoverflaten med sirkelbevegelser. Skyll med varmt vann. Klapp t\u00f8rk og p\u00e5f\u00f8r din favorittfuktighetskrem. Bruk en eller to ganger i uken. Oppbevar den p\u00e5 et kj\u00f8lig og t\u00f8rt sted.<\/span><\/p>\n<p><span style=\"color: rgb(75, 80, 88);\"><em>* Vegansk * Ikke testet p\u00e5 dyr * Passer for alle hudtyper * H\u00e5ndlaget * Laget i Storbritannia *<\/em><\/span><\/p>\n<p><span style=\"color: rgb(75, 80, 88);\"><strong>Skrubb deg n\u00e5 for en sunn fortjeneste! Bestill i dag.<\/p>\n","protected":false},"excerpt":{"rendered":"<p>Det er utrolig, men sant &#8230; n\u00e5 kan kundene dine f\u00e5 en luksuri\u00f8s sukkerpeeling som vil minne dem om favorittcocktailen deres &#8211; Watermelon Daiquiri. Cocktail Sugar Body Scrub er et av de beste naturlige skj\u00f8nnhetsproduktene for \u00e5 eksfoliere huden. Med fantastiske dufter og tilsetning av sheasm\u00f8r l\u00f8fter de sansene og beroliger huden. Kundene dine kan [&hellip;]<\/p>\n","protected":false},"featured_media":284381,"comment_status":"closed","ping_status":"open","template":"","meta":{"_angie_page":false},"product_brand":[],"product_cat":[9413,25843,26848,9550,26492],"product_tag":[],"class_list":{"0":"post-206949","1":"product","2":"type-product","3":"status-publish","4":"has-post-thumbnail","6":"product_cat-bad-spa-og-personlig-pleie","7":"product_cat-dufter-aromaer","8":"product_cat-fruktig","9":"product_cat-kroppspleie","10":"product_cat-vannmelon","11":"pa_collection-fragranced-sugar-body-scrub-no","12":"pa_made-in-storbritannia","13":"pa_size-300g","15":"first","16":"instock","17":"purchasable","18":"product-type-simple"},"supplier_id":null,"supplier_sku":"FSBS-01","barcode":null,"atum_controlled":true,"out_stock_date":null,"out_stock_threshold":null,"inheritable":false,"inbound_stock":null,"stock_on_hold":0,"sold_today":0,"sales_last_days":0,"reserved_stock":null,"customer_returns":null,"warehouse_damage":null,"lost_in_post":null,"other_logs":null,"out_stock_days":0,"lost_sales":0,"has_location":null,"update_date":"2026-04-28T01:01:01","atum_locations":[],"atum_stock_status":"instock","restock_status":false,"low_stock_amount":"","sales_update_date":"2025-09-05T00:19:11","calc_backorders":null,"_links":{"self":[{"href":"https:\/\/aromasentia.com\/no\/wp-json\/wp\/v2\/product\/206949","targetHints":{"allow":["GET"]}}],"collection":[{"href":"https:\/\/aromasentia.com\/no\/wp-json\/wp\/v2\/product"}],"about":[{"href":"https:\/\/aromasentia.com\/no\/wp-json\/wp\/v2\/types\/product"}],"replies":[{"embeddable":true,"href":"https:\/\/aromasentia.com\/no\/wp-json\/wp\/v2\/comments?post=206949"}],"version-history":[{"count":0,"href":"https:\/\/aromasentia.com\/no\/wp-json\/wp\/v2\/product\/206949\/revisions"}],"wp:featuredmedia":[{"embeddable":true,"href":"https:\/\/aromasentia.com\/no\/wp-json\/wp\/v2\/media\/284381"}],"wp:attachment":[{"href":"https:\/\/aromasentia.com\/no\/wp-json\/wp\/v2\/media?parent=206949"}],"wp:term":[{"taxonomy":"product_brand","embeddable":true,"href":"https:\/\/aromasentia.com\/no\/wp-json\/wp\/v2\/product_brand?post=206949"},{"taxonomy":"product_cat","embeddable":true,"href":"https:\/\/aromasentia.com\/no\/wp-json\/wp\/v2\/product_cat?post=206949"},{"taxonomy":"product_tag","embeddable":true,"href":"https:\/\/aromasentia.com\/no\/wp-json\/wp\/v2\/product_tag?post=206949"}],"curies":[{"name":"wp","href":"https:\/\/api.w.org\/{rel}","templated":true}]}}