{"id":206939,"date":"2025-03-20T16:49:31","date_gmt":"2025-03-20T16:49:31","guid":{"rendered":"https:\/\/aromasentia.com\/product\/amethyst-gem-bracelet-bath-bomb\/"},"modified":"2025-05-31T03:29:33","modified_gmt":"2025-05-31T03:29:33","slug":"ametyst-perlearmband-badebombe","status":"publish","type":"product","link":"https:\/\/aromasentia.com\/no\/ametyst-perlearmband-badebombe\/","title":{"rendered":"Ametyst Perlearmb\u00e5nd Badebombe"},"content":{"rendered":"<p><strong><span style=\"color: rgb(75, 80, 88);\">Ametyst edelstensarmb\u00e5nd badebombe &#8211; lavendel og tea tree med havsalt<\/span><\/strong><\/p>\n<p><span style=\"color: rgb(75, 80, 88);\">Forvandle badetiden til en overd\u00e5dig spa-opplevelse med disse h\u00e5ndlagde badebombene som ikke bare gir n\u00e6ring til huden, men ogs\u00e5 skaper en avslappende og beroligende atmosf\u00e6re, slik at kunden din f\u00f8ler seg forfrisket og forynget.<\/span><\/p>\n<p><span style=\"color: rgb(75, 80, 88);\"><strong>Men det beste? Inni hver badebombe finner du et fantastisk edelstensarmb\u00e5nd som kommer i en rekke edelstener, hver med sine unike egenskaper og betydning.<\/strong><\/span><\/p>\n<p><span style=\"color: rgb(75, 80, 88);\">Bare slipp badebomben i badekaret ditt og se mens den bruser og frigj\u00f8r sin himmelske duft. La deg nyte det luksuri\u00f8se vannet mens edelstensarmb\u00e5ndet flyter opp til overflaten. N\u00e5r du er ferdig med badet, ta p\u00e5 deg det nye edelstensarmb\u00e5ndet og kjenn fordelene med de naturlige edelstenene.<\/span><\/p>\n<p><span style=\"color: rgb(75, 80, 88);\"><strong>Laget i Storbritannia &#8211; Vekt badebombe: 140 g<\/strong><\/span><\/p>\n","protected":false},"excerpt":{"rendered":"<p>Ametyst edelstensarmb\u00e5nd badebombe &#8211; lavendel og tea tree med havsalt Forvandle badetiden til en overd\u00e5dig spa-opplevelse med disse h\u00e5ndlagde badebombene som ikke bare gir n\u00e6ring til huden, men ogs\u00e5 skaper en avslappende og beroligende atmosf\u00e6re, slik at kunden din f\u00f8ler seg forfrisket og forynget. Men det beste? Inni hver badebombe finner du et fantastisk edelstensarmb\u00e5nd [&hellip;]<\/p>\n","protected":false},"featured_media":284832,"comment_status":"closed","ping_status":"open","template":"","meta":{"_angie_page":false},"product_brand":[],"product_cat":[25548,25207,9413,9418,9419,25221],"product_tag":[],"class_list":{"0":"post-206939","1":"product","2":"type-product","3":"status-publish","4":"has-post-thumbnail","6":"product_cat-ametyst","7":"product_cat-armband","8":"product_cat-bad-spa-og-personlig-pleie","9":"product_cat-badebomber","10":"product_cat-gavesett","11":"product_cat-krystaller-edelsteiner","12":"pa_collection-gemstone-bracelet-bath-bomb-no","13":"pa_made-in-storbritannia","15":"first","16":"instock","17":"purchasable","18":"product-type-simple"},"supplier_id":null,"supplier_sku":"GBBB-04","barcode":null,"atum_controlled":true,"out_stock_date":null,"out_stock_threshold":null,"inheritable":false,"inbound_stock":null,"stock_on_hold":0,"sold_today":0,"sales_last_days":0,"reserved_stock":null,"customer_returns":null,"warehouse_damage":null,"lost_in_post":null,"other_logs":null,"out_stock_days":0,"lost_sales":0,"has_location":null,"update_date":"2026-04-27T07:05:00","atum_locations":[],"atum_stock_status":"instock","restock_status":false,"low_stock_amount":"","sales_update_date":"2025-09-05T00:19:14","calc_backorders":null,"_links":{"self":[{"href":"https:\/\/aromasentia.com\/no\/wp-json\/wp\/v2\/product\/206939","targetHints":{"allow":["GET"]}}],"collection":[{"href":"https:\/\/aromasentia.com\/no\/wp-json\/wp\/v2\/product"}],"about":[{"href":"https:\/\/aromasentia.com\/no\/wp-json\/wp\/v2\/types\/product"}],"replies":[{"embeddable":true,"href":"https:\/\/aromasentia.com\/no\/wp-json\/wp\/v2\/comments?post=206939"}],"version-history":[{"count":0,"href":"https:\/\/aromasentia.com\/no\/wp-json\/wp\/v2\/product\/206939\/revisions"}],"wp:featuredmedia":[{"embeddable":true,"href":"https:\/\/aromasentia.com\/no\/wp-json\/wp\/v2\/media\/284832"}],"wp:attachment":[{"href":"https:\/\/aromasentia.com\/no\/wp-json\/wp\/v2\/media?parent=206939"}],"wp:term":[{"taxonomy":"product_brand","embeddable":true,"href":"https:\/\/aromasentia.com\/no\/wp-json\/wp\/v2\/product_brand?post=206939"},{"taxonomy":"product_cat","embeddable":true,"href":"https:\/\/aromasentia.com\/no\/wp-json\/wp\/v2\/product_cat?post=206939"},{"taxonomy":"product_tag","embeddable":true,"href":"https:\/\/aromasentia.com\/no\/wp-json\/wp\/v2\/product_tag?post=206939"}],"curies":[{"name":"wp","href":"https:\/\/api.w.org\/{rel}","templated":true}]}}