{"id":206937,"date":"2025-03-20T16:49:31","date_gmt":"2025-03-20T16:49:31","guid":{"rendered":"https:\/\/aromasentia.com\/product\/green-aventurine-gem-bracelet-bath-bomb\/"},"modified":"2025-05-31T03:29:29","modified_gmt":"2025-05-31T03:29:29","slug":"badebombe-med-armband-av-gronn-aventurin","status":"publish","type":"product","link":"https:\/\/aromasentia.com\/no\/badebombe-med-armband-av-gronn-aventurin\/","title":{"rendered":"Badebombe med Armb\u00e5nd Av Gr\u00f8nn Aventurin"},"content":{"rendered":"<p><span style=\"color: rgb(75, 80, 88);\"><strong>Badebombe med gr\u00f8nne aventurin-edelstener &#8211; Sitron og Lime med havsalt<\/strong><\/span><\/p>\n<p><span style=\"color: rgb(75, 80, 88);\">Forvandle badetiden til en overd\u00e5dig spa-opplevelse med disse h\u00e5ndlagde badebombene som ikke bare gir n\u00e6ring til huden, men ogs\u00e5 skaper en avslappende og beroligende atmosf\u00e6re, slik at kunden din f\u00f8ler seg forfrisket og forynget.<\/span><\/p>\n<p><span style=\"color: rgb(75, 80, 88);\"><strong>Men det beste av alt?<\/strong> <strong>Inne i hver badebombe finner du et fantastisk armb\u00e5nd med edelstener som kommer i en rekke edelstener, hver med sine unike egenskaper og betydning.<\/strong><\/span><\/p>\n<p><span style=\"color: rgb(75, 80, 88);\">Bare slipp badebomben i badekaret og se mens den bruser og frigj\u00f8r sin himmelske duft. La deg nyte det luksuri\u00f8se vannet mens edelstensarmb\u00e5ndet flyter opp til overflaten.<\/span><\/p>\n<p><span style=\"color: rgb(75, 80, 88);\">N\u00e5r du er ferdig med badet, ta p\u00e5 deg det nye edelstensarmb\u00e5ndet og kjenn fordelene med de naturlige edelstenene.<\/span><\/p>\n<p><span style=\"color: rgb(75, 80, 88);\"><strong>Laget i Storbritannia &#8211; Badebombe vekt: 140 g<\/strong><\/span><\/p>\n","protected":false},"excerpt":{"rendered":"<p>Badebombe med gr\u00f8nne aventurin-edelstener &#8211; Sitron og Lime med havsalt Forvandle badetiden til en overd\u00e5dig spa-opplevelse med disse h\u00e5ndlagde badebombene som ikke bare gir n\u00e6ring til huden, men ogs\u00e5 skaper en avslappende og beroligende atmosf\u00e6re, slik at kunden din f\u00f8ler seg forfrisket og forynget. Men det beste av alt? Inne i hver badebombe finner du [&hellip;]<\/p>\n","protected":false},"featured_media":284758,"comment_status":"closed","ping_status":"open","template":"","meta":{"_angie_page":false},"product_brand":[],"product_cat":[25207,25562,9413,9418,9419,25221],"product_tag":[],"class_list":{"0":"post-206937","1":"product","2":"type-product","3":"status-publish","4":"has-post-thumbnail","6":"product_cat-armband","7":"product_cat-aventurin","8":"product_cat-bad-spa-og-personlig-pleie","9":"product_cat-badebomber","10":"product_cat-gavesett","11":"product_cat-krystaller-edelsteiner","12":"pa_collection-gemstone-bracelet-bath-bomb-no","13":"pa_made-in-storbritannia","15":"first","16":"instock","17":"purchasable","18":"product-type-simple"},"supplier_id":null,"supplier_sku":"GBBB-06","barcode":null,"atum_controlled":true,"out_stock_date":null,"out_stock_threshold":null,"inheritable":false,"inbound_stock":null,"stock_on_hold":0,"sold_today":0,"sales_last_days":0,"reserved_stock":null,"customer_returns":null,"warehouse_damage":null,"lost_in_post":null,"other_logs":null,"out_stock_days":0,"lost_sales":0,"has_location":null,"update_date":"2026-04-28T06:42:57","atum_locations":[],"atum_stock_status":"instock","restock_status":false,"low_stock_amount":"","sales_update_date":"2025-09-05T00:19:14","calc_backorders":null,"_links":{"self":[{"href":"https:\/\/aromasentia.com\/no\/wp-json\/wp\/v2\/product\/206937","targetHints":{"allow":["GET"]}}],"collection":[{"href":"https:\/\/aromasentia.com\/no\/wp-json\/wp\/v2\/product"}],"about":[{"href":"https:\/\/aromasentia.com\/no\/wp-json\/wp\/v2\/types\/product"}],"replies":[{"embeddable":true,"href":"https:\/\/aromasentia.com\/no\/wp-json\/wp\/v2\/comments?post=206937"}],"version-history":[{"count":0,"href":"https:\/\/aromasentia.com\/no\/wp-json\/wp\/v2\/product\/206937\/revisions"}],"wp:featuredmedia":[{"embeddable":true,"href":"https:\/\/aromasentia.com\/no\/wp-json\/wp\/v2\/media\/284758"}],"wp:attachment":[{"href":"https:\/\/aromasentia.com\/no\/wp-json\/wp\/v2\/media?parent=206937"}],"wp:term":[{"taxonomy":"product_brand","embeddable":true,"href":"https:\/\/aromasentia.com\/no\/wp-json\/wp\/v2\/product_brand?post=206937"},{"taxonomy":"product_cat","embeddable":true,"href":"https:\/\/aromasentia.com\/no\/wp-json\/wp\/v2\/product_cat?post=206937"},{"taxonomy":"product_tag","embeddable":true,"href":"https:\/\/aromasentia.com\/no\/wp-json\/wp\/v2\/product_tag?post=206937"}],"curies":[{"name":"wp","href":"https:\/\/api.w.org\/{rel}","templated":true}]}}