{"id":206935,"date":"2025-03-20T16:49:31","date_gmt":"2025-03-20T16:49:31","guid":{"rendered":"https:\/\/aromasentia.com\/product\/greenman-soap-100g-golden-argan\/"},"modified":"2025-05-31T03:29:24","modified_gmt":"2025-05-31T03:29:24","slug":"greenman-sape-100g-golden-argan","status":"publish","type":"product","link":"https:\/\/aromasentia.com\/no\/greenman-sape-100g-golden-argan\/","title":{"rendered":"Greenman S\u00e5pe 100G &#8211; Golden Argan"},"content":{"rendered":"<p>Golden Argan Greenman-s\u00e5pene er rene, naturlige og aromatiske, laget med botaniske ingredienser og essensielle oljer. Med argan og rosmarin, som har rensende, helbredende og beroligende egenskaper. Beskytter ogs\u00e5 huden og fremmer langvarig hudhelse og en naturlig gl\u00f8d.<\/p>\n<p>Inspirert av den gamle keltiske myten om Greenman: naturlig, jordaktig og livlig.<\/p>\n<p>Disse nesten mytiske s\u00e5pene bruker kun b\u00e6rekraftig palmeolje, eldgamle botaniske ingredienser og rene aromatiske oljer, og vil forvandle din daglige vask til et rensende ritual du kan nyte.<\/p>\n<p>* SLS- og parabenfri * H\u00e5ndlaget i England * Med aromatiske oljer og botaniske ingredienser * En s\u00e5pe for enhver mulighet *<\/p>\n","protected":false},"excerpt":{"rendered":"<p>Golden Argan Greenman-s\u00e5pene er rene, naturlige og aromatiske, laget med botaniske ingredienser og essensielle oljer. Med argan og rosmarin, som har rensende, helbredende og beroligende egenskaper. Beskytter ogs\u00e5 huden og fremmer langvarig hudhelse og en naturlig gl\u00f8d. Inspirert av den gamle keltiske myten om Greenman: naturlig, jordaktig og livlig. Disse nesten mytiske s\u00e5pene bruker kun [&hellip;]<\/p>\n","protected":false},"featured_media":286372,"comment_status":"closed","ping_status":"open","template":"","meta":{"_angie_page":false},"product_brand":[],"product_cat":[9413,9439],"product_tag":[],"class_list":{"0":"post-206935","1":"product","2":"type-product","3":"status-publish","4":"has-post-thumbnail","6":"product_cat-bad-spa-og-personlig-pleie","7":"product_cat-okologiske-saper","8":"pa_collection-greenman-soaps-no","9":"pa_made-in-storbritannia","10":"pa_size-100g","12":"first","13":"instock","14":"purchasable","15":"product-type-simple"},"supplier_id":null,"supplier_sku":"GMSoap-09","barcode":null,"atum_controlled":true,"out_stock_date":null,"out_stock_threshold":null,"inheritable":false,"inbound_stock":null,"stock_on_hold":0,"sold_today":0,"sales_last_days":0,"reserved_stock":null,"customer_returns":null,"warehouse_damage":null,"lost_in_post":null,"other_logs":null,"out_stock_days":0,"lost_sales":0,"has_location":null,"update_date":"2026-05-04T00:03:55","atum_locations":[],"atum_stock_status":"instock","restock_status":false,"low_stock_amount":"","sales_update_date":"2025-09-05T00:19:17","calc_backorders":null,"_links":{"self":[{"href":"https:\/\/aromasentia.com\/no\/wp-json\/wp\/v2\/product\/206935","targetHints":{"allow":["GET"]}}],"collection":[{"href":"https:\/\/aromasentia.com\/no\/wp-json\/wp\/v2\/product"}],"about":[{"href":"https:\/\/aromasentia.com\/no\/wp-json\/wp\/v2\/types\/product"}],"replies":[{"embeddable":true,"href":"https:\/\/aromasentia.com\/no\/wp-json\/wp\/v2\/comments?post=206935"}],"version-history":[{"count":0,"href":"https:\/\/aromasentia.com\/no\/wp-json\/wp\/v2\/product\/206935\/revisions"}],"wp:featuredmedia":[{"embeddable":true,"href":"https:\/\/aromasentia.com\/no\/wp-json\/wp\/v2\/media\/286372"}],"wp:attachment":[{"href":"https:\/\/aromasentia.com\/no\/wp-json\/wp\/v2\/media?parent=206935"}],"wp:term":[{"taxonomy":"product_brand","embeddable":true,"href":"https:\/\/aromasentia.com\/no\/wp-json\/wp\/v2\/product_brand?post=206935"},{"taxonomy":"product_cat","embeddable":true,"href":"https:\/\/aromasentia.com\/no\/wp-json\/wp\/v2\/product_cat?post=206935"},{"taxonomy":"product_tag","embeddable":true,"href":"https:\/\/aromasentia.com\/no\/wp-json\/wp\/v2\/product_tag?post=206935"}],"curies":[{"name":"wp","href":"https:\/\/api.w.org\/{rel}","templated":true}]}}