{"id":206932,"date":"2025-03-20T16:49:31","date_gmt":"2025-03-20T16:49:31","guid":{"rendered":"https:\/\/aromasentia.com\/product\/greenman-soap-100g-manly-man\/"},"modified":"2025-05-31T03:29:17","modified_gmt":"2025-05-31T03:29:17","slug":"greenman-sape-100g-manly-man","status":"publish","type":"product","link":"https:\/\/aromasentia.com\/no\/greenman-sape-100g-manly-man\/","title":{"rendered":"Greenman S\u00e5pe 100G &#8211; Manly Man"},"content":{"rendered":"<p>Manly Man Greenman-s\u00e5pene er rene, naturlige og aromatiske, laget med botaniske ingredienser og essensielle oljer. Krydret. Den dekadente, jordaktige blandingen av nellik og salvie gir denne s\u00e5pen en spesifikk krydret aroma.<\/p>\n<p>Inspirert av den gamle keltiske myten om Greenman: naturlig, jordaktig og livlig.<\/p>\n<p>Ved kun \u00e5 bruke b\u00e6rekraftig palmeolje, eldgamle botaniske ingredienser og rene aromatiske oljer, vil disse nesten mytiske s\u00e5pene forvandle din daglige vask til et rensende ritual som skal nytes.<\/p>\n<p>* SLS- og parabenfri * H\u00e5ndlaget i England * Med aromatiske oljer og botaniske ingredienser * En s\u00e5pe for enhver eventualitet *<\/p>\n","protected":false},"excerpt":{"rendered":"<p>Manly Man Greenman-s\u00e5pene er rene, naturlige og aromatiske, laget med botaniske ingredienser og essensielle oljer. Krydret. Den dekadente, jordaktige blandingen av nellik og salvie gir denne s\u00e5pen en spesifikk krydret aroma. Inspirert av den gamle keltiske myten om Greenman: naturlig, jordaktig og livlig. Ved kun \u00e5 bruke b\u00e6rekraftig palmeolje, eldgamle botaniske ingredienser og rene aromatiske [&hellip;]<\/p>\n","protected":false},"featured_media":286009,"comment_status":"closed","ping_status":"open","template":"","meta":{"_angie_page":false},"product_brand":[],"product_cat":[9413,9439],"product_tag":[],"class_list":{"0":"post-206932","1":"product","2":"type-product","3":"status-publish","4":"has-post-thumbnail","6":"product_cat-bad-spa-og-personlig-pleie","7":"product_cat-okologiske-saper","8":"pa_collection-greenman-soaps-no","9":"pa_made-in-storbritannia","10":"pa_size-100g","12":"first","13":"instock","14":"purchasable","15":"product-type-simple"},"supplier_id":null,"supplier_sku":"GMSoap-06","barcode":null,"atum_controlled":true,"out_stock_date":null,"out_stock_threshold":null,"inheritable":false,"inbound_stock":null,"stock_on_hold":0,"sold_today":0,"sales_last_days":0,"reserved_stock":null,"customer_returns":null,"warehouse_damage":null,"lost_in_post":null,"other_logs":null,"out_stock_days":0,"lost_sales":0,"has_location":null,"update_date":"2026-05-04T00:03:55","atum_locations":[],"atum_stock_status":"instock","restock_status":false,"low_stock_amount":"","sales_update_date":"2026-01-30T01:24:57","calc_backorders":null,"_links":{"self":[{"href":"https:\/\/aromasentia.com\/no\/wp-json\/wp\/v2\/product\/206932","targetHints":{"allow":["GET"]}}],"collection":[{"href":"https:\/\/aromasentia.com\/no\/wp-json\/wp\/v2\/product"}],"about":[{"href":"https:\/\/aromasentia.com\/no\/wp-json\/wp\/v2\/types\/product"}],"replies":[{"embeddable":true,"href":"https:\/\/aromasentia.com\/no\/wp-json\/wp\/v2\/comments?post=206932"}],"version-history":[{"count":0,"href":"https:\/\/aromasentia.com\/no\/wp-json\/wp\/v2\/product\/206932\/revisions"}],"wp:featuredmedia":[{"embeddable":true,"href":"https:\/\/aromasentia.com\/no\/wp-json\/wp\/v2\/media\/286009"}],"wp:attachment":[{"href":"https:\/\/aromasentia.com\/no\/wp-json\/wp\/v2\/media?parent=206932"}],"wp:term":[{"taxonomy":"product_brand","embeddable":true,"href":"https:\/\/aromasentia.com\/no\/wp-json\/wp\/v2\/product_brand?post=206932"},{"taxonomy":"product_cat","embeddable":true,"href":"https:\/\/aromasentia.com\/no\/wp-json\/wp\/v2\/product_cat?post=206932"},{"taxonomy":"product_tag","embeddable":true,"href":"https:\/\/aromasentia.com\/no\/wp-json\/wp\/v2\/product_tag?post=206932"}],"curies":[{"name":"wp","href":"https:\/\/api.w.org\/{rel}","templated":true}]}}