{"id":206924,"date":"2025-03-20T16:52:12","date_gmt":"2025-03-20T16:52:12","guid":{"rendered":"https:\/\/aromasentia.com\/product\/aniseed-halloween-bath-bomb\/"},"modified":"2025-05-31T03:28:48","modified_gmt":"2025-05-31T03:28:48","slug":"halloween-badebombe-med-anis","status":"publish","type":"product","link":"https:\/\/aromasentia.com\/no\/halloween-badebombe-med-anis\/","title":{"rendered":"Halloween Badebombe med Anis"},"content":{"rendered":"<h2><span style=\"color: rgb(251, 160, 38);\">Halloween-badebomber i l\u00f8ssalg<\/span><\/h2>\n<p><strong>Er du klar for Halloween? <\/strong><\/p>\n<p>Det blir du n\u00e5 &#8230; med v\u00e5re nye spesielle h\u00e5ndlagde Halloween-badebomber (begrenset antall). De er veldig s\u00f8te, med gresskardesign som ikke vil skremme de minste.<\/p>\n<p>Du kan krydre kundenes Halloween med disse fargesprakende badebombene. Halloween-badebomben vil v\u00e6re den perfekte gaven til Halloween-elskere eller bare en godbit til deg selv. Slipp en badebombe i varmt, rent vann og se den skumme og sprudle kraftig og frigj\u00f8re parfymen og fargene. &nbsp;<\/p>\n<p>Alle v\u00e5re badebomber er h\u00e5ndlaget i Storbritannia, de kan ha noen sprekker eller smuldre p\u00e5 grunn av deres fremstilling, men dette p\u00e5virker ikke bruken av dem.<\/p>\n<\/p>\n<ol>\n<li><strong>Hver enkelt badebombe veier hele 180 g og 200 g (ca.)<\/strong><\/li>\n<li><strong>Fargene kan variere mellom partiene<\/strong><\/li>\n<li><strong>H\u00e5ndlaget, vegansk<\/strong><\/li>\n<li><strong>Anisduft<\/strong><\/li>\n<\/ol>\n<\/ol>\n<p><strong>G\u00e5 ikke glipp av \u00e5 tilby kundene dine en luksuri\u00f8s og velgj\u00f8rende badeopplevelse.<\/strong><\/p>\n<p>Lager opp med v\u00e5re <a href=\"https:\/\/aromasentia.com\/wholesale-bath-bombs-uk\" rel=\"noopener noreferrer\" target=\"_blank\">badebomber for videresalg<\/a> av h\u00f8y kvalitet i dag, og se fortjenesten din skyte i v\u00e6ret.<strong>&nbsp;<br \/><\/strong><\/p>\n","protected":false},"excerpt":{"rendered":"<p>Halloween-badebomber i l\u00f8ssalg Er du klar for Halloween? Det blir du n\u00e5 &#8230; med v\u00e5re nye spesielle h\u00e5ndlagde Halloween-badebomber (begrenset antall). De er veldig s\u00f8te, med gresskardesign som ikke vil skremme de minste. Du kan krydre kundenes Halloween med disse fargesprakende badebombene. Halloween-badebomben vil v\u00e6re den perfekte gaven til Halloween-elskere eller bare en godbit til [&hellip;]<\/p>\n","protected":false},"featured_media":287780,"comment_status":"closed","ping_status":"open","template":"","meta":{"_angie_page":false},"product_brand":[],"product_cat":[9413,9418,25843,26890,26081],"product_tag":[],"class_list":{"0":"post-206924","1":"product","2":"type-product","3":"status-publish","4":"has-post-thumbnail","6":"product_cat-bad-spa-og-personlig-pleie","7":"product_cat-badebomber","8":"product_cat-dufter-aromaer","9":"product_cat-krydret","10":"product_cat-stjerneanis-kina-stjerneanis","11":"pa_collection-halloween-bath-bombs-180g-no","12":"pa_made-in-storbritannia","14":"first","15":"instock","16":"purchasable","17":"product-type-simple"},"supplier_id":null,"supplier_sku":"HBB-01","barcode":null,"atum_controlled":true,"out_stock_date":null,"out_stock_threshold":null,"inheritable":false,"inbound_stock":0,"stock_on_hold":0,"sold_today":0,"sales_last_days":0,"reserved_stock":0,"customer_returns":0,"warehouse_damage":0,"lost_in_post":0,"other_logs":0,"out_stock_days":0,"lost_sales":0,"has_location":false,"update_date":"2026-04-27T07:06:46","atum_locations":[],"atum_stock_status":"instock","restock_status":false,"low_stock_amount":"","sales_update_date":"2026-01-30T01:24:55","calc_backorders":null,"_links":{"self":[{"href":"https:\/\/aromasentia.com\/no\/wp-json\/wp\/v2\/product\/206924","targetHints":{"allow":["GET"]}}],"collection":[{"href":"https:\/\/aromasentia.com\/no\/wp-json\/wp\/v2\/product"}],"about":[{"href":"https:\/\/aromasentia.com\/no\/wp-json\/wp\/v2\/types\/product"}],"replies":[{"embeddable":true,"href":"https:\/\/aromasentia.com\/no\/wp-json\/wp\/v2\/comments?post=206924"}],"version-history":[{"count":0,"href":"https:\/\/aromasentia.com\/no\/wp-json\/wp\/v2\/product\/206924\/revisions"}],"wp:featuredmedia":[{"embeddable":true,"href":"https:\/\/aromasentia.com\/no\/wp-json\/wp\/v2\/media\/287780"}],"wp:attachment":[{"href":"https:\/\/aromasentia.com\/no\/wp-json\/wp\/v2\/media?parent=206924"}],"wp:term":[{"taxonomy":"product_brand","embeddable":true,"href":"https:\/\/aromasentia.com\/no\/wp-json\/wp\/v2\/product_brand?post=206924"},{"taxonomy":"product_cat","embeddable":true,"href":"https:\/\/aromasentia.com\/no\/wp-json\/wp\/v2\/product_cat?post=206924"},{"taxonomy":"product_tag","embeddable":true,"href":"https:\/\/aromasentia.com\/no\/wp-json\/wp\/v2\/product_tag?post=206924"}],"curies":[{"name":"wp","href":"https:\/\/api.w.org\/{rel}","templated":true}]}}