{"id":206923,"date":"2025-03-20T16:52:12","date_gmt":"2025-03-20T16:52:12","guid":{"rendered":"https:\/\/aromasentia.com\/product\/fennel-orange-halloween-bath-bomb\/"},"modified":"2025-05-31T03:28:45","modified_gmt":"2025-05-31T03:28:45","slug":"halloween-badebombe-med-fennikel-og-appelsin","status":"publish","type":"product","link":"https:\/\/aromasentia.com\/no\/halloween-badebombe-med-fennikel-og-appelsin\/","title":{"rendered":"Halloween Badebombe med Fennikel Og Appelsin"},"content":{"rendered":"<h2><span style=\"color: rgb(251, 160, 38);\">Halloween-badebomber i l\u00f8ssalg<\/span><\/h2>\n<p><strong>Er du klar for Halloween? <\/strong><\/p>\n<p>Det blir du n\u00e5 &#8230; med v\u00e5re nye spesielle h\u00e5ndlagde Halloween-badebomber (begrenset antall). De er veldig s\u00f8te, med gresskardesign som ikke vil skremme de minste.<\/p>\n<p>Du kan krydre kundenes Halloween med disse fargesprakende badebombene. Halloween-badebomben vil v\u00e6re den perfekte gaven til Halloween-elskere eller bare en godbit til deg selv. Slipp en badebombe i varmt, rent vann og se den skumme og sprudle kraftig og frigj\u00f8re parfymen og fargene. &nbsp;<\/p>\n<p>Alle v\u00e5re badebomber er h\u00e5ndlaget i Storbritannia, de kan ha noen sprekker eller smuldre p\u00e5 grunn av produksjonen, men dette p\u00e5virker ikke bruken av dem.&nbsp;<\/p>\n<ol>\n<li><strong>Hver enkelt badebombe veier hele 180 g og 200 g (ca.)<\/strong><\/li>\n<li><strong>Fargene kan variere fra parti til parti<\/strong><\/li>\n<\/li>\n<p><strong>H\u00e5ndlaget.li><strong>H\u00e5ndlaget, vegansk<\/strong><\/li>\n<li><strong>Fennikel- og appelsinduft<\/strong><\/li>\n<\/ol>\n<p>Leter du etter et perfekt tilskudd til dine bade- og kroppsprodukter denne Halloween? V\u00e5r 16x Fennel &amp; Orange Halloween Bath Bomb er det ideelle valget! Den har en uhyggelig og behagelig duft med et lekent design som vil imponere kundene dine.<\/p>\n<p><strong>Gj\u00f8r deg klar til \u00e5 tjene penger<\/strong> denne Halloween ved \u00e5 fylle p\u00e5 v\u00e5r <a href=\"https:\/\/aromasentia.com\/wholesale-badebomber-uk\" rel=\"noopener noreferrer\" target=\"_blank\">wholesale-badebomber for videresalg<\/a>. <strong>Bestill n\u00e5!<\/strong><strong>&nbsp;<br \/><\/strong><\/p>\n","protected":false},"excerpt":{"rendered":"<p>Halloween-badebomber i l\u00f8ssalg Er du klar for Halloween? Det blir du n\u00e5 &#8230; med v\u00e5re nye spesielle h\u00e5ndlagde Halloween-badebomber (begrenset antall). De er veldig s\u00f8te, med gresskardesign som ikke vil skremme de minste. Du kan krydre kundenes Halloween med disse fargesprakende badebombene. Halloween-badebomben vil v\u00e6re den perfekte gaven til Halloween-elskere eller bare en godbit til [&hellip;]<\/p>\n","protected":false},"featured_media":287763,"comment_status":"closed","ping_status":"open","template":"","meta":{"_angie_page":false},"product_brand":[],"product_cat":[26306,9413,9418,25843,26183,26820,26862],"product_tag":[],"class_list":{"0":"post-206923","1":"product","2":"type-product","3":"status-publish","4":"has-post-thumbnail","6":"product_cat-appelsin","7":"product_cat-bad-spa-og-personlig-pleie","8":"product_cat-badebomber","9":"product_cat-dufter-aromaer","10":"product_cat-fennikel","11":"product_cat-sitrus","12":"product_cat-urte-aromatisk","13":"pa_collection-halloween-bath-bombs-180g-no","14":"pa_made-in-storbritannia","16":"first","17":"instock","18":"purchasable","19":"product-type-simple"},"supplier_id":null,"supplier_sku":"HBB-02","barcode":null,"atum_controlled":true,"out_stock_date":null,"out_stock_threshold":null,"inheritable":false,"inbound_stock":null,"stock_on_hold":0,"sold_today":0,"sales_last_days":0,"reserved_stock":null,"customer_returns":null,"warehouse_damage":null,"lost_in_post":null,"other_logs":null,"out_stock_days":0,"lost_sales":0,"has_location":null,"update_date":"2026-05-08T05:10:48","atum_locations":[],"atum_stock_status":"instock","restock_status":false,"low_stock_amount":"","sales_update_date":"2026-01-30T01:25:40","calc_backorders":null,"_links":{"self":[{"href":"https:\/\/aromasentia.com\/no\/wp-json\/wp\/v2\/product\/206923","targetHints":{"allow":["GET"]}}],"collection":[{"href":"https:\/\/aromasentia.com\/no\/wp-json\/wp\/v2\/product"}],"about":[{"href":"https:\/\/aromasentia.com\/no\/wp-json\/wp\/v2\/types\/product"}],"replies":[{"embeddable":true,"href":"https:\/\/aromasentia.com\/no\/wp-json\/wp\/v2\/comments?post=206923"}],"version-history":[{"count":0,"href":"https:\/\/aromasentia.com\/no\/wp-json\/wp\/v2\/product\/206923\/revisions"}],"wp:featuredmedia":[{"embeddable":true,"href":"https:\/\/aromasentia.com\/no\/wp-json\/wp\/v2\/media\/287763"}],"wp:attachment":[{"href":"https:\/\/aromasentia.com\/no\/wp-json\/wp\/v2\/media?parent=206923"}],"wp:term":[{"taxonomy":"product_brand","embeddable":true,"href":"https:\/\/aromasentia.com\/no\/wp-json\/wp\/v2\/product_brand?post=206923"},{"taxonomy":"product_cat","embeddable":true,"href":"https:\/\/aromasentia.com\/no\/wp-json\/wp\/v2\/product_cat?post=206923"},{"taxonomy":"product_tag","embeddable":true,"href":"https:\/\/aromasentia.com\/no\/wp-json\/wp\/v2\/product_tag?post=206923"}],"curies":[{"name":"wp","href":"https:\/\/api.w.org\/{rel}","templated":true}]}}