{"id":206922,"date":"2025-03-20T16:52:12","date_gmt":"2025-03-20T16:52:12","guid":{"rendered":"https:\/\/aromasentia.com\/product\/coconut-lime-halloween-bath-bomb\/"},"modified":"2025-05-31T03:28:42","modified_gmt":"2025-05-31T03:28:42","slug":"halloween-badebombe-med-kokosnott-og-lime","status":"publish","type":"product","link":"https:\/\/aromasentia.com\/no\/halloween-badebombe-med-kokosnott-og-lime\/","title":{"rendered":"Halloween Badebombe med Kokosn\u00f8tt Og Lime"},"content":{"rendered":"<h1><span style=\"color: rgb(251, 160, 38);\">Grosshandel Coconut &amp; Lime Halloween Bath Bomb<\/span><\/h1>\n<p><strong>Er du klar for Halloween?<\/strong><\/p>\n<p>Det vil du v\u00e6re n\u00e5 &#8230; med v\u00e5re nye spesielle h\u00e5ndlagde Halloween-badebomber (begrenset antall). De er veldig s\u00f8te, med et design som ikke vil skremme de minste.<\/p>\n<p>Du kan krydre kundenes Halloween med disse fargesprakende badebombene. Halloween-badebomben vil v\u00e6re den perfekte gaven til Halloween-elskere eller bare en godbit til deg selv. Slipp en badebombe i varmt, rent vann og se den skumme og sprute kraftig og frigj\u00f8re parfymen og fargene. <\/p>\n<p>Alle v\u00e5re badebomber er h\u00e5ndlaget i Storbritannia, de kan ha noen sprekker eller smuldre p\u00e5 grunn av fremstillingen, men dette p\u00e5virker ikke bruken av dem.<\/p>\n<ol>\n<li><strong>Hver enkelt badebombe veier hele 180 g og 200 g (ca.)<\/strong><\/li>\n<li><strong>Fargene kan variere fra parti til parti<\/strong><\/li>\n<li><strong>H\u00e5ndlaget&nbsp;<\/strong><\/li>\n<li><strong>H\u00e5ndlaget&nbsp;<\/strong><\/li>\n<li><strong>Fargene kan variere fra parti til parti.<\/strong><\/li>\n<li>\n<li><strong>Kokosn\u00f8tt- og limeduft<\/strong><\/li>\n<\/ol>\n<p><strong><br \/><\/strong>&quot;Leter du etter et sp\u00f8kelsesaktig tilskudd til din <strong>bad- og kroppsproduktserie<\/strong> denne Halloween? Se ikke lenger enn v\u00e5r <strong>16x Coconut &amp; Lime Halloween Bath Bomb!<\/strong> Med sin deilige sp\u00f8kelsesduft og morsomme, festlige design, vil den garantert bli en hit hos kundene dine.<\/p>\n<p><strong>Bestill n\u00e5 for \u00e5 fylle opp lageret av&nbsp;<\/strong><a href=\"https:\/\/aromasentia.com\/wholesale-badebomber-uk\" rel=\"noopener noreferrer\" target=\"_blank\"><strong>wholesale-badebomber for videresalg<\/strong><\/a><strong>&nbsp;og gj\u00f8r deg klar til \u00e5 skremme opp litt fortjeneste denne Halloween!<\/strong> <\/strong>&nbsp;<br \/> <\/strong> <\/strong> <\/strong> <\/strong> <\/strong><\/p>\n","protected":false},"excerpt":{"rendered":"<p>Grosshandel Coconut &amp; Lime Halloween Bath Bomb Er du klar for Halloween? Det vil du v\u00e6re n\u00e5 &#8230; med v\u00e5re nye spesielle h\u00e5ndlagde Halloween-badebomber (begrenset antall). De er veldig s\u00f8te, med et design som ikke vil skremme de minste. Du kan krydre kundenes Halloween med disse fargesprakende badebombene. Halloween-badebomben vil v\u00e6re den perfekte gaven til [&hellip;]<\/p>\n","protected":false},"featured_media":287746,"comment_status":"closed","ping_status":"open","template":"","meta":{"_angie_page":false},"product_brand":[],"product_cat":[9413,9418,25843,26257,26820],"product_tag":[],"class_list":{"0":"post-206922","1":"product","2":"type-product","3":"status-publish","4":"has-post-thumbnail","6":"product_cat-bad-spa-og-personlig-pleie","7":"product_cat-badebomber","8":"product_cat-dufter-aromaer","9":"product_cat-lime","10":"product_cat-sitrus","11":"pa_collection-halloween-bath-bombs-180g-no","12":"pa_made-in-storbritannia","14":"first","15":"instock","16":"purchasable","17":"product-type-simple"},"supplier_id":null,"supplier_sku":"HBB-03","barcode":null,"atum_controlled":true,"out_stock_date":null,"out_stock_threshold":null,"inheritable":false,"inbound_stock":null,"stock_on_hold":0,"sold_today":0,"sales_last_days":0,"reserved_stock":null,"customer_returns":null,"warehouse_damage":null,"lost_in_post":null,"other_logs":null,"out_stock_days":0,"lost_sales":0,"has_location":null,"update_date":"2026-04-27T07:06:46","atum_locations":[],"atum_stock_status":"instock","restock_status":false,"low_stock_amount":"","sales_update_date":"2026-01-30T01:25:36","calc_backorders":null,"_links":{"self":[{"href":"https:\/\/aromasentia.com\/no\/wp-json\/wp\/v2\/product\/206922","targetHints":{"allow":["GET"]}}],"collection":[{"href":"https:\/\/aromasentia.com\/no\/wp-json\/wp\/v2\/product"}],"about":[{"href":"https:\/\/aromasentia.com\/no\/wp-json\/wp\/v2\/types\/product"}],"replies":[{"embeddable":true,"href":"https:\/\/aromasentia.com\/no\/wp-json\/wp\/v2\/comments?post=206922"}],"version-history":[{"count":0,"href":"https:\/\/aromasentia.com\/no\/wp-json\/wp\/v2\/product\/206922\/revisions"}],"wp:featuredmedia":[{"embeddable":true,"href":"https:\/\/aromasentia.com\/no\/wp-json\/wp\/v2\/media\/287746"}],"wp:attachment":[{"href":"https:\/\/aromasentia.com\/no\/wp-json\/wp\/v2\/media?parent=206922"}],"wp:term":[{"taxonomy":"product_brand","embeddable":true,"href":"https:\/\/aromasentia.com\/no\/wp-json\/wp\/v2\/product_brand?post=206922"},{"taxonomy":"product_cat","embeddable":true,"href":"https:\/\/aromasentia.com\/no\/wp-json\/wp\/v2\/product_cat?post=206922"},{"taxonomy":"product_tag","embeddable":true,"href":"https:\/\/aromasentia.com\/no\/wp-json\/wp\/v2\/product_tag?post=206922"}],"curies":[{"name":"wp","href":"https:\/\/api.w.org\/{rel}","templated":true}]}}