{"id":206920,"date":"2025-03-20T16:52:12","date_gmt":"2025-03-20T16:52:12","guid":{"rendered":"https:\/\/aromasentia.com\/product\/himalayan-bath-salt-blend-500g-clarity\/"},"modified":"2025-06-28T22:41:48","modified_gmt":"2025-06-28T22:41:48","slug":"clarity-himalaya-badesalt-500g","status":"publish","type":"product","link":"https:\/\/aromasentia.com\/no\/clarity-himalaya-badesalt-500g\/","title":{"rendered":"Clarity Himalaya Badesalt 500g"},"content":{"rendered":"<p><strong>Klarhet: Essensielle oljer av rosmarin og muskatellsalvie + olivenolje<\/strong><\/p>\n<p>Mineralrikt, rikt Himalayasalt tilsatt 100 % essensielle oljer, olivenolje og t\u00f8rkede rosmarinurter.<\/p>\n<p>De helbredende kreftene til saltbad verdsettes fortsatt i dag takket v\u00e6re veldokumenterte helsefordeler fra gamle grekere. Og n\u00e5r du velger et salt \u00e5 trekke i, regjerer den rene Himalaya-varianten!<\/p>\n<p>Fordi Himalayasalt er s\u00e5 rikt p\u00e5 mineraler &#8230; for \u00e5 v\u00e6re n\u00f8yaktig 84 mineraler &#8230; lindrer og reparerer det skadet hud og fremmer cellefornyelse ved \u00e5 trekke i saltvann. Og med den ekstra mengden olivenoljer, jojobaolje, nattlysolje og andre baseoljer, gir det n\u00e6ring og fuktighet til huden.<\/p>\n<p>Vi har imidlertid ikke stoppet der og tilsatt rikelig med rene essensielle oljer og t\u00f8rkede blomster for \u00e5 skape den ultimate aromaterapi-badeopplevelsen.<\/p>\n","protected":false},"excerpt":{"rendered":"<p>Klarhet: Essensielle oljer av rosmarin og muskatellsalvie + olivenolje Mineralrikt, rikt Himalayasalt tilsatt 100 % essensielle oljer, olivenolje og t\u00f8rkede rosmarinurter. De helbredende kreftene til saltbad verdsettes fortsatt i dag takket v\u00e6re veldokumenterte helsefordeler fra gamle grekere. Og n\u00e5r du velger et salt \u00e5 trekke i, regjerer den rene Himalaya-varianten! Fordi Himalayasalt er s\u00e5 rikt [&hellip;]<\/p>\n","protected":false},"featured_media":287696,"comment_status":"closed","ping_status":"open","template":"","meta":{"_angie_page":false},"product_brand":[],"product_cat":[9413,9466],"product_tag":[],"class_list":{"0":"post-206920","1":"product","2":"type-product","3":"status-publish","4":"has-post-thumbnail","6":"product_cat-bad-spa-og-personlig-pleie","7":"product_cat-badesalt","8":"pa_collection-himalayan-bath-salt-blends-500g-no","9":"pa_made-in-storbritannia","10":"pa_size-500g","12":"first","13":"instock","14":"purchasable","15":"product-type-simple"},"supplier_id":null,"supplier_sku":"HBathS-02","barcode":null,"atum_controlled":true,"out_stock_date":null,"out_stock_threshold":null,"inheritable":false,"inbound_stock":null,"stock_on_hold":0,"sold_today":0,"sales_last_days":0,"reserved_stock":null,"customer_returns":null,"warehouse_damage":null,"lost_in_post":null,"other_logs":null,"out_stock_days":0,"lost_sales":0,"has_location":null,"update_date":"2026-04-27T07:06:46","atum_locations":[],"atum_stock_status":"instock","restock_status":false,"low_stock_amount":"","sales_update_date":"2025-09-05T00:19:22","calc_backorders":null,"_links":{"self":[{"href":"https:\/\/aromasentia.com\/no\/wp-json\/wp\/v2\/product\/206920","targetHints":{"allow":["GET"]}}],"collection":[{"href":"https:\/\/aromasentia.com\/no\/wp-json\/wp\/v2\/product"}],"about":[{"href":"https:\/\/aromasentia.com\/no\/wp-json\/wp\/v2\/types\/product"}],"replies":[{"embeddable":true,"href":"https:\/\/aromasentia.com\/no\/wp-json\/wp\/v2\/comments?post=206920"}],"version-history":[{"count":0,"href":"https:\/\/aromasentia.com\/no\/wp-json\/wp\/v2\/product\/206920\/revisions"}],"wp:featuredmedia":[{"embeddable":true,"href":"https:\/\/aromasentia.com\/no\/wp-json\/wp\/v2\/media\/287696"}],"wp:attachment":[{"href":"https:\/\/aromasentia.com\/no\/wp-json\/wp\/v2\/media?parent=206920"}],"wp:term":[{"taxonomy":"product_brand","embeddable":true,"href":"https:\/\/aromasentia.com\/no\/wp-json\/wp\/v2\/product_brand?post=206920"},{"taxonomy":"product_cat","embeddable":true,"href":"https:\/\/aromasentia.com\/no\/wp-json\/wp\/v2\/product_cat?post=206920"},{"taxonomy":"product_tag","embeddable":true,"href":"https:\/\/aromasentia.com\/no\/wp-json\/wp\/v2\/product_tag?post=206920"}],"curies":[{"name":"wp","href":"https:\/\/api.w.org\/{rel}","templated":true}]}}