{"id":206914,"date":"2025-03-20T16:52:12","date_gmt":"2025-03-20T16:52:12","guid":{"rendered":"https:\/\/aromasentia.com\/product\/soap-flower-gift-bouquet-13-cream-roses-heart\/"},"modified":"2025-05-31T03:28:16","modified_gmt":"2025-05-31T03:28:16","slug":"sapeblomst-gavebukett-13-kremroser-hjerte","status":"publish","type":"product","link":"https:\/\/aromasentia.com\/no\/sapeblomst-gavebukett-13-kremroser-hjerte\/","title":{"rendered":"S\u00e5peblomst Gavebukett &#8211; 13 Kremroser &#8211; Hjerte"},"content":{"rendered":"<p><span style=\"color: rgb(75, 80, 88);\"><strong>S\u00e5peblomst gavebukett &#8211; 13 kremfargede roser &#8211; Hjerte ser nesten ut som ekte blomster. Det kan lett bli ditt bestselgende produkt hvis du selger baderomsgaver og tilbeh\u00f8r.<\/span><\/p>\n<p><span style=\"color: rgb(75, 80, 88);\">Det er en perfekt gave til enhver anledning, spesielt til Valentinsdag, morsdag eller som en bryllupsgave. Med en flaske god vin kan du feire et jubileum p\u00e5 den mest romantiske m\u00e5ten. F\u00e5 din bedre halvdel til \u00e5 f\u00f8le seg ekstraordin\u00e6r \ud83d\ude42 Alternativt kan denne buketten skape en hyggelig atmosf\u00e6re i hotellresepsjonen eller gangen.<\/span><\/p>\n<p><span style=\"color: rgb(75, 80, 88);\">Bare legg ett eller to roseblader i et varmt bad, slapp av og se blomstene l\u00f8se seg opp. Kundene dine vil nyte den lette duften og det fargerike vannet. &nbsp;<\/span><\/p>\n<p><span style=\"color: rgb(75, 80, 88);\">Vakkert arrangert og presentert i en fin gaveeske med et snev av luksus, vil den fange oppmerksomheten ved f\u00f8rste blikk.&nbsp;<\/span><\/p>\n<p><span style=\"color: rgb(75, 80, 88);\">Esken kan brukes om igjen, kundene dine kan lage en annen vakker gave eller bare gjemme sm\u00e5ting inni.<\/span><\/p>\n<p><span style=\"color: rgb(75, 80, 88);\"><strong>Legg til og bestill n\u00e5, disse vil garantert glede kundene dine.<\/strong><\/span><\/p>\n","protected":false},"excerpt":{"rendered":"<p>S\u00e5peblomst gavebukett &#8211; 13 kremfargede roser &#8211; Hjerte ser nesten ut som ekte blomster. Det kan lett bli ditt bestselgende produkt hvis du selger baderomsgaver og tilbeh\u00f8r. Det er en perfekt gave til enhver anledning, spesielt til Valentinsdag, morsdag eller som en bryllupsgave. Med en flaske god vin kan du feire et jubileum p\u00e5 den [&hellip;]<\/p>\n","protected":false},"featured_media":287442,"comment_status":"closed","ping_status":"open","template":"","meta":{"_angie_page":false},"product_brand":[],"product_cat":[9413,26834,25843,9439,26366],"product_tag":[],"class_list":{"0":"post-206914","1":"product","2":"type-product","3":"status-publish","4":"has-post-thumbnail","6":"product_cat-bad-spa-og-personlig-pleie","7":"product_cat-blomster","8":"product_cat-dufter-aromaer","9":"product_cat-okologiske-saper","10":"product_cat-rose","11":"pa_collection-gift-soap-flower-bouquet-no","12":"pa_made-in-kina","14":"first","15":"instock","16":"purchasable","17":"product-type-simple"},"supplier_id":null,"supplier_sku":"GSFB-08","barcode":null,"atum_controlled":true,"out_stock_date":null,"out_stock_threshold":null,"inheritable":false,"inbound_stock":null,"stock_on_hold":0,"sold_today":0,"sales_last_days":0,"reserved_stock":null,"customer_returns":null,"warehouse_damage":null,"lost_in_post":null,"other_logs":null,"out_stock_days":0,"lost_sales":0,"has_location":null,"update_date":"2026-05-04T00:03:55","atum_locations":[],"atum_stock_status":"instock","restock_status":false,"low_stock_amount":"","sales_update_date":"2025-09-05T00:19:20","calc_backorders":null,"_links":{"self":[{"href":"https:\/\/aromasentia.com\/no\/wp-json\/wp\/v2\/product\/206914","targetHints":{"allow":["GET"]}}],"collection":[{"href":"https:\/\/aromasentia.com\/no\/wp-json\/wp\/v2\/product"}],"about":[{"href":"https:\/\/aromasentia.com\/no\/wp-json\/wp\/v2\/types\/product"}],"replies":[{"embeddable":true,"href":"https:\/\/aromasentia.com\/no\/wp-json\/wp\/v2\/comments?post=206914"}],"version-history":[{"count":0,"href":"https:\/\/aromasentia.com\/no\/wp-json\/wp\/v2\/product\/206914\/revisions"}],"wp:featuredmedia":[{"embeddable":true,"href":"https:\/\/aromasentia.com\/no\/wp-json\/wp\/v2\/media\/287442"}],"wp:attachment":[{"href":"https:\/\/aromasentia.com\/no\/wp-json\/wp\/v2\/media?parent=206914"}],"wp:term":[{"taxonomy":"product_brand","embeddable":true,"href":"https:\/\/aromasentia.com\/no\/wp-json\/wp\/v2\/product_brand?post=206914"},{"taxonomy":"product_cat","embeddable":true,"href":"https:\/\/aromasentia.com\/no\/wp-json\/wp\/v2\/product_cat?post=206914"},{"taxonomy":"product_tag","embeddable":true,"href":"https:\/\/aromasentia.com\/no\/wp-json\/wp\/v2\/product_tag?post=206914"}],"curies":[{"name":"wp","href":"https:\/\/api.w.org\/{rel}","templated":true}]}}