{"id":206893,"date":"2025-03-20T16:56:09","date_gmt":"2025-03-20T16:56:09","guid":{"rendered":"https:\/\/aromasentia.com\/product\/love-heart-bath-bomb-70g-french-lavender\/"},"modified":"2025-05-31T03:26:51","modified_gmt":"2025-05-31T03:26:51","slug":"love-heart-badebombe-70-g-fransk-lavendel","status":"publish","type":"product","link":"https:\/\/aromasentia.com\/no\/love-heart-badebombe-70-g-fransk-lavendel\/","title":{"rendered":"Love Heart Badebombe 70 G &#8211; Fransk Lavendel"},"content":{"rendered":"<h2 style=\"text-align: justify;\"><span style=\"color: rgb(40, 50, 78);\">Grosshandel Kj\u00e6rlighetshjerte badebombe Lavendel<\/span><\/h2>\n<p style=\"text-align: justify;\"><span style=\"color: rgb(40, 50, 78);\"><strong>V\u00e5re Love Heart Bath Bombs<\/strong> er perfekte for deg som \u00f8nsker et beroligende og aromatisk bad. De l\u00f8ser seg sakte opp og frigj\u00f8r en velduftende blanding av eteriske oljer, lavendelblader og Epsom-salt som etterlater huden silkeglatt og fuktig.<\/span><\/p>\n<p style=\"text-align: justify;\"><span style=\"color: rgb(40, 50, 78);\">Disse badebombene er <strong>h\u00e5ndlaget med kun de fineste naturlige ingrediensene<\/strong>, noe som gj\u00f8r dem perfekte for et bredt spekter av kunder, inkludert <strong>spa<\/strong>, <strong>hoteller<\/strong> og <strong>detaljister<\/strong>. Hvert sett inneholder 16 badebomber, vakkert pakket og klare til \u00e5 selges i butikken din eller brukes i spa-behandlingene dine.<\/span><\/p>\n<p style=\"text-align: justify;\"><span style=\"color: rgb(40, 50, 78);\">G\u00e5 ikke glipp av denne muligheten til \u00e5 tilby kundene dine en luksuri\u00f8s og avslappende badeopplevelse med v\u00e5r <a href=\"https:\/\/aromasentia.com\/wholesale-badebomber-uk\" rel=\"noopener noreferrer\" target=\"_blank\">wholesale-badebomber<\/a>, inkludert 16x Love Heart Bath Bomb-settet.&nbsp;<\/span><\/p>\n<p style=\"text-align: justify;\"><span style=\"color: rgb(40, 50, 78);\"><strong>Bestill n\u00e5<\/strong> og opplev fordelene med disse beroligende og aromatiske badebombene og gi kundene dine en luksuri\u00f8s og beroligende badeopplevelse med v\u00e5r <a href=\"https:\/\/aromasentia.com\/heartb\" rel=\"noopener noreferrer\" target=\"_blank\">badebomber med fransk lavendel<\/a>.<\/span>&nbsp;<\/p>\n","protected":false},"excerpt":{"rendered":"<p>Grosshandel Kj\u00e6rlighetshjerte badebombe Lavendel V\u00e5re Love Heart Bath Bombs er perfekte for deg som \u00f8nsker et beroligende og aromatisk bad. De l\u00f8ser seg sakte opp og frigj\u00f8r en velduftende blanding av eteriske oljer, lavendelblader og Epsom-salt som etterlater huden silkeglatt og fuktig. Disse badebombene er h\u00e5ndlaget med kun de fineste naturlige ingrediensene, noe som gj\u00f8r [&hellip;]<\/p>\n","protected":false},"featured_media":288069,"comment_status":"closed","ping_status":"open","template":"","meta":{"_angie_page":false},"product_brand":[],"product_cat":[9413,9418,26834,25843,26232],"product_tag":[],"class_list":{"0":"post-206893","1":"product","2":"type-product","3":"status-publish","4":"has-post-thumbnail","6":"product_cat-bad-spa-og-personlig-pleie","7":"product_cat-badebomber","8":"product_cat-blomster","9":"product_cat-dufter-aromaer","10":"product_cat-lavendel","11":"pa_collection-love-heart-bath-bomb-70-g-no","12":"pa_made-in-storbritannia","13":"pa_size-70g","15":"first","16":"instock","17":"purchasable","18":"product-type-simple"},"supplier_id":null,"supplier_sku":"HeartB-04a","barcode":null,"atum_controlled":true,"out_stock_date":null,"out_stock_threshold":null,"inheritable":false,"inbound_stock":null,"stock_on_hold":0,"sold_today":0,"sales_last_days":0,"reserved_stock":null,"customer_returns":null,"warehouse_damage":null,"lost_in_post":null,"other_logs":null,"out_stock_days":0,"lost_sales":0,"has_location":null,"update_date":"2026-05-08T05:10:48","atum_locations":[],"atum_stock_status":"instock","restock_status":false,"low_stock_amount":"","sales_update_date":"2025-09-05T00:19:26","calc_backorders":null,"_links":{"self":[{"href":"https:\/\/aromasentia.com\/no\/wp-json\/wp\/v2\/product\/206893","targetHints":{"allow":["GET"]}}],"collection":[{"href":"https:\/\/aromasentia.com\/no\/wp-json\/wp\/v2\/product"}],"about":[{"href":"https:\/\/aromasentia.com\/no\/wp-json\/wp\/v2\/types\/product"}],"replies":[{"embeddable":true,"href":"https:\/\/aromasentia.com\/no\/wp-json\/wp\/v2\/comments?post=206893"}],"version-history":[{"count":0,"href":"https:\/\/aromasentia.com\/no\/wp-json\/wp\/v2\/product\/206893\/revisions"}],"wp:featuredmedia":[{"embeddable":true,"href":"https:\/\/aromasentia.com\/no\/wp-json\/wp\/v2\/media\/288069"}],"wp:attachment":[{"href":"https:\/\/aromasentia.com\/no\/wp-json\/wp\/v2\/media?parent=206893"}],"wp:term":[{"taxonomy":"product_brand","embeddable":true,"href":"https:\/\/aromasentia.com\/no\/wp-json\/wp\/v2\/product_brand?post=206893"},{"taxonomy":"product_cat","embeddable":true,"href":"https:\/\/aromasentia.com\/no\/wp-json\/wp\/v2\/product_cat?post=206893"},{"taxonomy":"product_tag","embeddable":true,"href":"https:\/\/aromasentia.com\/no\/wp-json\/wp\/v2\/product_tag?post=206893"}],"curies":[{"name":"wp","href":"https:\/\/api.w.org\/{rel}","templated":true}]}}