{"id":206871,"date":"2025-03-20T16:57:53","date_gmt":"2025-03-20T16:57:53","guid":{"rendered":"https:\/\/aromasentia.com\/product\/carved-mango-wood-cutter-for-soap-loaves\/"},"modified":"2025-05-31T03:25:35","modified_gmt":"2025-05-31T03:25:35","slug":"utskaret-utskjaerer-i-mangotre-til-sapestykke","status":"publish","type":"product","link":"https:\/\/aromasentia.com\/no\/utskaret-utskjaerer-i-mangotre-til-sapestykke\/","title":{"rendered":"Utsk\u00e5ret Utskj\u00e6rer I Mangotre Til S\u00e5pestykke"},"content":{"rendered":"<p><span style=\"color: rgb(75, 80, 88);\">Hvis du selger s\u00e5pebr\u00f8d eller andre uinnpakkede s\u00e5per, b\u00f8r du gj\u00f8re en profesjonell jobb med \u00e5 kutte og pakke dem inn p\u00e5 salgsstedet.<\/span><\/p>\n<p><span style=\"color: rgb(75, 80, 88);\">Til dette form\u00e5let leverer vi f\u00f8lgende, men du kan ogs\u00e5 vurdere v\u00e5re organzaposer eller polypropposer.<\/span><\/p>\n<p><span style=\"color: rgb(75, 80, 88);\">Du kan kutte s\u00e5pebr\u00f8dene med en kniv, men hvis du bruker en <strong>Aroma Sentia<\/strong> utsk\u00e5ret mangotreskj\u00e6rer til s\u00e5pebr\u00f8d, kan du oppn\u00e5 mer ensartede s\u00e5per, og det er raskere. V\u00e5r s\u00e5peskj\u00e6rer kutter omtrent 2 cm s\u00e5peskiver.<\/span><\/p>\n","protected":false},"excerpt":{"rendered":"<p>Hvis du selger s\u00e5pebr\u00f8d eller andre uinnpakkede s\u00e5per, b\u00f8r du gj\u00f8re en profesjonell jobb med \u00e5 kutte og pakke dem inn p\u00e5 salgsstedet. Til dette form\u00e5let leverer vi f\u00f8lgende, men du kan ogs\u00e5 vurdere v\u00e5re organzaposer eller polypropposer. Du kan kutte s\u00e5pebr\u00f8dene med en kniv, men hvis du bruker en Aroma Sentia utsk\u00e5ret mangotreskj\u00e6rer til [&hellip;]<\/p>\n","protected":false},"featured_media":288167,"comment_status":"closed","ping_status":"open","template":"","meta":{"_angie_page":false},"product_brand":[],"product_cat":[9413,9439],"product_tag":[],"class_list":{"0":"post-206871","1":"product","2":"type-product","3":"status-publish","4":"has-post-thumbnail","6":"product_cat-bad-spa-og-personlig-pleie","7":"product_cat-okologiske-saper","8":"pa_collection-soap-bathbomb-accessories-no","9":"pa_made-in-india","11":"first","12":"instock","13":"purchasable","14":"product-type-simple"},"supplier_id":null,"supplier_sku":"HMS-34M","barcode":null,"atum_controlled":true,"out_stock_date":null,"out_stock_threshold":null,"inheritable":false,"inbound_stock":0,"stock_on_hold":0,"sold_today":0,"sales_last_days":0,"reserved_stock":0,"customer_returns":0,"warehouse_damage":0,"lost_in_post":0,"other_logs":0,"out_stock_days":0,"lost_sales":0,"has_location":false,"update_date":"2026-04-27T07:07:34","atum_locations":[],"atum_stock_status":"instock","restock_status":false,"low_stock_amount":"","sales_update_date":"2026-01-30T01:24:29","calc_backorders":null,"_links":{"self":[{"href":"https:\/\/aromasentia.com\/no\/wp-json\/wp\/v2\/product\/206871","targetHints":{"allow":["GET"]}}],"collection":[{"href":"https:\/\/aromasentia.com\/no\/wp-json\/wp\/v2\/product"}],"about":[{"href":"https:\/\/aromasentia.com\/no\/wp-json\/wp\/v2\/types\/product"}],"replies":[{"embeddable":true,"href":"https:\/\/aromasentia.com\/no\/wp-json\/wp\/v2\/comments?post=206871"}],"version-history":[{"count":0,"href":"https:\/\/aromasentia.com\/no\/wp-json\/wp\/v2\/product\/206871\/revisions"}],"wp:featuredmedia":[{"embeddable":true,"href":"https:\/\/aromasentia.com\/no\/wp-json\/wp\/v2\/media\/288167"}],"wp:attachment":[{"href":"https:\/\/aromasentia.com\/no\/wp-json\/wp\/v2\/media?parent=206871"}],"wp:term":[{"taxonomy":"product_brand","embeddable":true,"href":"https:\/\/aromasentia.com\/no\/wp-json\/wp\/v2\/product_brand?post=206871"},{"taxonomy":"product_cat","embeddable":true,"href":"https:\/\/aromasentia.com\/no\/wp-json\/wp\/v2\/product_cat?post=206871"},{"taxonomy":"product_tag","embeddable":true,"href":"https:\/\/aromasentia.com\/no\/wp-json\/wp\/v2\/product_tag?post=206871"}],"curies":[{"name":"wp","href":"https:\/\/api.w.org\/{rel}","templated":true}]}}