{"id":206844,"date":"2025-03-20T17:20:26","date_gmt":"2025-03-20T17:20:26","guid":{"rendered":"https:\/\/aromasentia.com\/product\/handcrafted-soap-loaf-1-2kg-melon\/"},"modified":"2025-05-31T03:23:57","modified_gmt":"2025-05-31T03:23:57","slug":"handlaget-sapestykke-12-kg-melon","status":"publish","type":"product","link":"https:\/\/aromasentia.com\/no\/handlaget-sapestykke-12-kg-melon\/","title":{"rendered":"H\u00e5ndlaget S\u00e5pestykke 1,2 Kg &#8211; Melon"},"content":{"rendered":"<p>Nytt utvalg av <strong>Aroma Sentia ping h\u00e5ndlagde s\u00e5pe &#8211; Melon 1.2 kg<\/strong> er laget av ingredienser av h\u00f8yeste kvalitet ved hjelp av smelte-og-hell-metoden.<\/p>\n<p>Kundens hender, kropp og sjel vil f\u00f8les renset, n\u00e6ret og fuktet.<\/p>\n<p>Ofte er den travleste boden p\u00e5 h\u00e5ndverksmarkedet den som selger h\u00e5ndlagde s\u00e5per kuttet av br\u00f8det. Hemmeligheten ligger i utstillingen &#8230; v\u00e6r kreativ!<\/p>\n<p>En virkelig nydelig s\u00e5pe levert i 1,2 kg br\u00f8dform. Du kan f\u00e5 12 x 100 g (ca. vekt) biter fra hvert br\u00f8d.<\/p>\n<p>Fargen eller designet kan variere noe. Vi tilbyr ogs\u00e5 plastark, etiketter og s\u00e5peskj\u00e6rere, se nedenfor.<\/p>\n<p><strong>H\u00e5ndlagde s\u00e5per * Fantastiske dufter * Vakre farger<\/strong><\/p>\n","protected":false},"excerpt":{"rendered":"<p>Nytt utvalg av Aroma Sentia ping h\u00e5ndlagde s\u00e5pe &#8211; Melon 1.2 kg er laget av ingredienser av h\u00f8yeste kvalitet ved hjelp av smelte-og-hell-metoden. Kundens hender, kropp og sjel vil f\u00f8les renset, n\u00e6ret og fuktet. Ofte er den travleste boden p\u00e5 h\u00e5ndverksmarkedet den som selger h\u00e5ndlagde s\u00e5per kuttet av br\u00f8det. Hemmeligheten ligger i utstillingen &#8230; v\u00e6r [&hellip;]<\/p>\n","protected":false},"featured_media":289261,"comment_status":"closed","ping_status":"open","template":"","meta":{"_angie_page":false},"product_brand":[],"product_cat":[9413,25843,26848,26488,9439],"product_tag":[],"class_list":{"0":"post-206844","1":"product","2":"type-product","3":"status-publish","4":"has-post-thumbnail","6":"product_cat-bad-spa-og-personlig-pleie","7":"product_cat-dufter-aromaer","8":"product_cat-fruktig","9":"product_cat-melon","10":"product_cat-okologiske-saper","11":"pa_collection-handmade-soap-loaves-1-25kg-slices-no","12":"pa_made-in-tsjekkia","14":"first","15":"instock","16":"purchasable","17":"product-type-simple"},"supplier_id":null,"supplier_sku":"HSBS-02L","barcode":null,"atum_controlled":true,"out_stock_date":null,"out_stock_threshold":null,"inheritable":false,"inbound_stock":null,"stock_on_hold":0,"sold_today":0,"sales_last_days":0,"reserved_stock":null,"customer_returns":null,"warehouse_damage":null,"lost_in_post":null,"other_logs":null,"out_stock_days":0,"lost_sales":0,"has_location":null,"update_date":"2026-04-27T07:08:04","atum_locations":[],"atum_stock_status":"instock","restock_status":false,"low_stock_amount":"","sales_update_date":"2025-09-05T00:19:34","calc_backorders":null,"_links":{"self":[{"href":"https:\/\/aromasentia.com\/no\/wp-json\/wp\/v2\/product\/206844","targetHints":{"allow":["GET"]}}],"collection":[{"href":"https:\/\/aromasentia.com\/no\/wp-json\/wp\/v2\/product"}],"about":[{"href":"https:\/\/aromasentia.com\/no\/wp-json\/wp\/v2\/types\/product"}],"replies":[{"embeddable":true,"href":"https:\/\/aromasentia.com\/no\/wp-json\/wp\/v2\/comments?post=206844"}],"version-history":[{"count":0,"href":"https:\/\/aromasentia.com\/no\/wp-json\/wp\/v2\/product\/206844\/revisions"}],"wp:featuredmedia":[{"embeddable":true,"href":"https:\/\/aromasentia.com\/no\/wp-json\/wp\/v2\/media\/289261"}],"wp:attachment":[{"href":"https:\/\/aromasentia.com\/no\/wp-json\/wp\/v2\/media?parent=206844"}],"wp:term":[{"taxonomy":"product_brand","embeddable":true,"href":"https:\/\/aromasentia.com\/no\/wp-json\/wp\/v2\/product_brand?post=206844"},{"taxonomy":"product_cat","embeddable":true,"href":"https:\/\/aromasentia.com\/no\/wp-json\/wp\/v2\/product_cat?post=206844"},{"taxonomy":"product_tag","embeddable":true,"href":"https:\/\/aromasentia.com\/no\/wp-json\/wp\/v2\/product_tag?post=206844"}],"curies":[{"name":"wp","href":"https:\/\/api.w.org\/{rel}","templated":true}]}}