{"id":206819,"date":"2025-03-20T17:25:57","date_gmt":"2025-03-20T17:25:57","guid":{"rendered":"https:\/\/aromasentia.com\/product\/hanmade-soap-loaf-1-25kg-honey\/"},"modified":"2025-05-31T03:22:33","modified_gmt":"2025-05-31T03:22:33","slug":"handlaget-sapestykke-125-kg-honning","status":"publish","type":"product","link":"https:\/\/aromasentia.com\/no\/handlaget-sapestykke-125-kg-honning\/","title":{"rendered":"H\u00e5ndlaget S\u00e5pestykke 1,25 Kg &#8211; Honning"},"content":{"rendered":"<p>Utvalget av <strong>Aroma Sentia ping h\u00e5ndlagde s\u00e5pebr\u00f8d 1,25 kg &#8211; Honning<\/strong>vil friske deg opp og forbedre velv\u00e6ret ditt hver gang du bruker dem.<\/p>\n<p>Ofte er den travleste boden p\u00e5 h\u00e5ndverksmarkedet den som selger h\u00e5ndlagde s\u00e5per kuttet av br\u00f8det. Hemmeligheten ligger i utstillingen&#8230; v\u00e6r kreativ!<\/p>\n<p>Hvert s\u00e5pestykke er unikt og h\u00e5ndlaget, ettersom det er laget individuelt av latviske h\u00e5ndverkere.<\/p>\n<p><strong>Etter at originalemballasjen er fjernet fra dette produktet, er du i henhold til kosmetikkforskriftene p\u00e5lagt \u00e5 gi denne informasjonen til kundene dine.<\/strong> Fargen eller designet kan variere noe. Vi tilbyr ogs\u00e5 plastark, etiketter og s\u00e5peskj\u00e6rere.<\/p>\n","protected":false},"excerpt":{"rendered":"<p>Utvalget av Aroma Sentia ping h\u00e5ndlagde s\u00e5pebr\u00f8d 1,25 kg &#8211; Honningvil friske deg opp og forbedre velv\u00e6ret ditt hver gang du bruker dem. Ofte er den travleste boden p\u00e5 h\u00e5ndverksmarkedet den som selger h\u00e5ndlagde s\u00e5per kuttet av br\u00f8det. Hemmeligheten ligger i utstillingen&#8230; v\u00e6r kreativ! Hvert s\u00e5pestykke er unikt og h\u00e5ndlaget, ettersom det er laget individuelt [&hellip;]<\/p>\n","protected":false},"featured_media":289926,"comment_status":"closed","ping_status":"open","template":"","meta":{"_angie_page":false},"product_brand":[],"product_cat":[9413,9439],"product_tag":[],"class_list":{"0":"post-206819","1":"product","2":"type-product","3":"status-publish","4":"has-post-thumbnail","6":"product_cat-bad-spa-og-personlig-pleie","7":"product_cat-okologiske-saper","8":"pa_made-in-latvia","10":"first","11":"outofstock","12":"purchasable","13":"product-type-simple"},"supplier_id":null,"supplier_sku":"HSL-03","barcode":null,"atum_controlled":true,"out_stock_date":"2025-09-05 00:10:27","out_stock_threshold":null,"inheritable":false,"inbound_stock":null,"stock_on_hold":0,"sold_today":0,"sales_last_days":0,"reserved_stock":null,"customer_returns":null,"warehouse_damage":null,"lost_in_post":null,"other_logs":null,"out_stock_days":0,"lost_sales":0,"has_location":null,"update_date":"2026-04-27T07:08:12","atum_locations":[],"atum_stock_status":"outofstock","restock_status":false,"low_stock_amount":"","sales_update_date":"2025-09-02T00:09:34","calc_backorders":null,"_links":{"self":[{"href":"https:\/\/aromasentia.com\/no\/wp-json\/wp\/v2\/product\/206819","targetHints":{"allow":["GET"]}}],"collection":[{"href":"https:\/\/aromasentia.com\/no\/wp-json\/wp\/v2\/product"}],"about":[{"href":"https:\/\/aromasentia.com\/no\/wp-json\/wp\/v2\/types\/product"}],"replies":[{"embeddable":true,"href":"https:\/\/aromasentia.com\/no\/wp-json\/wp\/v2\/comments?post=206819"}],"version-history":[{"count":0,"href":"https:\/\/aromasentia.com\/no\/wp-json\/wp\/v2\/product\/206819\/revisions"}],"wp:featuredmedia":[{"embeddable":true,"href":"https:\/\/aromasentia.com\/no\/wp-json\/wp\/v2\/media\/289926"}],"wp:attachment":[{"href":"https:\/\/aromasentia.com\/no\/wp-json\/wp\/v2\/media?parent=206819"}],"wp:term":[{"taxonomy":"product_brand","embeddable":true,"href":"https:\/\/aromasentia.com\/no\/wp-json\/wp\/v2\/product_brand?post=206819"},{"taxonomy":"product_cat","embeddable":true,"href":"https:\/\/aromasentia.com\/no\/wp-json\/wp\/v2\/product_cat?post=206819"},{"taxonomy":"product_tag","embeddable":true,"href":"https:\/\/aromasentia.com\/no\/wp-json\/wp\/v2\/product_tag?post=206819"}],"curies":[{"name":"wp","href":"https:\/\/api.w.org\/{rel}","templated":true}]}}