{"id":206815,"date":"2025-03-20T17:26:06","date_gmt":"2025-03-20T17:26:06","guid":{"rendered":"https:\/\/aromasentia.com\/product\/handmade-soap-loaf-honey-slice-approx-100g\/"},"modified":"2025-05-31T03:22:20","modified_gmt":"2025-05-31T03:22:20","slug":"handlaget-sapestykke-honning-skive-ca-100g","status":"publish","type":"product","link":"https:\/\/aromasentia.com\/no\/handlaget-sapestykke-honning-skive-ca-100g\/","title":{"rendered":"H\u00e5ndlaget S\u00e5pestykke &#8211; Honning &#8211; Skive Ca. 100G"},"content":{"rendered":"<p>Gi huden din n\u00e6ring med den milde s\u00f8dmen i v\u00e5rt h\u00e5ndlagde s\u00e5pebr\u00f8d &#8211; Honey, som byr p\u00e5 behagelige skiver p\u00e5 ca. 100 g. Denne h\u00e5ndlagde s\u00e5pen inneholder de naturlige og beroligende egenskapene til honning, som er kjent for sine fuktighetsgivende og antibakterielle egenskaper. Hver h\u00e5ndsk\u00e5ret skive gir et mykt, kremet skum som sk\u00e5nsomt renser og pleier huden, og etterlater den med en rolig, hydrert og subtilt s\u00f8tlig f\u00f8lelse. Et fantastisk valg for alle hudtyper, spesielt sensitiv hud.<\/p>\n","protected":false},"excerpt":{"rendered":"<p>Gi huden din n\u00e6ring med den milde s\u00f8dmen i v\u00e5rt h\u00e5ndlagde s\u00e5pebr\u00f8d &#8211; Honey, som byr p\u00e5 behagelige skiver p\u00e5 ca. 100 g. Denne h\u00e5ndlagde s\u00e5pen inneholder de naturlige og beroligende egenskapene til honning, som er kjent for sine fuktighetsgivende og antibakterielle egenskaper. Hver h\u00e5ndsk\u00e5ret skive gir et mykt, kremet skum som sk\u00e5nsomt renser og [&hellip;]<\/p>\n","protected":false},"featured_media":289980,"comment_status":"closed","ping_status":"open","template":"","meta":{"_angie_page":false},"product_brand":[],"product_cat":[9413,9439],"product_tag":[],"class_list":{"0":"post-206815","1":"product","2":"type-product","3":"status-publish","4":"has-post-thumbnail","6":"product_cat-bad-spa-og-personlig-pleie","7":"product_cat-okologiske-saper","8":"pa_made-in-latvia","9":"pa_size-100g","11":"first","12":"outofstock","13":"purchasable","14":"product-type-simple"},"supplier_id":null,"supplier_sku":"DSHSL-03","barcode":null,"atum_controlled":true,"out_stock_date":"2025-09-04 22:31:24","out_stock_threshold":null,"inheritable":false,"inbound_stock":0,"stock_on_hold":0,"sold_today":0,"sales_last_days":0,"reserved_stock":0,"customer_returns":0,"warehouse_damage":0,"lost_in_post":0,"other_logs":0,"out_stock_days":34,"lost_sales":0,"has_location":false,"update_date":"2026-04-27T06:59:27","atum_locations":[],"atum_stock_status":"outofstock","restock_status":false,"low_stock_amount":"","sales_update_date":"2025-10-09T03:29:09","calc_backorders":null,"_links":{"self":[{"href":"https:\/\/aromasentia.com\/no\/wp-json\/wp\/v2\/product\/206815","targetHints":{"allow":["GET"]}}],"collection":[{"href":"https:\/\/aromasentia.com\/no\/wp-json\/wp\/v2\/product"}],"about":[{"href":"https:\/\/aromasentia.com\/no\/wp-json\/wp\/v2\/types\/product"}],"replies":[{"embeddable":true,"href":"https:\/\/aromasentia.com\/no\/wp-json\/wp\/v2\/comments?post=206815"}],"version-history":[{"count":0,"href":"https:\/\/aromasentia.com\/no\/wp-json\/wp\/v2\/product\/206815\/revisions"}],"wp:featuredmedia":[{"embeddable":true,"href":"https:\/\/aromasentia.com\/no\/wp-json\/wp\/v2\/media\/289980"}],"wp:attachment":[{"href":"https:\/\/aromasentia.com\/no\/wp-json\/wp\/v2\/media?parent=206815"}],"wp:term":[{"taxonomy":"product_brand","embeddable":true,"href":"https:\/\/aromasentia.com\/no\/wp-json\/wp\/v2\/product_brand?post=206815"},{"taxonomy":"product_cat","embeddable":true,"href":"https:\/\/aromasentia.com\/no\/wp-json\/wp\/v2\/product_cat?post=206815"},{"taxonomy":"product_tag","embeddable":true,"href":"https:\/\/aromasentia.com\/no\/wp-json\/wp\/v2\/product_tag?post=206815"}],"curies":[{"name":"wp","href":"https:\/\/api.w.org\/{rel}","templated":true}]}}