{"id":206814,"date":"2025-03-20T17:26:06","date_gmt":"2025-03-20T17:26:06","guid":{"rendered":"https:\/\/aromasentia.com\/product\/handmade-soap-loaf-smiling-orange-slice-approx-100g\/"},"modified":"2025-05-31T03:22:17","modified_gmt":"2025-05-31T03:22:17","slug":"handlaget-sapestykke-smilende-appelsin-skive-ca-100-g","status":"publish","type":"product","link":"https:\/\/aromasentia.com\/no\/handlaget-sapestykke-smilende-appelsin-skive-ca-100-g\/","title":{"rendered":"H\u00e5ndlaget S\u00e5pestykke &#8211; Smilende Appelsin &#8211; Skive Ca. 100 G"},"content":{"rendered":"<p>Gj\u00f8r dagen lysere med v\u00e5rt h\u00e5ndlagde s\u00e5pebr\u00f8d &#8211; Smiling Orange, som gir deg herlige skiver p\u00e5 ca. 100 g. Denne muntre h\u00e5ndverksmessige s\u00e5pen er fylt med den pikante, oppl\u00f8ftende duften av s\u00f8te, solmodne appelsiner. Hver h\u00e5ndsk\u00e5ret skive skaper et rikt, rensende skum som styrker sansene og etterlater huden myk, revitalisert og fantastisk velduftende med et utbrudd av ren sitrusglede. En perfekt m\u00e5te \u00e5 tilf\u00f8re litt solskinn til din daglige rutine.<\/p>\n","protected":false},"excerpt":{"rendered":"<p>Gj\u00f8r dagen lysere med v\u00e5rt h\u00e5ndlagde s\u00e5pebr\u00f8d &#8211; Smiling Orange, som gir deg herlige skiver p\u00e5 ca. 100 g. Denne muntre h\u00e5ndverksmessige s\u00e5pen er fylt med den pikante, oppl\u00f8ftende duften av s\u00f8te, solmodne appelsiner. Hver h\u00e5ndsk\u00e5ret skive skaper et rikt, rensende skum som styrker sansene og etterlater huden myk, revitalisert og fantastisk velduftende med et [&hellip;]<\/p>\n","protected":false},"featured_media":289971,"comment_status":"closed","ping_status":"open","template":"","meta":{"_angie_page":false},"product_brand":[],"product_cat":[26306,9413,25843,9439,26820],"product_tag":[],"class_list":{"0":"post-206814","1":"product","2":"type-product","3":"status-publish","4":"has-post-thumbnail","6":"product_cat-appelsin","7":"product_cat-bad-spa-og-personlig-pleie","8":"product_cat-dufter-aromaer","9":"product_cat-okologiske-saper","10":"product_cat-sitrus","11":"pa_made-in-latvia","12":"pa_size-100g","14":"first","15":"instock","16":"purchasable","17":"product-type-simple"},"supplier_id":null,"supplier_sku":"DSHSL-02","barcode":null,"atum_controlled":true,"out_stock_date":null,"out_stock_threshold":null,"inheritable":false,"inbound_stock":null,"stock_on_hold":0,"sold_today":0,"sales_last_days":0,"reserved_stock":null,"customer_returns":null,"warehouse_damage":null,"lost_in_post":null,"other_logs":null,"out_stock_days":0,"lost_sales":0,"has_location":null,"update_date":"2026-04-27T06:59:27","atum_locations":[],"atum_stock_status":"instock","restock_status":false,"low_stock_amount":"","sales_update_date":"2025-10-09T03:29:09","calc_backorders":null,"_links":{"self":[{"href":"https:\/\/aromasentia.com\/no\/wp-json\/wp\/v2\/product\/206814","targetHints":{"allow":["GET"]}}],"collection":[{"href":"https:\/\/aromasentia.com\/no\/wp-json\/wp\/v2\/product"}],"about":[{"href":"https:\/\/aromasentia.com\/no\/wp-json\/wp\/v2\/types\/product"}],"replies":[{"embeddable":true,"href":"https:\/\/aromasentia.com\/no\/wp-json\/wp\/v2\/comments?post=206814"}],"version-history":[{"count":0,"href":"https:\/\/aromasentia.com\/no\/wp-json\/wp\/v2\/product\/206814\/revisions"}],"wp:featuredmedia":[{"embeddable":true,"href":"https:\/\/aromasentia.com\/no\/wp-json\/wp\/v2\/media\/289971"}],"wp:attachment":[{"href":"https:\/\/aromasentia.com\/no\/wp-json\/wp\/v2\/media?parent=206814"}],"wp:term":[{"taxonomy":"product_brand","embeddable":true,"href":"https:\/\/aromasentia.com\/no\/wp-json\/wp\/v2\/product_brand?post=206814"},{"taxonomy":"product_cat","embeddable":true,"href":"https:\/\/aromasentia.com\/no\/wp-json\/wp\/v2\/product_cat?post=206814"},{"taxonomy":"product_tag","embeddable":true,"href":"https:\/\/aromasentia.com\/no\/wp-json\/wp\/v2\/product_tag?post=206814"}],"curies":[{"name":"wp","href":"https:\/\/api.w.org\/{rel}","templated":true}]}}