{"id":206810,"date":"2025-03-20T17:26:11","date_gmt":"2025-03-20T17:26:11","guid":{"rendered":"https:\/\/aromasentia.com\/product\/happy-scrub-soap-purple-grape\/"},"modified":"2025-05-31T03:22:01","modified_gmt":"2025-05-31T03:22:01","slug":"happy-scrub-sape-purple-grape","status":"publish","type":"product","link":"https:\/\/aromasentia.com\/no\/happy-scrub-sape-purple-grape\/","title":{"rendered":"Happy Scrub S\u00e5pe &#8211; Purple Grape"},"content":{"rendered":"<p>F\u00e5 str\u00e5lende hud med v\u00e5r Happy Scrub Soap &#8211; Purple Grape. Denne livlige eksfolierende s\u00e5pen har den s\u00f8te, saftige duften av modne lilla druer, kombinert med naturlige skrubbemidler som sk\u00e5nsomt polerer huden din. Den bidrar til \u00e5 fjerne sl\u00f8vhet og urenheter, og etterlater huden eksepsjonelt myk, glatt og revitalisert. Den liflige duften av druer gj\u00f8r renserutinen til en herlig og oppkvikkende opplevelse som gir deg en glad og sunn gl\u00f8d.<\/p>\n","protected":false},"excerpt":{"rendered":"<p>F\u00e5 str\u00e5lende hud med v\u00e5r Happy Scrub Soap &#8211; Purple Grape. Denne livlige eksfolierende s\u00e5pen har den s\u00f8te, saftige duften av modne lilla druer, kombinert med naturlige skrubbemidler som sk\u00e5nsomt polerer huden din. Den bidrar til \u00e5 fjerne sl\u00f8vhet og urenheter, og etterlater huden eksepsjonelt myk, glatt og revitalisert. Den liflige duften av druer gj\u00f8r [&hellip;]<\/p>\n","protected":false},"featured_media":290033,"comment_status":"closed","ping_status":"open","template":"","meta":{"_angie_page":false},"product_brand":[],"product_cat":[9413,9439],"product_tag":[],"class_list":{"0":"post-206810","1":"product","2":"type-product","3":"status-publish","4":"has-post-thumbnail","6":"product_cat-bad-spa-og-personlig-pleie","7":"product_cat-okologiske-saper","8":"pa_collection-happy-scrub-soap-no","9":"pa_made-in-storbritannia","11":"first","12":"instock","13":"purchasable","14":"product-type-simple"},"supplier_id":null,"supplier_sku":"HSS-07","barcode":null,"atum_controlled":true,"out_stock_date":null,"out_stock_threshold":null,"inheritable":false,"inbound_stock":null,"stock_on_hold":0,"sold_today":0,"sales_last_days":0,"reserved_stock":null,"customer_returns":null,"warehouse_damage":null,"lost_in_post":null,"other_logs":null,"out_stock_days":0,"lost_sales":0,"has_location":null,"update_date":"2026-05-04T00:03:56","atum_locations":[],"atum_stock_status":"instock","restock_status":false,"low_stock_amount":"","sales_update_date":"2026-02-06T00:02:51","calc_backorders":null,"_links":{"self":[{"href":"https:\/\/aromasentia.com\/no\/wp-json\/wp\/v2\/product\/206810","targetHints":{"allow":["GET"]}}],"collection":[{"href":"https:\/\/aromasentia.com\/no\/wp-json\/wp\/v2\/product"}],"about":[{"href":"https:\/\/aromasentia.com\/no\/wp-json\/wp\/v2\/types\/product"}],"replies":[{"embeddable":true,"href":"https:\/\/aromasentia.com\/no\/wp-json\/wp\/v2\/comments?post=206810"}],"version-history":[{"count":0,"href":"https:\/\/aromasentia.com\/no\/wp-json\/wp\/v2\/product\/206810\/revisions"}],"wp:featuredmedia":[{"embeddable":true,"href":"https:\/\/aromasentia.com\/no\/wp-json\/wp\/v2\/media\/290033"}],"wp:attachment":[{"href":"https:\/\/aromasentia.com\/no\/wp-json\/wp\/v2\/media?parent=206810"}],"wp:term":[{"taxonomy":"product_brand","embeddable":true,"href":"https:\/\/aromasentia.com\/no\/wp-json\/wp\/v2\/product_brand?post=206810"},{"taxonomy":"product_cat","embeddable":true,"href":"https:\/\/aromasentia.com\/no\/wp-json\/wp\/v2\/product_cat?post=206810"},{"taxonomy":"product_tag","embeddable":true,"href":"https:\/\/aromasentia.com\/no\/wp-json\/wp\/v2\/product_tag?post=206810"}],"curies":[{"name":"wp","href":"https:\/\/api.w.org\/{rel}","templated":true}]}}