{"id":206809,"date":"2025-03-20T17:26:11","date_gmt":"2025-03-20T17:26:11","guid":{"rendered":"https:\/\/aromasentia.com\/product\/happy-scrub-soap-coconut\/"},"modified":"2025-05-31T03:21:53","modified_gmt":"2025-05-31T03:21:53","slug":"happy-scrub-sape-kokosnott","status":"publish","type":"product","link":"https:\/\/aromasentia.com\/no\/happy-scrub-sape-kokosnott\/","title":{"rendered":"Happy Scrub S\u00e5pe &#8211; Kokosn\u00f8tt"},"content":{"rendered":"<p>Skrubb deg til en glatt hud med v\u00e5r Happy Scrub Soap &#8211; Coconut. Denne eksfolierende s\u00e5pestangen kombinerer effektive, naturlige skrubbepartikler med den kremete, eksotiske duften av fersk kokosn\u00f8tt. Den fjerner d\u00f8de hudceller og urenheter p\u00e5 en sk\u00e5nsom m\u00e5te, og avdekker en mykere, glattere og mer str\u00e5lende hud. Den tropiske kokosn\u00f8ttduften forvandler dusjen til en herlig ferie, og etterlater huden polert, hydrert og velduftende.<\/p>\n","protected":false},"excerpt":{"rendered":"<p>Skrubb deg til en glatt hud med v\u00e5r Happy Scrub Soap &#8211; Coconut. Denne eksfolierende s\u00e5pestangen kombinerer effektive, naturlige skrubbepartikler med den kremete, eksotiske duften av fersk kokosn\u00f8tt. Den fjerner d\u00f8de hudceller og urenheter p\u00e5 en sk\u00e5nsom m\u00e5te, og avdekker en mykere, glattere og mer str\u00e5lende hud. Den tropiske kokosn\u00f8ttduften forvandler dusjen til en herlig [&hellip;]<\/p>\n","protected":false},"featured_media":290016,"comment_status":"closed","ping_status":"open","template":"","meta":{"_angie_page":false},"product_brand":[],"product_cat":[9413,9439],"product_tag":[],"class_list":{"0":"post-206809","1":"product","2":"type-product","3":"status-publish","4":"has-post-thumbnail","6":"product_cat-bad-spa-og-personlig-pleie","7":"product_cat-okologiske-saper","8":"pa_collection-happy-scrub-soap-no","9":"pa_made-in-storbritannia","11":"first","12":"instock","13":"purchasable","14":"product-type-simple"},"supplier_id":null,"supplier_sku":"HSS-08","barcode":null,"atum_controlled":true,"out_stock_date":null,"out_stock_threshold":null,"inheritable":false,"inbound_stock":null,"stock_on_hold":0,"sold_today":0,"sales_last_days":0,"reserved_stock":null,"customer_returns":null,"warehouse_damage":null,"lost_in_post":null,"other_logs":null,"out_stock_days":0,"lost_sales":0,"has_location":null,"update_date":"2026-05-04T00:03:56","atum_locations":[],"atum_stock_status":"instock","restock_status":false,"low_stock_amount":"","sales_update_date":"2026-01-30T01:24:32","calc_backorders":null,"_links":{"self":[{"href":"https:\/\/aromasentia.com\/no\/wp-json\/wp\/v2\/product\/206809","targetHints":{"allow":["GET"]}}],"collection":[{"href":"https:\/\/aromasentia.com\/no\/wp-json\/wp\/v2\/product"}],"about":[{"href":"https:\/\/aromasentia.com\/no\/wp-json\/wp\/v2\/types\/product"}],"replies":[{"embeddable":true,"href":"https:\/\/aromasentia.com\/no\/wp-json\/wp\/v2\/comments?post=206809"}],"version-history":[{"count":0,"href":"https:\/\/aromasentia.com\/no\/wp-json\/wp\/v2\/product\/206809\/revisions"}],"wp:featuredmedia":[{"embeddable":true,"href":"https:\/\/aromasentia.com\/no\/wp-json\/wp\/v2\/media\/290016"}],"wp:attachment":[{"href":"https:\/\/aromasentia.com\/no\/wp-json\/wp\/v2\/media?parent=206809"}],"wp:term":[{"taxonomy":"product_brand","embeddable":true,"href":"https:\/\/aromasentia.com\/no\/wp-json\/wp\/v2\/product_brand?post=206809"},{"taxonomy":"product_cat","embeddable":true,"href":"https:\/\/aromasentia.com\/no\/wp-json\/wp\/v2\/product_cat?post=206809"},{"taxonomy":"product_tag","embeddable":true,"href":"https:\/\/aromasentia.com\/no\/wp-json\/wp\/v2\/product_tag?post=206809"}],"curies":[{"name":"wp","href":"https:\/\/api.w.org\/{rel}","templated":true}]}}