{"id":206807,"date":"2025-03-20T17:26:11","date_gmt":"2025-03-20T17:26:11","guid":{"rendered":"https:\/\/aromasentia.com\/product\/handmade-soap-loaf-pomegranate-slice-approx-100g\/"},"modified":"2025-05-31T03:21:41","modified_gmt":"2025-05-31T03:21:41","slug":"handlaget-sapestykke-granateple-skive-ca-100-g","status":"publish","type":"product","link":"https:\/\/aromasentia.com\/no\/handlaget-sapestykke-granateple-skive-ca-100-g\/","title":{"rendered":"H\u00e5ndlaget S\u00e5pestykke &#8211; Granateple &#8211; Skive Ca. 100 G"},"content":{"rendered":"<p>Opplev antioksidantrik rensing med v\u00e5rt h\u00e5ndlagde s\u00e5pebr\u00f8d &#8211; Pomegranate, med eksotiske skiver p\u00e5 ca. 100 g. Denne h\u00e5ndlagde s\u00e5pen er fylt med den syrlige, fruktige og litt s\u00f8te aromaen av levende granateple. Hver h\u00e5ndsk\u00e5ret skive gir et luksuri\u00f8st skum som renser sk\u00e5nsomt, mens den oppl\u00f8ftende duften gleder sansene. Denne s\u00e5pen med duft av granateple er kjent for sine velgj\u00f8rende egenskaper, og etterlater huden oppfrisket, myk og vakkert revitalisert med et snev av eksotisk tiltrekningskraft.<\/p>\n","protected":false},"excerpt":{"rendered":"<p>Opplev antioksidantrik rensing med v\u00e5rt h\u00e5ndlagde s\u00e5pebr\u00f8d &#8211; Pomegranate, med eksotiske skiver p\u00e5 ca. 100 g. Denne h\u00e5ndlagde s\u00e5pen er fylt med den syrlige, fruktige og litt s\u00f8te aromaen av levende granateple. Hver h\u00e5ndsk\u00e5ret skive gir et luksuri\u00f8st skum som renser sk\u00e5nsomt, mens den oppl\u00f8ftende duften gleder sansene. Denne s\u00e5pen med duft av granateple er [&hellip;]<\/p>\n","protected":false},"featured_media":289998,"comment_status":"closed","ping_status":"open","template":"","meta":{"_angie_page":false},"product_brand":[],"product_cat":[9413,25843,26848,26490,9439],"product_tag":[],"class_list":{"0":"post-206807","1":"product","2":"type-product","3":"status-publish","4":"has-post-thumbnail","6":"product_cat-bad-spa-og-personlig-pleie","7":"product_cat-dufter-aromaer","8":"product_cat-fruktig","9":"product_cat-granateple","10":"product_cat-okologiske-saper","11":"pa_made-in-latvia","12":"pa_size-100g","14":"first","15":"outofstock","16":"purchasable","17":"product-type-simple"},"supplier_id":null,"supplier_sku":"DSHSL-07","barcode":null,"atum_controlled":true,"out_stock_date":"2025-09-04 22:31:29","out_stock_threshold":null,"inheritable":false,"inbound_stock":null,"stock_on_hold":0,"sold_today":0,"sales_last_days":0,"reserved_stock":null,"customer_returns":null,"warehouse_damage":null,"lost_in_post":null,"other_logs":null,"out_stock_days":34,"lost_sales":0,"has_location":null,"update_date":"2026-04-27T06:59:27","atum_locations":[],"atum_stock_status":"outofstock","restock_status":false,"low_stock_amount":"","sales_update_date":"2025-10-09T03:29:09","calc_backorders":null,"_links":{"self":[{"href":"https:\/\/aromasentia.com\/no\/wp-json\/wp\/v2\/product\/206807","targetHints":{"allow":["GET"]}}],"collection":[{"href":"https:\/\/aromasentia.com\/no\/wp-json\/wp\/v2\/product"}],"about":[{"href":"https:\/\/aromasentia.com\/no\/wp-json\/wp\/v2\/types\/product"}],"replies":[{"embeddable":true,"href":"https:\/\/aromasentia.com\/no\/wp-json\/wp\/v2\/comments?post=206807"}],"version-history":[{"count":0,"href":"https:\/\/aromasentia.com\/no\/wp-json\/wp\/v2\/product\/206807\/revisions"}],"wp:featuredmedia":[{"embeddable":true,"href":"https:\/\/aromasentia.com\/no\/wp-json\/wp\/v2\/media\/289998"}],"wp:attachment":[{"href":"https:\/\/aromasentia.com\/no\/wp-json\/wp\/v2\/media?parent=206807"}],"wp:term":[{"taxonomy":"product_brand","embeddable":true,"href":"https:\/\/aromasentia.com\/no\/wp-json\/wp\/v2\/product_brand?post=206807"},{"taxonomy":"product_cat","embeddable":true,"href":"https:\/\/aromasentia.com\/no\/wp-json\/wp\/v2\/product_cat?post=206807"},{"taxonomy":"product_tag","embeddable":true,"href":"https:\/\/aromasentia.com\/no\/wp-json\/wp\/v2\/product_tag?post=206807"}],"curies":[{"name":"wp","href":"https:\/\/api.w.org\/{rel}","templated":true}]}}